{"id":4561,"date":"2025-12-04T09:31:19","date_gmt":"2025-12-04T14:31:19","guid":{"rendered":"https:\/\/lotostoreco.com\/?post_type=product&#038;p=4561"},"modified":"2025-12-04T09:31:19","modified_gmt":"2025-12-04T14:31:19","slug":"joystick-de-control-inalambrico-para-nintendo-switch-pro-pc","status":"publish","type":"product","link":"https:\/\/lotostoreco.com\/index.php\/producto\/joystick-de-control-inalambrico-para-nintendo-switch-pro-pc\/","title":{"rendered":"Joystick De Control Inal\u00e1mbrico Para Nintendo Switch Pro Pc"},"content":{"rendered":"<p>\u00a1Siente el control en tus manos!<br \/>\nJuega con total libertad con este Control Inal\u00e1mbrico Pro para Nintendo Switch. Su conexi\u00f3n Bluetooth estable, vibraci\u00f3n dual y modo Turbo te ofrecen una experiencia de juego fluida, precisa y sin retrasos.<br \/>\nCaracter\u00edsticas principales: Conectividad Bluetooth 5.0 sin cables ni interferencias. Compatible con Nintendo Switch, PC y Android. Funci\u00f3n Turbo y vibraci\u00f3n dual para mayor realismo. Bater\u00eda recargable de larga duraci\u00f3n. Dise\u00f1o ergon\u00f3mico y ligero, ideal para largas partidas.<br \/>\nIncluye: Control inal\u00e1mbrico Cable de carga y manual de usuario.<\/p>\n","protected":false},"excerpt":{"rendered":"<p data-start=\"652\" data-end=\"860\">Juega con total libertad gracias a este control inal\u00e1mbrico compatible con Nintendo Switch y PC. Su conexi\u00f3n Bluetooth es estable, tiene vibraci\u00f3n, giroscopio y un dise\u00f1o c\u00f3modo para sesiones largas de juego.<\/p>\n","protected":false},"featured_media":4569,"comment_status":"open","ping_status":"closed","template":"","meta":{"_kadence_starter_templates_imported_post":false,"_kad_post_transparent":"default","_kad_post_title":"","_kad_post_layout":"default","_kad_post_sidebar_id":"","_kad_post_content_style":"default","_kad_post_vertical_padding":"default","_kad_post_feature":"","_kad_post_feature_position":"","_kad_post_header":false,"_kad_post_footer":false,"_kad_post_classname":"","_joinchat":[]},"product_brand":[],"product_cat":[60,111],"product_tag":[375,369,358,370,367,372,371,368,374,373],"class_list":{"0":"post-4561","1":"product","2":"type-product","3":"status-publish","4":"has-post-thumbnail","6":"product_cat-jugueteria","7":"product_cat-toda-la-tienda","8":"product_tag-accesorio-videojuegos","9":"product_tag-control-inalambrico-pc","10":"product_tag-control-inalambrico-switch","11":"product_tag-gamepad-bluetooth","12":"product_tag-joystick-bluetooth-switch","13":"product_tag-joystick-vibracion","14":"product_tag-mando-con-giroscopio","15":"product_tag-mando-nintendo-switch-generico","16":"product_tag-mando-pro-alternativo","17":"product_tag-mando-recargable-switch","19":"first","20":"instock","21":"sale","22":"shipping-taxable","23":"purchasable","24":"product-type-simple","25":"entry","26":"content-bg","27":"loop-entry"},"yoast_head":"<!-- This site is optimized with the Yoast SEO plugin v27.4 - https:\/\/yoast.com\/product\/yoast-seo-wordpress\/ -->\n<title>Joystick De Control Inal\u00e1mbrico Para Nintendo Switch Pro Pc - Loto Store<\/title>\n<meta name=\"description\" content=\"Control inal\u00e1mbrico Bluetooth compatible con Nintendo Switch y PC \u2014 ergon\u00f3mico, con sensor de movimiento y vibraci\u00f3n, ideal para jugar c\u00f3modo\" \/>\n<meta name=\"robots\" content=\"index, follow, max-snippet:-1, max-image-preview:large, max-video-preview:-1\" \/>\n<link rel=\"canonical\" href=\"https:\/\/lotostoreco.com\/index.php\/producto\/joystick-de-control-inalambrico-para-nintendo-switch-pro-pc\/\" \/>\n<meta property=\"og:locale\" content=\"es_ES\" \/>\n<meta property=\"og:type\" content=\"article\" \/>\n<meta property=\"og:title\" content=\"Joystick De Control Inal\u00e1mbrico Para Nintendo Switch Pro Pc - Loto Store\" \/>\n<meta property=\"og:description\" content=\"Control inal\u00e1mbrico Bluetooth compatible con Nintendo Switch y PC \u2014 ergon\u00f3mico, con sensor de movimiento y vibraci\u00f3n, ideal para jugar c\u00f3modo\" \/>\n<meta property=\"og:url\" content=\"https:\/\/lotostoreco.com\/index.php\/producto\/joystick-de-control-inalambrico-para-nintendo-switch-pro-pc\/\" \/>\n<meta property=\"og:site_name\" content=\"Loto Store\" \/>\n<meta property=\"og:image\" content=\"https:\/\/lotostoreco.com\/wp-content\/uploads\/2025\/12\/Captura-de-pantalla-2025-12-04-091350.png\" \/>\n\t<meta property=\"og:image:width\" content=\"613\" \/>\n\t<meta property=\"og:image:height\" content=\"624\" \/>\n\t<meta property=\"og:image:type\" content=\"image\/png\" \/>\n<meta name=\"twitter:card\" content=\"summary_large_image\" \/>\n<meta name=\"twitter:label1\" content=\"Tiempo de lectura\" \/>\n\t<meta name=\"twitter:data1\" content=\"1 minuto\" \/>\n<script type=\"application\/ld+json\" class=\"yoast-schema-graph\">{\"@context\":\"https:\\\/\\\/schema.org\",\"@graph\":[{\"@type\":\"WebPage\",\"@id\":\"https:\\\/\\\/lotostoreco.com\\\/index.php\\\/producto\\\/joystick-de-control-inalambrico-para-nintendo-switch-pro-pc\\\/\",\"url\":\"https:\\\/\\\/lotostoreco.com\\\/index.php\\\/producto\\\/joystick-de-control-inalambrico-para-nintendo-switch-pro-pc\\\/\",\"name\":\"Joystick De Control Inal\u00e1mbrico Para Nintendo Switch Pro Pc - Loto Store\",\"isPartOf\":{\"@id\":\"https:\\\/\\\/lotostoreco.com\\\/#website\"},\"primaryImageOfPage\":{\"@id\":\"https:\\\/\\\/lotostoreco.com\\\/index.php\\\/producto\\\/joystick-de-control-inalambrico-para-nintendo-switch-pro-pc\\\/#primaryimage\"},\"image\":{\"@id\":\"https:\\\/\\\/lotostoreco.com\\\/index.php\\\/producto\\\/joystick-de-control-inalambrico-para-nintendo-switch-pro-pc\\\/#primaryimage\"},\"thumbnailUrl\":\"https:\\\/\\\/lotostoreco.com\\\/wp-content\\\/uploads\\\/2025\\\/12\\\/Captura-de-pantalla-2025-12-04-091350.png\",\"datePublished\":\"2025-12-04T14:31:19+00:00\",\"description\":\"Control inal\u00e1mbrico Bluetooth compatible con Nintendo Switch y PC \u2014 ergon\u00f3mico, con sensor de movimiento y vibraci\u00f3n, ideal para jugar c\u00f3modo\",\"breadcrumb\":{\"@id\":\"https:\\\/\\\/lotostoreco.com\\\/index.php\\\/producto\\\/joystick-de-control-inalambrico-para-nintendo-switch-pro-pc\\\/#breadcrumb\"},\"inLanguage\":\"es-CO\",\"potentialAction\":[{\"@type\":\"ReadAction\",\"target\":[\"https:\\\/\\\/lotostoreco.com\\\/index.php\\\/producto\\\/joystick-de-control-inalambrico-para-nintendo-switch-pro-pc\\\/\"]}]},{\"@type\":\"ImageObject\",\"inLanguage\":\"es-CO\",\"@id\":\"https:\\\/\\\/lotostoreco.com\\\/index.php\\\/producto\\\/joystick-de-control-inalambrico-para-nintendo-switch-pro-pc\\\/#primaryimage\",\"url\":\"https:\\\/\\\/lotostoreco.com\\\/wp-content\\\/uploads\\\/2025\\\/12\\\/Captura-de-pantalla-2025-12-04-091350.png\",\"contentUrl\":\"https:\\\/\\\/lotostoreco.com\\\/wp-content\\\/uploads\\\/2025\\\/12\\\/Captura-de-pantalla-2025-12-04-091350.png\",\"width\":613,\"height\":624},{\"@type\":\"BreadcrumbList\",\"@id\":\"https:\\\/\\\/lotostoreco.com\\\/index.php\\\/producto\\\/joystick-de-control-inalambrico-para-nintendo-switch-pro-pc\\\/#breadcrumb\",\"itemListElement\":[{\"@type\":\"ListItem\",\"position\":1,\"name\":\"Inicio\",\"item\":\"https:\\\/\\\/lotostoreco.com\\\/\"},{\"@type\":\"ListItem\",\"position\":2,\"name\":\"Tienda\",\"item\":\"https:\\\/\\\/lotostoreco.com\\\/index.php\\\/shop\\\/\"},{\"@type\":\"ListItem\",\"position\":3,\"name\":\"Joystick De Control Inal\u00e1mbrico Para Nintendo Switch Pro Pc\"}]},{\"@type\":\"WebSite\",\"@id\":\"https:\\\/\\\/lotostoreco.com\\\/#website\",\"url\":\"https:\\\/\\\/lotostoreco.com\\\/\",\"name\":\"Loto Store\",\"description\":\"Todo lo que te gusta a un solo click\",\"publisher\":{\"@id\":\"https:\\\/\\\/lotostoreco.com\\\/#organization\"},\"potentialAction\":[{\"@type\":\"SearchAction\",\"target\":{\"@type\":\"EntryPoint\",\"urlTemplate\":\"https:\\\/\\\/lotostoreco.com\\\/?s={search_term_string}\"},\"query-input\":{\"@type\":\"PropertyValueSpecification\",\"valueRequired\":true,\"valueName\":\"search_term_string\"}}],\"inLanguage\":\"es-CO\"},{\"@type\":\"Organization\",\"@id\":\"https:\\\/\\\/lotostoreco.com\\\/#organization\",\"name\":\"Loto Store\",\"url\":\"https:\\\/\\\/lotostoreco.com\\\/\",\"logo\":{\"@type\":\"ImageObject\",\"inLanguage\":\"es-CO\",\"@id\":\"https:\\\/\\\/lotostoreco.com\\\/#\\\/schema\\\/logo\\\/image\\\/\",\"url\":\"https:\\\/\\\/lotostoreco.com\\\/wp-content\\\/uploads\\\/2023\\\/10\\\/Logo-sin-fondo.png\",\"contentUrl\":\"https:\\\/\\\/lotostoreco.com\\\/wp-content\\\/uploads\\\/2023\\\/10\\\/Logo-sin-fondo.png\",\"width\":500,\"height\":500,\"caption\":\"Loto Store\"},\"image\":{\"@id\":\"https:\\\/\\\/lotostoreco.com\\\/#\\\/schema\\\/logo\\\/image\\\/\"}}]}<\/script>\n<!-- \/ Yoast SEO plugin. -->","yoast_head_json":{"title":"Joystick De Control Inal\u00e1mbrico Para Nintendo Switch Pro Pc - Loto Store","description":"Control inal\u00e1mbrico Bluetooth compatible con Nintendo Switch y PC \u2014 ergon\u00f3mico, con sensor de movimiento y vibraci\u00f3n, ideal para jugar c\u00f3modo","robots":{"index":"index","follow":"follow","max-snippet":"max-snippet:-1","max-image-preview":"max-image-preview:large","max-video-preview":"max-video-preview:-1"},"canonical":"https:\/\/lotostoreco.com\/index.php\/producto\/joystick-de-control-inalambrico-para-nintendo-switch-pro-pc\/","og_locale":"es_ES","og_type":"article","og_title":"Joystick De Control Inal\u00e1mbrico Para Nintendo Switch Pro Pc - Loto Store","og_description":"Control inal\u00e1mbrico Bluetooth compatible con Nintendo Switch y PC \u2014 ergon\u00f3mico, con sensor de movimiento y vibraci\u00f3n, ideal para jugar c\u00f3modo","og_url":"https:\/\/lotostoreco.com\/index.php\/producto\/joystick-de-control-inalambrico-para-nintendo-switch-pro-pc\/","og_site_name":"Loto Store","og_image":[{"width":613,"height":624,"url":"https:\/\/lotostoreco.com\/wp-content\/uploads\/2025\/12\/Captura-de-pantalla-2025-12-04-091350.png","type":"image\/png"}],"twitter_card":"summary_large_image","twitter_misc":{"Tiempo de lectura":"1 minuto"},"schema":{"@context":"https:\/\/schema.org","@graph":[{"@type":"WebPage","@id":"https:\/\/lotostoreco.com\/index.php\/producto\/joystick-de-control-inalambrico-para-nintendo-switch-pro-pc\/","url":"https:\/\/lotostoreco.com\/index.php\/producto\/joystick-de-control-inalambrico-para-nintendo-switch-pro-pc\/","name":"Joystick De Control Inal\u00e1mbrico Para Nintendo Switch Pro Pc - Loto Store","isPartOf":{"@id":"https:\/\/lotostoreco.com\/#website"},"primaryImageOfPage":{"@id":"https:\/\/lotostoreco.com\/index.php\/producto\/joystick-de-control-inalambrico-para-nintendo-switch-pro-pc\/#primaryimage"},"image":{"@id":"https:\/\/lotostoreco.com\/index.php\/producto\/joystick-de-control-inalambrico-para-nintendo-switch-pro-pc\/#primaryimage"},"thumbnailUrl":"https:\/\/lotostoreco.com\/wp-content\/uploads\/2025\/12\/Captura-de-pantalla-2025-12-04-091350.png","datePublished":"2025-12-04T14:31:19+00:00","description":"Control inal\u00e1mbrico Bluetooth compatible con Nintendo Switch y PC \u2014 ergon\u00f3mico, con sensor de movimiento y vibraci\u00f3n, ideal para jugar c\u00f3modo","breadcrumb":{"@id":"https:\/\/lotostoreco.com\/index.php\/producto\/joystick-de-control-inalambrico-para-nintendo-switch-pro-pc\/#breadcrumb"},"inLanguage":"es-CO","potentialAction":[{"@type":"ReadAction","target":["https:\/\/lotostoreco.com\/index.php\/producto\/joystick-de-control-inalambrico-para-nintendo-switch-pro-pc\/"]}]},{"@type":"ImageObject","inLanguage":"es-CO","@id":"https:\/\/lotostoreco.com\/index.php\/producto\/joystick-de-control-inalambrico-para-nintendo-switch-pro-pc\/#primaryimage","url":"https:\/\/lotostoreco.com\/wp-content\/uploads\/2025\/12\/Captura-de-pantalla-2025-12-04-091350.png","contentUrl":"https:\/\/lotostoreco.com\/wp-content\/uploads\/2025\/12\/Captura-de-pantalla-2025-12-04-091350.png","width":613,"height":624},{"@type":"BreadcrumbList","@id":"https:\/\/lotostoreco.com\/index.php\/producto\/joystick-de-control-inalambrico-para-nintendo-switch-pro-pc\/#breadcrumb","itemListElement":[{"@type":"ListItem","position":1,"name":"Inicio","item":"https:\/\/lotostoreco.com\/"},{"@type":"ListItem","position":2,"name":"Tienda","item":"https:\/\/lotostoreco.com\/index.php\/shop\/"},{"@type":"ListItem","position":3,"name":"Joystick De Control Inal\u00e1mbrico Para Nintendo Switch Pro Pc"}]},{"@type":"WebSite","@id":"https:\/\/lotostoreco.com\/#website","url":"https:\/\/lotostoreco.com\/","name":"Loto Store","description":"Todo lo que te gusta a un solo click","publisher":{"@id":"https:\/\/lotostoreco.com\/#organization"},"potentialAction":[{"@type":"SearchAction","target":{"@type":"EntryPoint","urlTemplate":"https:\/\/lotostoreco.com\/?s={search_term_string}"},"query-input":{"@type":"PropertyValueSpecification","valueRequired":true,"valueName":"search_term_string"}}],"inLanguage":"es-CO"},{"@type":"Organization","@id":"https:\/\/lotostoreco.com\/#organization","name":"Loto Store","url":"https:\/\/lotostoreco.com\/","logo":{"@type":"ImageObject","inLanguage":"es-CO","@id":"https:\/\/lotostoreco.com\/#\/schema\/logo\/image\/","url":"https:\/\/lotostoreco.com\/wp-content\/uploads\/2023\/10\/Logo-sin-fondo.png","contentUrl":"https:\/\/lotostoreco.com\/wp-content\/uploads\/2023\/10\/Logo-sin-fondo.png","width":500,"height":500,"caption":"Loto Store"},"image":{"@id":"https:\/\/lotostoreco.com\/#\/schema\/logo\/image\/"}}]}},"jetpack_sharing_enabled":true,"_links":{"self":[{"href":"https:\/\/lotostoreco.com\/index.php\/wp-json\/wp\/v2\/product\/4561","targetHints":{"allow":["GET"]}}],"collection":[{"href":"https:\/\/lotostoreco.com\/index.php\/wp-json\/wp\/v2\/product"}],"about":[{"href":"https:\/\/lotostoreco.com\/index.php\/wp-json\/wp\/v2\/types\/product"}],"replies":[{"embeddable":true,"href":"https:\/\/lotostoreco.com\/index.php\/wp-json\/wp\/v2\/comments?post=4561"}],"version-history":[{"count":1,"href":"https:\/\/lotostoreco.com\/index.php\/wp-json\/wp\/v2\/product\/4561\/revisions"}],"predecessor-version":[{"id":4570,"href":"https:\/\/lotostoreco.com\/index.php\/wp-json\/wp\/v2\/product\/4561\/revisions\/4570"}],"wp:featuredmedia":[{"embeddable":true,"href":"https:\/\/lotostoreco.com\/index.php\/wp-json\/wp\/v2\/media\/4569"}],"wp:attachment":[{"href":"https:\/\/lotostoreco.com\/index.php\/wp-json\/wp\/v2\/media?parent=4561"}],"wp:term":[{"taxonomy":"product_brand","embeddable":true,"href":"https:\/\/lotostoreco.com\/index.php\/wp-json\/wp\/v2\/product_brand?post=4561"},{"taxonomy":"product_cat","embeddable":true,"href":"https:\/\/lotostoreco.com\/index.php\/wp-json\/wp\/v2\/product_cat?post=4561"},{"taxonomy":"product_tag","embeddable":true,"href":"https:\/\/lotostoreco.com\/index.php\/wp-json\/wp\/v2\/product_tag?post=4561"}],"curies":[{"name":"wp","href":"https:\/\/api.w.org\/{rel}","templated":true}]}}