{"id":4489,"date":"2025-11-28T12:23:04","date_gmt":"2025-11-28T17:23:04","guid":{"rendered":"https:\/\/lotostoreco.com\/?post_type=product&#038;p=4489"},"modified":"2025-11-28T12:23:04","modified_gmt":"2025-11-28T17:23:04","slug":"set-cepillos-de-limpieza-frascos-mango-dosificador-v-coool","status":"publish","type":"product","link":"https:\/\/lotostoreco.com\/index.php\/producto\/set-cepillos-de-limpieza-frascos-mango-dosificador-v-coool\/","title":{"rendered":"Set Cepillos De Limpieza Frascos Mango Dosificador V-coool"},"content":{"rendered":"<p>Desp\u00eddete del esfuerzo y del tiempo perdido. Con este cepillo de silicona 4 en 1 con mango dosificador de jab\u00f3n, limpiar biberones y frascos es f\u00e1cil, r\u00e1pido y seguro.<\/p>\n<p>Solo presiona y las burbujas har\u00e1n el trabajo por ti, manteniendo todo impecable para el cuidado de tu beb\u00e9.<\/p>\n<p>Caracter\u00edsticas principales:<\/p>\n<p>Cepillo grande para frascos y biberones con mango dosificador de jab\u00f3n: presiona y libera burbujas para una limpieza profunda.<\/p>\n<p>Cepillo especial para chupos, dise\u00f1ado para llegar a espacios peque\u00f1os y delicados.<\/p>\n<p>Cepillo para pitillos y boquillas, ideal para una higiene completa en cada accesorio.<\/p>\n<p>Dispensador integrado de 50 ml, pr\u00e1ctico y recargable, que facilita la limpieza sin necesidad de usar jab\u00f3n aparte.<\/p>\n<p>Contenido:<br \/>\nCepillo para Frascos y\/o Biberones con mango dosificador.<br \/>\nCepillo Para Chupos.<br \/>\nCepillo para Pitillos.<br \/>\nDispensador 50 ML.<\/p>\n","protected":false},"excerpt":{"rendered":"<p>Set completo de cepillos para limpiar botellas, frascos y biberones \u2014 con mango ergon\u00f3mico, cerdas suaves y m\u00faltiples tama\u00f1os para llegar a todos los rincones.<\/p>\n","protected":false},"featured_media":4490,"comment_status":"open","ping_status":"closed","template":"","meta":{"_kadence_starter_templates_imported_post":false,"_kad_post_transparent":"default","_kad_post_title":"","_kad_post_layout":"default","_kad_post_sidebar_id":"","_kad_post_content_style":"default","_kad_post_vertical_padding":"default","_kad_post_feature":"","_kad_post_feature_position":"","_kad_post_header":false,"_kad_post_footer":false,"_kad_post_classname":"","_joinchat":[]},"product_brand":[],"product_cat":[28,47,111],"product_tag":[287,284,279,288,280,283,281,285,282,286],"class_list":{"0":"post-4489","1":"product","2":"type-product","3":"status-publish","4":"has-post-thumbnail","6":"product_cat-bebes","7":"product_cat-lactancia","8":"product_cat-toda-la-tienda","9":"product_tag-accesorios-cocina","10":"product_tag-cepillos-cocina","11":"product_tag-cepillos-limpieza","12":"product_tag-cepillos-multiproposito","13":"product_tag-cepillos-para-botellas","14":"product_tag-cepillos-silicona","15":"product_tag-limpiador-biberones","16":"product_tag-limpieza-botellas-agua","17":"product_tag-set-limpieza-frascos","18":"product_tag-utensilios-limpieza","20":"first","21":"instock","22":"sale","23":"shipping-taxable","24":"purchasable","25":"product-type-simple","26":"entry","27":"content-bg","28":"loop-entry"},"yoast_head":"<!-- This site is optimized with the Yoast SEO plugin v27.4 - https:\/\/yoast.com\/product\/yoast-seo-wordpress\/ -->\n<title>Set Cepillos De Limpieza Frascos Mango Dosificador V-coool - Loto Store<\/title>\n<meta name=\"description\" content=\"Set completo de cepillos para limpiar botellas frascos y biberones \u2014 Mango ergon\u00f3mico, cerdas suaves y m\u00faltiples tama\u00f1os para llegar a todos los rincones.\" \/>\n<meta name=\"robots\" content=\"index, follow, max-snippet:-1, max-image-preview:large, max-video-preview:-1\" \/>\n<link rel=\"canonical\" href=\"https:\/\/lotostoreco.com\/index.php\/producto\/set-cepillos-de-limpieza-frascos-mango-dosificador-v-coool\/\" \/>\n<meta property=\"og:locale\" content=\"es_ES\" \/>\n<meta property=\"og:type\" content=\"article\" \/>\n<meta property=\"og:title\" content=\"Set Cepillos De Limpieza Frascos Mango Dosificador V-coool - Loto Store\" \/>\n<meta property=\"og:description\" content=\"Set completo de cepillos para limpiar botellas frascos y biberones \u2014 Mango ergon\u00f3mico, cerdas suaves y m\u00faltiples tama\u00f1os para llegar a todos los rincones.\" \/>\n<meta property=\"og:url\" content=\"https:\/\/lotostoreco.com\/index.php\/producto\/set-cepillos-de-limpieza-frascos-mango-dosificador-v-coool\/\" \/>\n<meta property=\"og:site_name\" content=\"Loto Store\" \/>\n<meta property=\"og:image\" content=\"https:\/\/lotostoreco.com\/wp-content\/uploads\/2025\/11\/1-1.png\" \/>\n\t<meta property=\"og:image:width\" content=\"1080\" \/>\n\t<meta property=\"og:image:height\" content=\"1080\" \/>\n\t<meta property=\"og:image:type\" content=\"image\/png\" \/>\n<meta name=\"twitter:card\" content=\"summary_large_image\" \/>\n<meta name=\"twitter:label1\" content=\"Tiempo de lectura\" \/>\n\t<meta name=\"twitter:data1\" content=\"1 minuto\" \/>\n<script type=\"application\/ld+json\" class=\"yoast-schema-graph\">{\"@context\":\"https:\\\/\\\/schema.org\",\"@graph\":[{\"@type\":\"WebPage\",\"@id\":\"https:\\\/\\\/lotostoreco.com\\\/index.php\\\/producto\\\/set-cepillos-de-limpieza-frascos-mango-dosificador-v-coool\\\/\",\"url\":\"https:\\\/\\\/lotostoreco.com\\\/index.php\\\/producto\\\/set-cepillos-de-limpieza-frascos-mango-dosificador-v-coool\\\/\",\"name\":\"Set Cepillos De Limpieza Frascos Mango Dosificador V-coool - Loto Store\",\"isPartOf\":{\"@id\":\"https:\\\/\\\/lotostoreco.com\\\/#website\"},\"primaryImageOfPage\":{\"@id\":\"https:\\\/\\\/lotostoreco.com\\\/index.php\\\/producto\\\/set-cepillos-de-limpieza-frascos-mango-dosificador-v-coool\\\/#primaryimage\"},\"image\":{\"@id\":\"https:\\\/\\\/lotostoreco.com\\\/index.php\\\/producto\\\/set-cepillos-de-limpieza-frascos-mango-dosificador-v-coool\\\/#primaryimage\"},\"thumbnailUrl\":\"https:\\\/\\\/lotostoreco.com\\\/wp-content\\\/uploads\\\/2025\\\/11\\\/1-1.png\",\"datePublished\":\"2025-11-28T17:23:04+00:00\",\"description\":\"Set completo de cepillos para limpiar botellas frascos y biberones \u2014 Mango ergon\u00f3mico, cerdas suaves y m\u00faltiples tama\u00f1os para llegar a todos los rincones.\",\"breadcrumb\":{\"@id\":\"https:\\\/\\\/lotostoreco.com\\\/index.php\\\/producto\\\/set-cepillos-de-limpieza-frascos-mango-dosificador-v-coool\\\/#breadcrumb\"},\"inLanguage\":\"es-CO\",\"potentialAction\":[{\"@type\":\"ReadAction\",\"target\":[\"https:\\\/\\\/lotostoreco.com\\\/index.php\\\/producto\\\/set-cepillos-de-limpieza-frascos-mango-dosificador-v-coool\\\/\"]}]},{\"@type\":\"ImageObject\",\"inLanguage\":\"es-CO\",\"@id\":\"https:\\\/\\\/lotostoreco.com\\\/index.php\\\/producto\\\/set-cepillos-de-limpieza-frascos-mango-dosificador-v-coool\\\/#primaryimage\",\"url\":\"https:\\\/\\\/lotostoreco.com\\\/wp-content\\\/uploads\\\/2025\\\/11\\\/1-1.png\",\"contentUrl\":\"https:\\\/\\\/lotostoreco.com\\\/wp-content\\\/uploads\\\/2025\\\/11\\\/1-1.png\",\"width\":1080,\"height\":1080},{\"@type\":\"BreadcrumbList\",\"@id\":\"https:\\\/\\\/lotostoreco.com\\\/index.php\\\/producto\\\/set-cepillos-de-limpieza-frascos-mango-dosificador-v-coool\\\/#breadcrumb\",\"itemListElement\":[{\"@type\":\"ListItem\",\"position\":1,\"name\":\"Inicio\",\"item\":\"https:\\\/\\\/lotostoreco.com\\\/\"},{\"@type\":\"ListItem\",\"position\":2,\"name\":\"Tienda\",\"item\":\"https:\\\/\\\/lotostoreco.com\\\/index.php\\\/shop\\\/\"},{\"@type\":\"ListItem\",\"position\":3,\"name\":\"Set Cepillos De Limpieza Frascos Mango Dosificador V-coool\"}]},{\"@type\":\"WebSite\",\"@id\":\"https:\\\/\\\/lotostoreco.com\\\/#website\",\"url\":\"https:\\\/\\\/lotostoreco.com\\\/\",\"name\":\"Loto Store\",\"description\":\"Todo lo que te gusta a un solo click\",\"publisher\":{\"@id\":\"https:\\\/\\\/lotostoreco.com\\\/#organization\"},\"potentialAction\":[{\"@type\":\"SearchAction\",\"target\":{\"@type\":\"EntryPoint\",\"urlTemplate\":\"https:\\\/\\\/lotostoreco.com\\\/?s={search_term_string}\"},\"query-input\":{\"@type\":\"PropertyValueSpecification\",\"valueRequired\":true,\"valueName\":\"search_term_string\"}}],\"inLanguage\":\"es-CO\"},{\"@type\":\"Organization\",\"@id\":\"https:\\\/\\\/lotostoreco.com\\\/#organization\",\"name\":\"Loto Store\",\"url\":\"https:\\\/\\\/lotostoreco.com\\\/\",\"logo\":{\"@type\":\"ImageObject\",\"inLanguage\":\"es-CO\",\"@id\":\"https:\\\/\\\/lotostoreco.com\\\/#\\\/schema\\\/logo\\\/image\\\/\",\"url\":\"https:\\\/\\\/lotostoreco.com\\\/wp-content\\\/uploads\\\/2023\\\/10\\\/Logo-sin-fondo.png\",\"contentUrl\":\"https:\\\/\\\/lotostoreco.com\\\/wp-content\\\/uploads\\\/2023\\\/10\\\/Logo-sin-fondo.png\",\"width\":500,\"height\":500,\"caption\":\"Loto Store\"},\"image\":{\"@id\":\"https:\\\/\\\/lotostoreco.com\\\/#\\\/schema\\\/logo\\\/image\\\/\"}}]}<\/script>\n<!-- \/ Yoast SEO plugin. -->","yoast_head_json":{"title":"Set Cepillos De Limpieza Frascos Mango Dosificador V-coool - Loto Store","description":"Set completo de cepillos para limpiar botellas frascos y biberones \u2014 Mango ergon\u00f3mico, cerdas suaves y m\u00faltiples tama\u00f1os para llegar a todos los rincones.","robots":{"index":"index","follow":"follow","max-snippet":"max-snippet:-1","max-image-preview":"max-image-preview:large","max-video-preview":"max-video-preview:-1"},"canonical":"https:\/\/lotostoreco.com\/index.php\/producto\/set-cepillos-de-limpieza-frascos-mango-dosificador-v-coool\/","og_locale":"es_ES","og_type":"article","og_title":"Set Cepillos De Limpieza Frascos Mango Dosificador V-coool - Loto Store","og_description":"Set completo de cepillos para limpiar botellas frascos y biberones \u2014 Mango ergon\u00f3mico, cerdas suaves y m\u00faltiples tama\u00f1os para llegar a todos los rincones.","og_url":"https:\/\/lotostoreco.com\/index.php\/producto\/set-cepillos-de-limpieza-frascos-mango-dosificador-v-coool\/","og_site_name":"Loto Store","og_image":[{"width":1080,"height":1080,"url":"https:\/\/lotostoreco.com\/wp-content\/uploads\/2025\/11\/1-1.png","type":"image\/png"}],"twitter_card":"summary_large_image","twitter_misc":{"Tiempo de lectura":"1 minuto"},"schema":{"@context":"https:\/\/schema.org","@graph":[{"@type":"WebPage","@id":"https:\/\/lotostoreco.com\/index.php\/producto\/set-cepillos-de-limpieza-frascos-mango-dosificador-v-coool\/","url":"https:\/\/lotostoreco.com\/index.php\/producto\/set-cepillos-de-limpieza-frascos-mango-dosificador-v-coool\/","name":"Set Cepillos De Limpieza Frascos Mango Dosificador V-coool - Loto Store","isPartOf":{"@id":"https:\/\/lotostoreco.com\/#website"},"primaryImageOfPage":{"@id":"https:\/\/lotostoreco.com\/index.php\/producto\/set-cepillos-de-limpieza-frascos-mango-dosificador-v-coool\/#primaryimage"},"image":{"@id":"https:\/\/lotostoreco.com\/index.php\/producto\/set-cepillos-de-limpieza-frascos-mango-dosificador-v-coool\/#primaryimage"},"thumbnailUrl":"https:\/\/lotostoreco.com\/wp-content\/uploads\/2025\/11\/1-1.png","datePublished":"2025-11-28T17:23:04+00:00","description":"Set completo de cepillos para limpiar botellas frascos y biberones \u2014 Mango ergon\u00f3mico, cerdas suaves y m\u00faltiples tama\u00f1os para llegar a todos los rincones.","breadcrumb":{"@id":"https:\/\/lotostoreco.com\/index.php\/producto\/set-cepillos-de-limpieza-frascos-mango-dosificador-v-coool\/#breadcrumb"},"inLanguage":"es-CO","potentialAction":[{"@type":"ReadAction","target":["https:\/\/lotostoreco.com\/index.php\/producto\/set-cepillos-de-limpieza-frascos-mango-dosificador-v-coool\/"]}]},{"@type":"ImageObject","inLanguage":"es-CO","@id":"https:\/\/lotostoreco.com\/index.php\/producto\/set-cepillos-de-limpieza-frascos-mango-dosificador-v-coool\/#primaryimage","url":"https:\/\/lotostoreco.com\/wp-content\/uploads\/2025\/11\/1-1.png","contentUrl":"https:\/\/lotostoreco.com\/wp-content\/uploads\/2025\/11\/1-1.png","width":1080,"height":1080},{"@type":"BreadcrumbList","@id":"https:\/\/lotostoreco.com\/index.php\/producto\/set-cepillos-de-limpieza-frascos-mango-dosificador-v-coool\/#breadcrumb","itemListElement":[{"@type":"ListItem","position":1,"name":"Inicio","item":"https:\/\/lotostoreco.com\/"},{"@type":"ListItem","position":2,"name":"Tienda","item":"https:\/\/lotostoreco.com\/index.php\/shop\/"},{"@type":"ListItem","position":3,"name":"Set Cepillos De Limpieza Frascos Mango Dosificador V-coool"}]},{"@type":"WebSite","@id":"https:\/\/lotostoreco.com\/#website","url":"https:\/\/lotostoreco.com\/","name":"Loto Store","description":"Todo lo que te gusta a un solo click","publisher":{"@id":"https:\/\/lotostoreco.com\/#organization"},"potentialAction":[{"@type":"SearchAction","target":{"@type":"EntryPoint","urlTemplate":"https:\/\/lotostoreco.com\/?s={search_term_string}"},"query-input":{"@type":"PropertyValueSpecification","valueRequired":true,"valueName":"search_term_string"}}],"inLanguage":"es-CO"},{"@type":"Organization","@id":"https:\/\/lotostoreco.com\/#organization","name":"Loto Store","url":"https:\/\/lotostoreco.com\/","logo":{"@type":"ImageObject","inLanguage":"es-CO","@id":"https:\/\/lotostoreco.com\/#\/schema\/logo\/image\/","url":"https:\/\/lotostoreco.com\/wp-content\/uploads\/2023\/10\/Logo-sin-fondo.png","contentUrl":"https:\/\/lotostoreco.com\/wp-content\/uploads\/2023\/10\/Logo-sin-fondo.png","width":500,"height":500,"caption":"Loto Store"},"image":{"@id":"https:\/\/lotostoreco.com\/#\/schema\/logo\/image\/"}}]}},"jetpack_sharing_enabled":true,"_links":{"self":[{"href":"https:\/\/lotostoreco.com\/index.php\/wp-json\/wp\/v2\/product\/4489","targetHints":{"allow":["GET"]}}],"collection":[{"href":"https:\/\/lotostoreco.com\/index.php\/wp-json\/wp\/v2\/product"}],"about":[{"href":"https:\/\/lotostoreco.com\/index.php\/wp-json\/wp\/v2\/types\/product"}],"replies":[{"embeddable":true,"href":"https:\/\/lotostoreco.com\/index.php\/wp-json\/wp\/v2\/comments?post=4489"}],"version-history":[{"count":1,"href":"https:\/\/lotostoreco.com\/index.php\/wp-json\/wp\/v2\/product\/4489\/revisions"}],"predecessor-version":[{"id":4496,"href":"https:\/\/lotostoreco.com\/index.php\/wp-json\/wp\/v2\/product\/4489\/revisions\/4496"}],"wp:featuredmedia":[{"embeddable":true,"href":"https:\/\/lotostoreco.com\/index.php\/wp-json\/wp\/v2\/media\/4490"}],"wp:attachment":[{"href":"https:\/\/lotostoreco.com\/index.php\/wp-json\/wp\/v2\/media?parent=4489"}],"wp:term":[{"taxonomy":"product_brand","embeddable":true,"href":"https:\/\/lotostoreco.com\/index.php\/wp-json\/wp\/v2\/product_brand?post=4489"},{"taxonomy":"product_cat","embeddable":true,"href":"https:\/\/lotostoreco.com\/index.php\/wp-json\/wp\/v2\/product_cat?post=4489"},{"taxonomy":"product_tag","embeddable":true,"href":"https:\/\/lotostoreco.com\/index.php\/wp-json\/wp\/v2\/product_tag?post=4489"}],"curies":[{"name":"wp","href":"https:\/\/api.w.org\/{rel}","templated":true}]}}