{"id":4480,"date":"2025-11-28T11:56:49","date_gmt":"2025-11-28T16:56:49","guid":{"rendered":"https:\/\/lotostoreco.com\/?post_type=product&#038;p=4480"},"modified":"2025-11-28T11:56:50","modified_gmt":"2025-11-28T16:56:50","slug":"kit-alimentacion-bebe-vajilla-silicona-nino-platos-6-piezas","status":"publish","type":"product","link":"https:\/\/lotostoreco.com\/index.php\/producto\/kit-alimentacion-bebe-vajilla-silicona-nino-platos-6-piezas\/","title":{"rendered":"Kit Alimentaci\u00f3n Bebe Vajilla Silicona Ni\u00f1o Platos 6 Piezas"},"content":{"rendered":"<p>Este set es todo lo que necesitas para que tu beb\u00e9 coma de manera segura y divertida.<\/p>\n<p>Fabricado en silicona de alta calidad, 100% libre de BPA y toxinas, te ofrece la mejor calidad en el mercado. Mientras otros productos usan materiales b\u00e1sicos, nosotros garantizamos una silicona m\u00e1s duradera, suave y segura para tu beb\u00e9.<\/p>\n<p>Con su ventosa antideslizante y utensilios ergon\u00f3micos, este kit es el mejor aliado para reducir derrames y disfrutar de cada comida sin preocupaciones.<\/p>\n<p>CONTENIDO<br \/>\n1 Babero<br \/>\n1 Plato Hondo con ventosa de succi\u00f3n<br \/>\n1 Plato Tres Divisiones con ventosa de succi\u00f3n<br \/>\n1 Vaso Pitillo<br \/>\n1 Tenedor<br \/>\n1 Cuchara<\/p>\n","protected":false},"excerpt":{"rendered":"<p>Kit de alimentaci\u00f3n para beb\u00e9 de <strong data-start=\"160\" data-end=\"172\">6 piezas<\/strong> en silicona suave, antideslizante y segura. Ideal para hacer m\u00e1s f\u00e1cil cada comida.<\/p>\n","protected":false},"featured_media":4487,"comment_status":"open","ping_status":"closed","template":"","meta":{"_kadence_starter_templates_imported_post":false,"_kad_post_transparent":"default","_kad_post_title":"","_kad_post_layout":"default","_kad_post_sidebar_id":"","_kad_post_content_style":"default","_kad_post_vertical_padding":"default","_kad_post_feature":"","_kad_post_feature_position":"","_kad_post_header":false,"_kad_post_footer":false,"_kad_post_classname":"","_joinchat":[]},"product_brand":[],"product_cat":[28,111],"product_tag":[150,262,260,277,261,276,264,259,278,263],"class_list":{"0":"post-4480","1":"product","2":"type-product","3":"status-publish","4":"has-post-thumbnail","6":"product_cat-bebes","7":"product_cat-toda-la-tienda","8":"product_tag-alimentacion-infantil","9":"product_tag-bowl-silicona-bebe","10":"product_tag-kit-alimentacion-bebe","11":"product_tag-plato-infantil-silicona","12":"product_tag-plato-silicona-bebe","13":"product_tag-set-comida-bebe","14":"product_tag-utensilios-bebe","15":"product_tag-vajilla-bebe-silicona","16":"product_tag-vajilla-segura-bebe","17":"product_tag-vajilla-sin-bpa","19":"first","20":"instock","21":"sale","22":"shipping-taxable","23":"purchasable","24":"product-type-simple","25":"entry","26":"content-bg","27":"loop-entry"},"yoast_head":"<!-- This site is optimized with the Yoast SEO plugin v27.4 - https:\/\/yoast.com\/product\/yoast-seo-wordpress\/ -->\n<title>Kit Alimentaci\u00f3n Bebe Vajilla Silicona Ni\u00f1o Platos 6 Piezas - Loto Store<\/title>\n<meta name=\"description\" content=\"Kit de alimentaci\u00f3n para beb\u00e9 de 6 piezas en silicona suave, antideslizante y segura. Ideal para hacer m\u00e1s f\u00e1cil cada comida.\" \/>\n<meta name=\"robots\" content=\"index, follow, max-snippet:-1, max-image-preview:large, max-video-preview:-1\" \/>\n<link rel=\"canonical\" href=\"https:\/\/lotostoreco.com\/index.php\/producto\/kit-alimentacion-bebe-vajilla-silicona-nino-platos-6-piezas\/\" \/>\n<meta property=\"og:locale\" content=\"es_ES\" \/>\n<meta property=\"og:type\" content=\"article\" \/>\n<meta property=\"og:title\" content=\"Kit Alimentaci\u00f3n Bebe Vajilla Silicona Ni\u00f1o Platos 6 Piezas - Loto Store\" \/>\n<meta property=\"og:description\" content=\"Kit de alimentaci\u00f3n para beb\u00e9 de 6 piezas en silicona suave, antideslizante y segura. Ideal para hacer m\u00e1s f\u00e1cil cada comida.\" \/>\n<meta property=\"og:url\" content=\"https:\/\/lotostoreco.com\/index.php\/producto\/kit-alimentacion-bebe-vajilla-silicona-nino-platos-6-piezas\/\" \/>\n<meta property=\"og:site_name\" content=\"Loto Store\" \/>\n<meta property=\"article:modified_time\" content=\"2025-11-28T16:56:50+00:00\" \/>\n<meta property=\"og:image\" content=\"https:\/\/lotostoreco.com\/wp-content\/uploads\/2025\/11\/Captura-de-pantalla-2025-11-28-115101.png\" \/>\n\t<meta property=\"og:image:width\" content=\"614\" \/>\n\t<meta property=\"og:image:height\" content=\"616\" \/>\n\t<meta property=\"og:image:type\" content=\"image\/png\" \/>\n<meta name=\"twitter:card\" content=\"summary_large_image\" \/>\n<meta name=\"twitter:label1\" content=\"Tiempo de lectura\" \/>\n\t<meta name=\"twitter:data1\" content=\"1 minuto\" \/>\n<script type=\"application\/ld+json\" class=\"yoast-schema-graph\">{\"@context\":\"https:\\\/\\\/schema.org\",\"@graph\":[{\"@type\":\"WebPage\",\"@id\":\"https:\\\/\\\/lotostoreco.com\\\/index.php\\\/producto\\\/kit-alimentacion-bebe-vajilla-silicona-nino-platos-6-piezas\\\/\",\"url\":\"https:\\\/\\\/lotostoreco.com\\\/index.php\\\/producto\\\/kit-alimentacion-bebe-vajilla-silicona-nino-platos-6-piezas\\\/\",\"name\":\"Kit Alimentaci\u00f3n Bebe Vajilla Silicona Ni\u00f1o Platos 6 Piezas - Loto Store\",\"isPartOf\":{\"@id\":\"https:\\\/\\\/lotostoreco.com\\\/#website\"},\"primaryImageOfPage\":{\"@id\":\"https:\\\/\\\/lotostoreco.com\\\/index.php\\\/producto\\\/kit-alimentacion-bebe-vajilla-silicona-nino-platos-6-piezas\\\/#primaryimage\"},\"image\":{\"@id\":\"https:\\\/\\\/lotostoreco.com\\\/index.php\\\/producto\\\/kit-alimentacion-bebe-vajilla-silicona-nino-platos-6-piezas\\\/#primaryimage\"},\"thumbnailUrl\":\"https:\\\/\\\/lotostoreco.com\\\/wp-content\\\/uploads\\\/2025\\\/11\\\/Captura-de-pantalla-2025-11-28-115101.png\",\"datePublished\":\"2025-11-28T16:56:49+00:00\",\"dateModified\":\"2025-11-28T16:56:50+00:00\",\"description\":\"Kit de alimentaci\u00f3n para beb\u00e9 de 6 piezas en silicona suave, antideslizante y segura. Ideal para hacer m\u00e1s f\u00e1cil cada comida.\",\"breadcrumb\":{\"@id\":\"https:\\\/\\\/lotostoreco.com\\\/index.php\\\/producto\\\/kit-alimentacion-bebe-vajilla-silicona-nino-platos-6-piezas\\\/#breadcrumb\"},\"inLanguage\":\"es-CO\",\"potentialAction\":[{\"@type\":\"ReadAction\",\"target\":[\"https:\\\/\\\/lotostoreco.com\\\/index.php\\\/producto\\\/kit-alimentacion-bebe-vajilla-silicona-nino-platos-6-piezas\\\/\"]}]},{\"@type\":\"ImageObject\",\"inLanguage\":\"es-CO\",\"@id\":\"https:\\\/\\\/lotostoreco.com\\\/index.php\\\/producto\\\/kit-alimentacion-bebe-vajilla-silicona-nino-platos-6-piezas\\\/#primaryimage\",\"url\":\"https:\\\/\\\/lotostoreco.com\\\/wp-content\\\/uploads\\\/2025\\\/11\\\/Captura-de-pantalla-2025-11-28-115101.png\",\"contentUrl\":\"https:\\\/\\\/lotostoreco.com\\\/wp-content\\\/uploads\\\/2025\\\/11\\\/Captura-de-pantalla-2025-11-28-115101.png\",\"width\":614,\"height\":616},{\"@type\":\"BreadcrumbList\",\"@id\":\"https:\\\/\\\/lotostoreco.com\\\/index.php\\\/producto\\\/kit-alimentacion-bebe-vajilla-silicona-nino-platos-6-piezas\\\/#breadcrumb\",\"itemListElement\":[{\"@type\":\"ListItem\",\"position\":1,\"name\":\"Inicio\",\"item\":\"https:\\\/\\\/lotostoreco.com\\\/\"},{\"@type\":\"ListItem\",\"position\":2,\"name\":\"Tienda\",\"item\":\"https:\\\/\\\/lotostoreco.com\\\/index.php\\\/shop\\\/\"},{\"@type\":\"ListItem\",\"position\":3,\"name\":\"Kit Alimentaci\u00f3n Bebe Vajilla Silicona Ni\u00f1o Platos 6 Piezas\"}]},{\"@type\":\"WebSite\",\"@id\":\"https:\\\/\\\/lotostoreco.com\\\/#website\",\"url\":\"https:\\\/\\\/lotostoreco.com\\\/\",\"name\":\"Loto Store\",\"description\":\"Todo lo que te gusta a un solo click\",\"publisher\":{\"@id\":\"https:\\\/\\\/lotostoreco.com\\\/#organization\"},\"potentialAction\":[{\"@type\":\"SearchAction\",\"target\":{\"@type\":\"EntryPoint\",\"urlTemplate\":\"https:\\\/\\\/lotostoreco.com\\\/?s={search_term_string}\"},\"query-input\":{\"@type\":\"PropertyValueSpecification\",\"valueRequired\":true,\"valueName\":\"search_term_string\"}}],\"inLanguage\":\"es-CO\"},{\"@type\":\"Organization\",\"@id\":\"https:\\\/\\\/lotostoreco.com\\\/#organization\",\"name\":\"Loto Store\",\"url\":\"https:\\\/\\\/lotostoreco.com\\\/\",\"logo\":{\"@type\":\"ImageObject\",\"inLanguage\":\"es-CO\",\"@id\":\"https:\\\/\\\/lotostoreco.com\\\/#\\\/schema\\\/logo\\\/image\\\/\",\"url\":\"https:\\\/\\\/lotostoreco.com\\\/wp-content\\\/uploads\\\/2023\\\/10\\\/Logo-sin-fondo.png\",\"contentUrl\":\"https:\\\/\\\/lotostoreco.com\\\/wp-content\\\/uploads\\\/2023\\\/10\\\/Logo-sin-fondo.png\",\"width\":500,\"height\":500,\"caption\":\"Loto Store\"},\"image\":{\"@id\":\"https:\\\/\\\/lotostoreco.com\\\/#\\\/schema\\\/logo\\\/image\\\/\"}}]}<\/script>\n<!-- \/ Yoast SEO plugin. -->","yoast_head_json":{"title":"Kit Alimentaci\u00f3n Bebe Vajilla Silicona Ni\u00f1o Platos 6 Piezas - Loto Store","description":"Kit de alimentaci\u00f3n para beb\u00e9 de 6 piezas en silicona suave, antideslizante y segura. Ideal para hacer m\u00e1s f\u00e1cil cada comida.","robots":{"index":"index","follow":"follow","max-snippet":"max-snippet:-1","max-image-preview":"max-image-preview:large","max-video-preview":"max-video-preview:-1"},"canonical":"https:\/\/lotostoreco.com\/index.php\/producto\/kit-alimentacion-bebe-vajilla-silicona-nino-platos-6-piezas\/","og_locale":"es_ES","og_type":"article","og_title":"Kit Alimentaci\u00f3n Bebe Vajilla Silicona Ni\u00f1o Platos 6 Piezas - Loto Store","og_description":"Kit de alimentaci\u00f3n para beb\u00e9 de 6 piezas en silicona suave, antideslizante y segura. Ideal para hacer m\u00e1s f\u00e1cil cada comida.","og_url":"https:\/\/lotostoreco.com\/index.php\/producto\/kit-alimentacion-bebe-vajilla-silicona-nino-platos-6-piezas\/","og_site_name":"Loto Store","article_modified_time":"2025-11-28T16:56:50+00:00","og_image":[{"width":614,"height":616,"url":"https:\/\/lotostoreco.com\/wp-content\/uploads\/2025\/11\/Captura-de-pantalla-2025-11-28-115101.png","type":"image\/png"}],"twitter_card":"summary_large_image","twitter_misc":{"Tiempo de lectura":"1 minuto"},"schema":{"@context":"https:\/\/schema.org","@graph":[{"@type":"WebPage","@id":"https:\/\/lotostoreco.com\/index.php\/producto\/kit-alimentacion-bebe-vajilla-silicona-nino-platos-6-piezas\/","url":"https:\/\/lotostoreco.com\/index.php\/producto\/kit-alimentacion-bebe-vajilla-silicona-nino-platos-6-piezas\/","name":"Kit Alimentaci\u00f3n Bebe Vajilla Silicona Ni\u00f1o Platos 6 Piezas - Loto Store","isPartOf":{"@id":"https:\/\/lotostoreco.com\/#website"},"primaryImageOfPage":{"@id":"https:\/\/lotostoreco.com\/index.php\/producto\/kit-alimentacion-bebe-vajilla-silicona-nino-platos-6-piezas\/#primaryimage"},"image":{"@id":"https:\/\/lotostoreco.com\/index.php\/producto\/kit-alimentacion-bebe-vajilla-silicona-nino-platos-6-piezas\/#primaryimage"},"thumbnailUrl":"https:\/\/lotostoreco.com\/wp-content\/uploads\/2025\/11\/Captura-de-pantalla-2025-11-28-115101.png","datePublished":"2025-11-28T16:56:49+00:00","dateModified":"2025-11-28T16:56:50+00:00","description":"Kit de alimentaci\u00f3n para beb\u00e9 de 6 piezas en silicona suave, antideslizante y segura. Ideal para hacer m\u00e1s f\u00e1cil cada comida.","breadcrumb":{"@id":"https:\/\/lotostoreco.com\/index.php\/producto\/kit-alimentacion-bebe-vajilla-silicona-nino-platos-6-piezas\/#breadcrumb"},"inLanguage":"es-CO","potentialAction":[{"@type":"ReadAction","target":["https:\/\/lotostoreco.com\/index.php\/producto\/kit-alimentacion-bebe-vajilla-silicona-nino-platos-6-piezas\/"]}]},{"@type":"ImageObject","inLanguage":"es-CO","@id":"https:\/\/lotostoreco.com\/index.php\/producto\/kit-alimentacion-bebe-vajilla-silicona-nino-platos-6-piezas\/#primaryimage","url":"https:\/\/lotostoreco.com\/wp-content\/uploads\/2025\/11\/Captura-de-pantalla-2025-11-28-115101.png","contentUrl":"https:\/\/lotostoreco.com\/wp-content\/uploads\/2025\/11\/Captura-de-pantalla-2025-11-28-115101.png","width":614,"height":616},{"@type":"BreadcrumbList","@id":"https:\/\/lotostoreco.com\/index.php\/producto\/kit-alimentacion-bebe-vajilla-silicona-nino-platos-6-piezas\/#breadcrumb","itemListElement":[{"@type":"ListItem","position":1,"name":"Inicio","item":"https:\/\/lotostoreco.com\/"},{"@type":"ListItem","position":2,"name":"Tienda","item":"https:\/\/lotostoreco.com\/index.php\/shop\/"},{"@type":"ListItem","position":3,"name":"Kit Alimentaci\u00f3n Bebe Vajilla Silicona Ni\u00f1o Platos 6 Piezas"}]},{"@type":"WebSite","@id":"https:\/\/lotostoreco.com\/#website","url":"https:\/\/lotostoreco.com\/","name":"Loto Store","description":"Todo lo que te gusta a un solo click","publisher":{"@id":"https:\/\/lotostoreco.com\/#organization"},"potentialAction":[{"@type":"SearchAction","target":{"@type":"EntryPoint","urlTemplate":"https:\/\/lotostoreco.com\/?s={search_term_string}"},"query-input":{"@type":"PropertyValueSpecification","valueRequired":true,"valueName":"search_term_string"}}],"inLanguage":"es-CO"},{"@type":"Organization","@id":"https:\/\/lotostoreco.com\/#organization","name":"Loto Store","url":"https:\/\/lotostoreco.com\/","logo":{"@type":"ImageObject","inLanguage":"es-CO","@id":"https:\/\/lotostoreco.com\/#\/schema\/logo\/image\/","url":"https:\/\/lotostoreco.com\/wp-content\/uploads\/2023\/10\/Logo-sin-fondo.png","contentUrl":"https:\/\/lotostoreco.com\/wp-content\/uploads\/2023\/10\/Logo-sin-fondo.png","width":500,"height":500,"caption":"Loto Store"},"image":{"@id":"https:\/\/lotostoreco.com\/#\/schema\/logo\/image\/"}}]}},"jetpack_sharing_enabled":true,"_links":{"self":[{"href":"https:\/\/lotostoreco.com\/index.php\/wp-json\/wp\/v2\/product\/4480","targetHints":{"allow":["GET"]}}],"collection":[{"href":"https:\/\/lotostoreco.com\/index.php\/wp-json\/wp\/v2\/product"}],"about":[{"href":"https:\/\/lotostoreco.com\/index.php\/wp-json\/wp\/v2\/types\/product"}],"replies":[{"embeddable":true,"href":"https:\/\/lotostoreco.com\/index.php\/wp-json\/wp\/v2\/comments?post=4480"}],"version-history":[{"count":1,"href":"https:\/\/lotostoreco.com\/index.php\/wp-json\/wp\/v2\/product\/4480\/revisions"}],"predecessor-version":[{"id":4488,"href":"https:\/\/lotostoreco.com\/index.php\/wp-json\/wp\/v2\/product\/4480\/revisions\/4488"}],"wp:featuredmedia":[{"embeddable":true,"href":"https:\/\/lotostoreco.com\/index.php\/wp-json\/wp\/v2\/media\/4487"}],"wp:attachment":[{"href":"https:\/\/lotostoreco.com\/index.php\/wp-json\/wp\/v2\/media?parent=4480"}],"wp:term":[{"taxonomy":"product_brand","embeddable":true,"href":"https:\/\/lotostoreco.com\/index.php\/wp-json\/wp\/v2\/product_brand?post=4480"},{"taxonomy":"product_cat","embeddable":true,"href":"https:\/\/lotostoreco.com\/index.php\/wp-json\/wp\/v2\/product_cat?post=4480"},{"taxonomy":"product_tag","embeddable":true,"href":"https:\/\/lotostoreco.com\/index.php\/wp-json\/wp\/v2\/product_tag?post=4480"}],"curies":[{"name":"wp","href":"https:\/\/api.w.org\/{rel}","templated":true}]}}