{"id":4460,"date":"2025-11-28T11:29:38","date_gmt":"2025-11-28T16:29:38","guid":{"rendered":"https:\/\/lotostoreco.com\/?post_type=product&#038;p=4460"},"modified":"2026-02-17T06:15:55","modified_gmt":"2026-02-17T11:15:55","slug":"kit-alimentacion-bebe-vajilla-silicona-nino-plato-cangrejo","status":"publish","type":"product","link":"https:\/\/lotostoreco.com\/index.php\/producto\/kit-alimentacion-bebe-vajilla-silicona-nino-plato-cangrejo\/","title":{"rendered":"Kit Alimentaci\u00f3n Bebe Vajilla Silicona Ni\u00f1o Plato Cangrejo"},"content":{"rendered":"<p>\u00a1Haz que la hora de comer sea m\u00e1s f\u00e1cil y divertida con nuestro Set de Alimentaci\u00f3n 7 piezas para Beb\u00e9s!<\/p>\n<p>Con su plato en forma de cangrejo y piezas en silicona de alta calidad, 100% libre de BPA y toxinas, este set cuida la salud de tu beb\u00e9 mientras lo acompa\u00f1a en cada bocado.<\/p>\n<p>A diferencia de otros, nuestro babero es m\u00e1s grande, suave y de mejor ajuste, evitando derrames y brindando mayor comodidad en cada comida.<\/p>\n<p>Caracter\u00edsticas:<\/p>\n<p>Silicona premium, 100% libre de BPA y PVC<br \/>\nBabero de mayor tama\u00f1o y ajuste perfecto<br \/>\nF\u00e1cil de limpiar, ideal para el d\u00eda a d\u00eda<br \/>\nSeguro, duradero y dise\u00f1ado para beb\u00e9s<\/p>\n<p>Contenido del Set:<\/p>\n<p>1 Babero ajustable y m\u00e1s grande<br \/>\n1 Bowl con ventosa de succi\u00f3n<br \/>\n1 Plato cangrejo con ventosa de succi\u00f3n<br \/>\n1 Vaso con pitillo<br \/>\n1 Tenedor ergon\u00f3mico y suave<br \/>\n1 Cuchara ergon\u00f3mica y suave<br \/>\n1 Tapa para snacks<\/p>\n","protected":false},"excerpt":{"rendered":"<p>Set de 7 piezas en silicona para beb\u00e9s: plato con ventosa estilo cangrejo, bowl, vaso con sorbete, cubiertos, tapa y babero \u2014 libre de BPA, apto para microondas y f\u00e1cil de limpiar.<\/p>\n","protected":false},"featured_media":4471,"comment_status":"open","ping_status":"closed","template":"","meta":{"_kadence_starter_templates_imported_post":false,"_kad_post_transparent":"default","_kad_post_title":"","_kad_post_layout":"default","_kad_post_sidebar_id":"","_kad_post_content_style":"default","_kad_post_vertical_padding":"default","_kad_post_feature":"","_kad_post_feature_position":"","_kad_post_header":false,"_kad_post_footer":false,"_kad_post_classname":"","_joinchat":[]},"product_brand":[],"product_cat":[28,111],"product_tag":[273,260,274,271,270,272,264,275,269,263],"class_list":{"0":"post-4460","1":"product","2":"type-product","3":"status-publish","4":"has-post-thumbnail","6":"product_cat-bebes","7":"product_cat-toda-la-tienda","8":"product_tag-comer-bebe","9":"product_tag-kit-alimentacion-bebe","10":"product_tag-plato-antideslizante-bebe","11":"product_tag-plato-cangrejo-bebe","12":"product_tag-plato-silicona-con-succion","13":"product_tag-set-comida-bebe-7-piezas","14":"product_tag-utensilios-bebe","15":"product_tag-vajilla-infantil-silicona","16":"product_tag-vajilla-silicona-bebe","17":"product_tag-vajilla-sin-bpa","19":"first","20":"instock","21":"sale","22":"shipping-taxable","23":"purchasable","24":"product-type-variable","25":"entry","26":"content-bg","27":"loop-entry"},"yoast_head":"<!-- This site is optimized with the Yoast SEO plugin v27.4 - https:\/\/yoast.com\/product\/yoast-seo-wordpress\/ -->\n<title>Kit Alimentaci\u00f3n Bebe Vajilla Silicona Ni\u00f1o Plato Cangrejo - Loto Store<\/title>\n<meta name=\"description\" content=\"Set de 7 piezas en silicona para beb\u00e9s: plato estilo cangrejo, bowl, vaso, cubiertos y babero - libre de BPA, apto para microondas y f\u00e1cil de limpiar\" \/>\n<meta name=\"robots\" content=\"index, follow, max-snippet:-1, max-image-preview:large, max-video-preview:-1\" \/>\n<link rel=\"canonical\" href=\"https:\/\/lotostoreco.com\/index.php\/producto\/kit-alimentacion-bebe-vajilla-silicona-nino-plato-cangrejo\/\" \/>\n<meta property=\"og:locale\" content=\"es_ES\" \/>\n<meta property=\"og:type\" content=\"article\" \/>\n<meta property=\"og:title\" content=\"Kit Alimentaci\u00f3n Bebe Vajilla Silicona Ni\u00f1o Plato Cangrejo - Loto Store\" \/>\n<meta property=\"og:description\" content=\"Set de 7 piezas en silicona para beb\u00e9s: plato estilo cangrejo, bowl, vaso, cubiertos y babero - libre de BPA, apto para microondas y f\u00e1cil de limpiar\" \/>\n<meta property=\"og:url\" content=\"https:\/\/lotostoreco.com\/index.php\/producto\/kit-alimentacion-bebe-vajilla-silicona-nino-plato-cangrejo\/\" \/>\n<meta property=\"og:site_name\" content=\"Loto Store\" \/>\n<meta property=\"article:modified_time\" content=\"2026-02-17T11:15:55+00:00\" \/>\n<meta property=\"og:image\" content=\"https:\/\/lotostoreco.com\/wp-content\/uploads\/2025\/11\/Captura-de-pantalla-2025-11-28-111708.png\" \/>\n\t<meta property=\"og:image:width\" content=\"619\" \/>\n\t<meta property=\"og:image:height\" content=\"615\" \/>\n\t<meta property=\"og:image:type\" content=\"image\/png\" \/>\n<meta name=\"twitter:card\" content=\"summary_large_image\" \/>\n<meta name=\"twitter:label1\" content=\"Tiempo de lectura\" \/>\n\t<meta name=\"twitter:data1\" content=\"1 minuto\" \/>\n<script type=\"application\/ld+json\" class=\"yoast-schema-graph\">{\"@context\":\"https:\\\/\\\/schema.org\",\"@graph\":[{\"@type\":\"WebPage\",\"@id\":\"https:\\\/\\\/lotostoreco.com\\\/index.php\\\/producto\\\/kit-alimentacion-bebe-vajilla-silicona-nino-plato-cangrejo\\\/\",\"url\":\"https:\\\/\\\/lotostoreco.com\\\/index.php\\\/producto\\\/kit-alimentacion-bebe-vajilla-silicona-nino-plato-cangrejo\\\/\",\"name\":\"Kit Alimentaci\u00f3n Bebe Vajilla Silicona Ni\u00f1o Plato Cangrejo - Loto Store\",\"isPartOf\":{\"@id\":\"https:\\\/\\\/lotostoreco.com\\\/#website\"},\"primaryImageOfPage\":{\"@id\":\"https:\\\/\\\/lotostoreco.com\\\/index.php\\\/producto\\\/kit-alimentacion-bebe-vajilla-silicona-nino-plato-cangrejo\\\/#primaryimage\"},\"image\":{\"@id\":\"https:\\\/\\\/lotostoreco.com\\\/index.php\\\/producto\\\/kit-alimentacion-bebe-vajilla-silicona-nino-plato-cangrejo\\\/#primaryimage\"},\"thumbnailUrl\":\"https:\\\/\\\/lotostoreco.com\\\/wp-content\\\/uploads\\\/2025\\\/11\\\/Captura-de-pantalla-2025-11-28-111708.png\",\"datePublished\":\"2025-11-28T16:29:38+00:00\",\"dateModified\":\"2026-02-17T11:15:55+00:00\",\"description\":\"Set de 7 piezas en silicona para beb\u00e9s: plato estilo cangrejo, bowl, vaso, cubiertos y babero - libre de BPA, apto para microondas y f\u00e1cil de limpiar\",\"breadcrumb\":{\"@id\":\"https:\\\/\\\/lotostoreco.com\\\/index.php\\\/producto\\\/kit-alimentacion-bebe-vajilla-silicona-nino-plato-cangrejo\\\/#breadcrumb\"},\"inLanguage\":\"es-CO\",\"potentialAction\":[{\"@type\":\"ReadAction\",\"target\":[\"https:\\\/\\\/lotostoreco.com\\\/index.php\\\/producto\\\/kit-alimentacion-bebe-vajilla-silicona-nino-plato-cangrejo\\\/\"]}]},{\"@type\":\"ImageObject\",\"inLanguage\":\"es-CO\",\"@id\":\"https:\\\/\\\/lotostoreco.com\\\/index.php\\\/producto\\\/kit-alimentacion-bebe-vajilla-silicona-nino-plato-cangrejo\\\/#primaryimage\",\"url\":\"https:\\\/\\\/lotostoreco.com\\\/wp-content\\\/uploads\\\/2025\\\/11\\\/Captura-de-pantalla-2025-11-28-111708.png\",\"contentUrl\":\"https:\\\/\\\/lotostoreco.com\\\/wp-content\\\/uploads\\\/2025\\\/11\\\/Captura-de-pantalla-2025-11-28-111708.png\",\"width\":619,\"height\":615},{\"@type\":\"BreadcrumbList\",\"@id\":\"https:\\\/\\\/lotostoreco.com\\\/index.php\\\/producto\\\/kit-alimentacion-bebe-vajilla-silicona-nino-plato-cangrejo\\\/#breadcrumb\",\"itemListElement\":[{\"@type\":\"ListItem\",\"position\":1,\"name\":\"Inicio\",\"item\":\"https:\\\/\\\/lotostoreco.com\\\/\"},{\"@type\":\"ListItem\",\"position\":2,\"name\":\"Tienda\",\"item\":\"https:\\\/\\\/lotostoreco.com\\\/index.php\\\/shop\\\/\"},{\"@type\":\"ListItem\",\"position\":3,\"name\":\"Kit Alimentaci\u00f3n Bebe Vajilla Silicona Ni\u00f1o Plato Cangrejo\"}]},{\"@type\":\"WebSite\",\"@id\":\"https:\\\/\\\/lotostoreco.com\\\/#website\",\"url\":\"https:\\\/\\\/lotostoreco.com\\\/\",\"name\":\"Loto Store\",\"description\":\"Todo lo que te gusta a un solo click\",\"publisher\":{\"@id\":\"https:\\\/\\\/lotostoreco.com\\\/#organization\"},\"potentialAction\":[{\"@type\":\"SearchAction\",\"target\":{\"@type\":\"EntryPoint\",\"urlTemplate\":\"https:\\\/\\\/lotostoreco.com\\\/?s={search_term_string}\"},\"query-input\":{\"@type\":\"PropertyValueSpecification\",\"valueRequired\":true,\"valueName\":\"search_term_string\"}}],\"inLanguage\":\"es-CO\"},{\"@type\":\"Organization\",\"@id\":\"https:\\\/\\\/lotostoreco.com\\\/#organization\",\"name\":\"Loto Store\",\"url\":\"https:\\\/\\\/lotostoreco.com\\\/\",\"logo\":{\"@type\":\"ImageObject\",\"inLanguage\":\"es-CO\",\"@id\":\"https:\\\/\\\/lotostoreco.com\\\/#\\\/schema\\\/logo\\\/image\\\/\",\"url\":\"https:\\\/\\\/lotostoreco.com\\\/wp-content\\\/uploads\\\/2023\\\/10\\\/Logo-sin-fondo.png\",\"contentUrl\":\"https:\\\/\\\/lotostoreco.com\\\/wp-content\\\/uploads\\\/2023\\\/10\\\/Logo-sin-fondo.png\",\"width\":500,\"height\":500,\"caption\":\"Loto Store\"},\"image\":{\"@id\":\"https:\\\/\\\/lotostoreco.com\\\/#\\\/schema\\\/logo\\\/image\\\/\"}}]}<\/script>\n<!-- \/ Yoast SEO plugin. -->","yoast_head_json":{"title":"Kit Alimentaci\u00f3n Bebe Vajilla Silicona Ni\u00f1o Plato Cangrejo - Loto Store","description":"Set de 7 piezas en silicona para beb\u00e9s: plato estilo cangrejo, bowl, vaso, cubiertos y babero - libre de BPA, apto para microondas y f\u00e1cil de limpiar","robots":{"index":"index","follow":"follow","max-snippet":"max-snippet:-1","max-image-preview":"max-image-preview:large","max-video-preview":"max-video-preview:-1"},"canonical":"https:\/\/lotostoreco.com\/index.php\/producto\/kit-alimentacion-bebe-vajilla-silicona-nino-plato-cangrejo\/","og_locale":"es_ES","og_type":"article","og_title":"Kit Alimentaci\u00f3n Bebe Vajilla Silicona Ni\u00f1o Plato Cangrejo - Loto Store","og_description":"Set de 7 piezas en silicona para beb\u00e9s: plato estilo cangrejo, bowl, vaso, cubiertos y babero - libre de BPA, apto para microondas y f\u00e1cil de limpiar","og_url":"https:\/\/lotostoreco.com\/index.php\/producto\/kit-alimentacion-bebe-vajilla-silicona-nino-plato-cangrejo\/","og_site_name":"Loto Store","article_modified_time":"2026-02-17T11:15:55+00:00","og_image":[{"width":619,"height":615,"url":"https:\/\/lotostoreco.com\/wp-content\/uploads\/2025\/11\/Captura-de-pantalla-2025-11-28-111708.png","type":"image\/png"}],"twitter_card":"summary_large_image","twitter_misc":{"Tiempo de lectura":"1 minuto"},"schema":{"@context":"https:\/\/schema.org","@graph":[{"@type":"WebPage","@id":"https:\/\/lotostoreco.com\/index.php\/producto\/kit-alimentacion-bebe-vajilla-silicona-nino-plato-cangrejo\/","url":"https:\/\/lotostoreco.com\/index.php\/producto\/kit-alimentacion-bebe-vajilla-silicona-nino-plato-cangrejo\/","name":"Kit Alimentaci\u00f3n Bebe Vajilla Silicona Ni\u00f1o Plato Cangrejo - Loto Store","isPartOf":{"@id":"https:\/\/lotostoreco.com\/#website"},"primaryImageOfPage":{"@id":"https:\/\/lotostoreco.com\/index.php\/producto\/kit-alimentacion-bebe-vajilla-silicona-nino-plato-cangrejo\/#primaryimage"},"image":{"@id":"https:\/\/lotostoreco.com\/index.php\/producto\/kit-alimentacion-bebe-vajilla-silicona-nino-plato-cangrejo\/#primaryimage"},"thumbnailUrl":"https:\/\/lotostoreco.com\/wp-content\/uploads\/2025\/11\/Captura-de-pantalla-2025-11-28-111708.png","datePublished":"2025-11-28T16:29:38+00:00","dateModified":"2026-02-17T11:15:55+00:00","description":"Set de 7 piezas en silicona para beb\u00e9s: plato estilo cangrejo, bowl, vaso, cubiertos y babero - libre de BPA, apto para microondas y f\u00e1cil de limpiar","breadcrumb":{"@id":"https:\/\/lotostoreco.com\/index.php\/producto\/kit-alimentacion-bebe-vajilla-silicona-nino-plato-cangrejo\/#breadcrumb"},"inLanguage":"es-CO","potentialAction":[{"@type":"ReadAction","target":["https:\/\/lotostoreco.com\/index.php\/producto\/kit-alimentacion-bebe-vajilla-silicona-nino-plato-cangrejo\/"]}]},{"@type":"ImageObject","inLanguage":"es-CO","@id":"https:\/\/lotostoreco.com\/index.php\/producto\/kit-alimentacion-bebe-vajilla-silicona-nino-plato-cangrejo\/#primaryimage","url":"https:\/\/lotostoreco.com\/wp-content\/uploads\/2025\/11\/Captura-de-pantalla-2025-11-28-111708.png","contentUrl":"https:\/\/lotostoreco.com\/wp-content\/uploads\/2025\/11\/Captura-de-pantalla-2025-11-28-111708.png","width":619,"height":615},{"@type":"BreadcrumbList","@id":"https:\/\/lotostoreco.com\/index.php\/producto\/kit-alimentacion-bebe-vajilla-silicona-nino-plato-cangrejo\/#breadcrumb","itemListElement":[{"@type":"ListItem","position":1,"name":"Inicio","item":"https:\/\/lotostoreco.com\/"},{"@type":"ListItem","position":2,"name":"Tienda","item":"https:\/\/lotostoreco.com\/index.php\/shop\/"},{"@type":"ListItem","position":3,"name":"Kit Alimentaci\u00f3n Bebe Vajilla Silicona Ni\u00f1o Plato Cangrejo"}]},{"@type":"WebSite","@id":"https:\/\/lotostoreco.com\/#website","url":"https:\/\/lotostoreco.com\/","name":"Loto Store","description":"Todo lo que te gusta a un solo click","publisher":{"@id":"https:\/\/lotostoreco.com\/#organization"},"potentialAction":[{"@type":"SearchAction","target":{"@type":"EntryPoint","urlTemplate":"https:\/\/lotostoreco.com\/?s={search_term_string}"},"query-input":{"@type":"PropertyValueSpecification","valueRequired":true,"valueName":"search_term_string"}}],"inLanguage":"es-CO"},{"@type":"Organization","@id":"https:\/\/lotostoreco.com\/#organization","name":"Loto Store","url":"https:\/\/lotostoreco.com\/","logo":{"@type":"ImageObject","inLanguage":"es-CO","@id":"https:\/\/lotostoreco.com\/#\/schema\/logo\/image\/","url":"https:\/\/lotostoreco.com\/wp-content\/uploads\/2023\/10\/Logo-sin-fondo.png","contentUrl":"https:\/\/lotostoreco.com\/wp-content\/uploads\/2023\/10\/Logo-sin-fondo.png","width":500,"height":500,"caption":"Loto Store"},"image":{"@id":"https:\/\/lotostoreco.com\/#\/schema\/logo\/image\/"}}]}},"jetpack_sharing_enabled":true,"_links":{"self":[{"href":"https:\/\/lotostoreco.com\/index.php\/wp-json\/wp\/v2\/product\/4460","targetHints":{"allow":["GET"]}}],"collection":[{"href":"https:\/\/lotostoreco.com\/index.php\/wp-json\/wp\/v2\/product"}],"about":[{"href":"https:\/\/lotostoreco.com\/index.php\/wp-json\/wp\/v2\/types\/product"}],"replies":[{"embeddable":true,"href":"https:\/\/lotostoreco.com\/index.php\/wp-json\/wp\/v2\/comments?post=4460"}],"version-history":[{"count":1,"href":"https:\/\/lotostoreco.com\/index.php\/wp-json\/wp\/v2\/product\/4460\/revisions"}],"predecessor-version":[{"id":4467,"href":"https:\/\/lotostoreco.com\/index.php\/wp-json\/wp\/v2\/product\/4460\/revisions\/4467"}],"wp:featuredmedia":[{"embeddable":true,"href":"https:\/\/lotostoreco.com\/index.php\/wp-json\/wp\/v2\/media\/4471"}],"wp:attachment":[{"href":"https:\/\/lotostoreco.com\/index.php\/wp-json\/wp\/v2\/media?parent=4460"}],"wp:term":[{"taxonomy":"product_brand","embeddable":true,"href":"https:\/\/lotostoreco.com\/index.php\/wp-json\/wp\/v2\/product_brand?post=4460"},{"taxonomy":"product_cat","embeddable":true,"href":"https:\/\/lotostoreco.com\/index.php\/wp-json\/wp\/v2\/product_cat?post=4460"},{"taxonomy":"product_tag","embeddable":true,"href":"https:\/\/lotostoreco.com\/index.php\/wp-json\/wp\/v2\/product_tag?post=4460"}],"curies":[{"name":"wp","href":"https:\/\/api.w.org\/{rel}","templated":true}]}}