{"id":4395,"date":"2025-11-25T12:40:13","date_gmt":"2025-11-25T17:40:13","guid":{"rendered":"https:\/\/lotostoreco.com\/?post_type=product&#038;p=4395"},"modified":"2025-11-28T11:36:46","modified_gmt":"2025-11-28T16:36:46","slug":"carro-a-control-remoto-drift-360-con-camara-hd-y-humo","status":"publish","type":"product","link":"https:\/\/lotostoreco.com\/index.php\/producto\/carro-a-control-remoto-drift-360-con-camara-hd-y-humo\/","title":{"rendered":"Carro A Control Remoto Drift 360\u00b0 Con C\u00e1mara HD Y Humo"},"content":{"rendered":"<div style=\"width: 1140px;\" class=\"wp-video\"><video class=\"wp-video-shortcode\" id=\"video-4395-1\" width=\"1140\" height=\"641\" preload=\"metadata\" controls=\"controls\"><source type=\"video\/mp4\" src=\"https:\/\/lotostoreco.com\/wp-content\/uploads\/2025\/11\/VEHICULO-ACROBATICO_Logo.mp4?_=1\" \/><a href=\"https:\/\/lotostoreco.com\/wp-content\/uploads\/2025\/11\/VEHICULO-ACROBATICO_Logo.mp4\">https:\/\/lotostoreco.com\/wp-content\/uploads\/2025\/11\/VEHICULO-ACROBATICO_Logo.mp4<\/a><\/video><\/div>\n<p>Carro Acrob\u00e1tico Drift 360\u00b0 con C\u00e1mara HD, Efecto de Humo y Control por App<\/p>\n<p>Vive la emoci\u00f3n de la velocidad y la tecnolog\u00eda con este carro acrob\u00e1tico de alto rendimiento. Su c\u00e1mara HD 1080P ajustable y el control por aplicaci\u00f3n m\u00f3vil te permiten conducir y ver el recorrido en tiempo real desde tu celular.<\/p>\n<p>Disfruta del efecto de humo realista con luces y sonido de motor, y sorprende con acrobacias 360\u00b0 que desaf\u00edan cualquier superficie.<\/p>\n<p>Caracter\u00edsticas principales<br \/>\nC\u00e1mara HD 1080P con ajuste manual de hasta 30\u00b0 para una visi\u00f3n m\u00e1s completa.<br \/>\nConexi\u00f3n WiFi para control y visualizaci\u00f3n en tiempo real desde el celular.<br \/>\nEfecto de humo con un solo bot\u00f3n, acompa\u00f1ado de luces y sonido realista del motor.<br \/>\nDemostraci\u00f3n autom\u00e1tica que combina giros, c\u00e1mara, m\u00fasica y humo al mismo tiempo.<br \/>\nConducci\u00f3n omnidireccional 360\u00b0, con movimientos de drift, giro y rotaci\u00f3n en sitio.<br \/>\nDise\u00f1o acrob\u00e1tico resistente, ideal para interiores y exteriores.<br \/>\nMaterial fabricado en pl\u00e1stico de alta calidad, ligero y duradero.<br \/>\nNivel de habilidad: Principiante, f\u00e1cil de controlar.<\/p>\n<p>Contenido del paquete<br \/>\n1 Carro Drift 360 con c\u00e1mara HD WiFi.<br \/>\n1 Control remoto.<br \/>\n1 Cable recargable USB.<br \/>\n1 Bater\u00eda recargable.<br \/>\n1 Destornillador.<br \/>\n1 Acople para montar el celular.<br \/>\n1 Recipiente cargador de agua para el efecto de humo.<br \/>\nCaja original de presentaci\u00f3n.<\/p>\n","protected":false},"excerpt":{"rendered":"<p>Domina la pista con este carro <strong data-start=\"149\" data-end=\"194\">drift 360\u00b0 con c\u00e1mara HD y efecto de humo<\/strong>: derrapa como un profesional, captura cada giro en video y vive la emoci\u00f3n con control remoto 2.4 GHz.<\/p>\n","protected":false},"featured_media":4398,"comment_status":"open","ping_status":"closed","template":"","meta":{"_kadence_starter_templates_imported_post":false,"_kad_post_transparent":"default","_kad_post_title":"","_kad_post_layout":"default","_kad_post_sidebar_id":"","_kad_post_content_style":"default","_kad_post_vertical_padding":"default","_kad_post_feature":"","_kad_post_feature_position":"","_kad_post_header":false,"_kad_post_footer":false,"_kad_post_classname":"","_joinchat":[]},"product_brand":[],"product_cat":[60,111],"product_tag":[229,218,217,224,227,225,226,230,228,223],"class_list":{"0":"post-4395","1":"product","2":"type-product","3":"status-publish","4":"has-post-thumbnail","6":"product_cat-jugueteria","7":"product_cat-toda-la-tienda","8":"product_tag-auto-a-control-remoto","9":"product_tag-carro-acrobatico-rc","10":"product_tag-carro-control-remoto","11":"product_tag-carro-drift-360","12":"product_tag-carro-drift-rc","13":"product_tag-carro-rc-con-camara","14":"product_tag-carro-rc-con-humo","15":"product_tag-carro-rc-hd","16":"product_tag-carro-stunt-360","17":"product_tag-juguete-rc","19":"first","20":"instock","21":"sale","22":"shipping-taxable","23":"purchasable","24":"product-type-variable","25":"entry","26":"content-bg","27":"loop-entry"},"yoast_head":"<!-- This site is optimized with the Yoast SEO plugin v27.4 - https:\/\/yoast.com\/product\/yoast-seo-wordpress\/ -->\n<title>Carro A Control Remoto Drift 360\u00b0 Con C\u00e1mara HD Y Humo - Loto Store<\/title>\n<meta name=\"description\" content=\"carro drift 360, carro control remoto, carro rc con c\u00e1mara, carro drift rc, carro stunt 360, auto a control remoto, carro rc hd, juguete rc\" \/>\n<meta name=\"robots\" content=\"index, follow, max-snippet:-1, max-image-preview:large, max-video-preview:-1\" \/>\n<link rel=\"canonical\" href=\"https:\/\/lotostoreco.com\/index.php\/producto\/carro-a-control-remoto-drift-360-con-camara-hd-y-humo\/\" \/>\n<meta property=\"og:locale\" content=\"es_ES\" \/>\n<meta property=\"og:type\" content=\"article\" \/>\n<meta property=\"og:title\" content=\"Carro A Control Remoto Drift 360\u00b0 Con C\u00e1mara HD Y Humo - Loto Store\" \/>\n<meta property=\"og:description\" content=\"carro drift 360, carro control remoto, carro rc con c\u00e1mara, carro drift rc, carro stunt 360, auto a control remoto, carro rc hd, juguete rc\" \/>\n<meta property=\"og:url\" content=\"https:\/\/lotostoreco.com\/index.php\/producto\/carro-a-control-remoto-drift-360-con-camara-hd-y-humo\/\" \/>\n<meta property=\"og:site_name\" content=\"Loto Store\" \/>\n<meta property=\"article:modified_time\" content=\"2025-11-28T16:36:46+00:00\" \/>\n<meta property=\"og:image\" content=\"https:\/\/lotostoreco.com\/wp-content\/uploads\/2025\/11\/1-1.jpg\" \/>\n\t<meta property=\"og:image:width\" content=\"940\" \/>\n\t<meta property=\"og:image:height\" content=\"788\" \/>\n\t<meta property=\"og:image:type\" content=\"image\/jpeg\" \/>\n<meta name=\"twitter:card\" content=\"summary_large_image\" \/>\n<meta name=\"twitter:label1\" content=\"Tiempo de lectura\" \/>\n\t<meta name=\"twitter:data1\" content=\"2 minutos\" \/>\n<script type=\"application\/ld+json\" class=\"yoast-schema-graph\">{\"@context\":\"https:\\\/\\\/schema.org\",\"@graph\":[{\"@type\":\"WebPage\",\"@id\":\"https:\\\/\\\/lotostoreco.com\\\/index.php\\\/producto\\\/carro-a-control-remoto-drift-360-con-camara-hd-y-humo\\\/\",\"url\":\"https:\\\/\\\/lotostoreco.com\\\/index.php\\\/producto\\\/carro-a-control-remoto-drift-360-con-camara-hd-y-humo\\\/\",\"name\":\"Carro A Control Remoto Drift 360\u00b0 Con C\u00e1mara HD Y Humo - Loto Store\",\"isPartOf\":{\"@id\":\"https:\\\/\\\/lotostoreco.com\\\/#website\"},\"primaryImageOfPage\":{\"@id\":\"https:\\\/\\\/lotostoreco.com\\\/index.php\\\/producto\\\/carro-a-control-remoto-drift-360-con-camara-hd-y-humo\\\/#primaryimage\"},\"image\":{\"@id\":\"https:\\\/\\\/lotostoreco.com\\\/index.php\\\/producto\\\/carro-a-control-remoto-drift-360-con-camara-hd-y-humo\\\/#primaryimage\"},\"thumbnailUrl\":\"https:\\\/\\\/lotostoreco.com\\\/wp-content\\\/uploads\\\/2025\\\/11\\\/1-1.jpg\",\"datePublished\":\"2025-11-25T17:40:13+00:00\",\"dateModified\":\"2025-11-28T16:36:46+00:00\",\"description\":\"carro drift 360, carro control remoto, carro rc con c\u00e1mara, carro drift rc, carro stunt 360, auto a control remoto, carro rc hd, juguete rc\",\"breadcrumb\":{\"@id\":\"https:\\\/\\\/lotostoreco.com\\\/index.php\\\/producto\\\/carro-a-control-remoto-drift-360-con-camara-hd-y-humo\\\/#breadcrumb\"},\"inLanguage\":\"es-CO\",\"potentialAction\":[{\"@type\":\"ReadAction\",\"target\":[\"https:\\\/\\\/lotostoreco.com\\\/index.php\\\/producto\\\/carro-a-control-remoto-drift-360-con-camara-hd-y-humo\\\/\"]}]},{\"@type\":\"ImageObject\",\"inLanguage\":\"es-CO\",\"@id\":\"https:\\\/\\\/lotostoreco.com\\\/index.php\\\/producto\\\/carro-a-control-remoto-drift-360-con-camara-hd-y-humo\\\/#primaryimage\",\"url\":\"https:\\\/\\\/lotostoreco.com\\\/wp-content\\\/uploads\\\/2025\\\/11\\\/1-1.jpg\",\"contentUrl\":\"https:\\\/\\\/lotostoreco.com\\\/wp-content\\\/uploads\\\/2025\\\/11\\\/1-1.jpg\",\"width\":940,\"height\":788},{\"@type\":\"BreadcrumbList\",\"@id\":\"https:\\\/\\\/lotostoreco.com\\\/index.php\\\/producto\\\/carro-a-control-remoto-drift-360-con-camara-hd-y-humo\\\/#breadcrumb\",\"itemListElement\":[{\"@type\":\"ListItem\",\"position\":1,\"name\":\"Inicio\",\"item\":\"https:\\\/\\\/lotostoreco.com\\\/\"},{\"@type\":\"ListItem\",\"position\":2,\"name\":\"Tienda\",\"item\":\"https:\\\/\\\/lotostoreco.com\\\/index.php\\\/shop\\\/\"},{\"@type\":\"ListItem\",\"position\":3,\"name\":\"Carro A Control Remoto Drift 360\u00b0 Con C\u00e1mara HD Y Humo\"}]},{\"@type\":\"WebSite\",\"@id\":\"https:\\\/\\\/lotostoreco.com\\\/#website\",\"url\":\"https:\\\/\\\/lotostoreco.com\\\/\",\"name\":\"Loto Store\",\"description\":\"Todo lo que te gusta a un solo click\",\"publisher\":{\"@id\":\"https:\\\/\\\/lotostoreco.com\\\/#organization\"},\"potentialAction\":[{\"@type\":\"SearchAction\",\"target\":{\"@type\":\"EntryPoint\",\"urlTemplate\":\"https:\\\/\\\/lotostoreco.com\\\/?s={search_term_string}\"},\"query-input\":{\"@type\":\"PropertyValueSpecification\",\"valueRequired\":true,\"valueName\":\"search_term_string\"}}],\"inLanguage\":\"es-CO\"},{\"@type\":\"Organization\",\"@id\":\"https:\\\/\\\/lotostoreco.com\\\/#organization\",\"name\":\"Loto Store\",\"url\":\"https:\\\/\\\/lotostoreco.com\\\/\",\"logo\":{\"@type\":\"ImageObject\",\"inLanguage\":\"es-CO\",\"@id\":\"https:\\\/\\\/lotostoreco.com\\\/#\\\/schema\\\/logo\\\/image\\\/\",\"url\":\"https:\\\/\\\/lotostoreco.com\\\/wp-content\\\/uploads\\\/2023\\\/10\\\/Logo-sin-fondo.png\",\"contentUrl\":\"https:\\\/\\\/lotostoreco.com\\\/wp-content\\\/uploads\\\/2023\\\/10\\\/Logo-sin-fondo.png\",\"width\":500,\"height\":500,\"caption\":\"Loto Store\"},\"image\":{\"@id\":\"https:\\\/\\\/lotostoreco.com\\\/#\\\/schema\\\/logo\\\/image\\\/\"}}]}<\/script>\n<!-- \/ Yoast SEO plugin. -->","yoast_head_json":{"title":"Carro A Control Remoto Drift 360\u00b0 Con C\u00e1mara HD Y Humo - Loto Store","description":"carro drift 360, carro control remoto, carro rc con c\u00e1mara, carro drift rc, carro stunt 360, auto a control remoto, carro rc hd, juguete rc","robots":{"index":"index","follow":"follow","max-snippet":"max-snippet:-1","max-image-preview":"max-image-preview:large","max-video-preview":"max-video-preview:-1"},"canonical":"https:\/\/lotostoreco.com\/index.php\/producto\/carro-a-control-remoto-drift-360-con-camara-hd-y-humo\/","og_locale":"es_ES","og_type":"article","og_title":"Carro A Control Remoto Drift 360\u00b0 Con C\u00e1mara HD Y Humo - Loto Store","og_description":"carro drift 360, carro control remoto, carro rc con c\u00e1mara, carro drift rc, carro stunt 360, auto a control remoto, carro rc hd, juguete rc","og_url":"https:\/\/lotostoreco.com\/index.php\/producto\/carro-a-control-remoto-drift-360-con-camara-hd-y-humo\/","og_site_name":"Loto Store","article_modified_time":"2025-11-28T16:36:46+00:00","og_image":[{"width":940,"height":788,"url":"https:\/\/lotostoreco.com\/wp-content\/uploads\/2025\/11\/1-1.jpg","type":"image\/jpeg"}],"twitter_card":"summary_large_image","twitter_misc":{"Tiempo de lectura":"2 minutos"},"schema":{"@context":"https:\/\/schema.org","@graph":[{"@type":"WebPage","@id":"https:\/\/lotostoreco.com\/index.php\/producto\/carro-a-control-remoto-drift-360-con-camara-hd-y-humo\/","url":"https:\/\/lotostoreco.com\/index.php\/producto\/carro-a-control-remoto-drift-360-con-camara-hd-y-humo\/","name":"Carro A Control Remoto Drift 360\u00b0 Con C\u00e1mara HD Y Humo - Loto Store","isPartOf":{"@id":"https:\/\/lotostoreco.com\/#website"},"primaryImageOfPage":{"@id":"https:\/\/lotostoreco.com\/index.php\/producto\/carro-a-control-remoto-drift-360-con-camara-hd-y-humo\/#primaryimage"},"image":{"@id":"https:\/\/lotostoreco.com\/index.php\/producto\/carro-a-control-remoto-drift-360-con-camara-hd-y-humo\/#primaryimage"},"thumbnailUrl":"https:\/\/lotostoreco.com\/wp-content\/uploads\/2025\/11\/1-1.jpg","datePublished":"2025-11-25T17:40:13+00:00","dateModified":"2025-11-28T16:36:46+00:00","description":"carro drift 360, carro control remoto, carro rc con c\u00e1mara, carro drift rc, carro stunt 360, auto a control remoto, carro rc hd, juguete rc","breadcrumb":{"@id":"https:\/\/lotostoreco.com\/index.php\/producto\/carro-a-control-remoto-drift-360-con-camara-hd-y-humo\/#breadcrumb"},"inLanguage":"es-CO","potentialAction":[{"@type":"ReadAction","target":["https:\/\/lotostoreco.com\/index.php\/producto\/carro-a-control-remoto-drift-360-con-camara-hd-y-humo\/"]}]},{"@type":"ImageObject","inLanguage":"es-CO","@id":"https:\/\/lotostoreco.com\/index.php\/producto\/carro-a-control-remoto-drift-360-con-camara-hd-y-humo\/#primaryimage","url":"https:\/\/lotostoreco.com\/wp-content\/uploads\/2025\/11\/1-1.jpg","contentUrl":"https:\/\/lotostoreco.com\/wp-content\/uploads\/2025\/11\/1-1.jpg","width":940,"height":788},{"@type":"BreadcrumbList","@id":"https:\/\/lotostoreco.com\/index.php\/producto\/carro-a-control-remoto-drift-360-con-camara-hd-y-humo\/#breadcrumb","itemListElement":[{"@type":"ListItem","position":1,"name":"Inicio","item":"https:\/\/lotostoreco.com\/"},{"@type":"ListItem","position":2,"name":"Tienda","item":"https:\/\/lotostoreco.com\/index.php\/shop\/"},{"@type":"ListItem","position":3,"name":"Carro A Control Remoto Drift 360\u00b0 Con C\u00e1mara HD Y Humo"}]},{"@type":"WebSite","@id":"https:\/\/lotostoreco.com\/#website","url":"https:\/\/lotostoreco.com\/","name":"Loto Store","description":"Todo lo que te gusta a un solo click","publisher":{"@id":"https:\/\/lotostoreco.com\/#organization"},"potentialAction":[{"@type":"SearchAction","target":{"@type":"EntryPoint","urlTemplate":"https:\/\/lotostoreco.com\/?s={search_term_string}"},"query-input":{"@type":"PropertyValueSpecification","valueRequired":true,"valueName":"search_term_string"}}],"inLanguage":"es-CO"},{"@type":"Organization","@id":"https:\/\/lotostoreco.com\/#organization","name":"Loto Store","url":"https:\/\/lotostoreco.com\/","logo":{"@type":"ImageObject","inLanguage":"es-CO","@id":"https:\/\/lotostoreco.com\/#\/schema\/logo\/image\/","url":"https:\/\/lotostoreco.com\/wp-content\/uploads\/2023\/10\/Logo-sin-fondo.png","contentUrl":"https:\/\/lotostoreco.com\/wp-content\/uploads\/2023\/10\/Logo-sin-fondo.png","width":500,"height":500,"caption":"Loto Store"},"image":{"@id":"https:\/\/lotostoreco.com\/#\/schema\/logo\/image\/"}}]}},"jetpack_sharing_enabled":true,"_links":{"self":[{"href":"https:\/\/lotostoreco.com\/index.php\/wp-json\/wp\/v2\/product\/4395","targetHints":{"allow":["GET"]}}],"collection":[{"href":"https:\/\/lotostoreco.com\/index.php\/wp-json\/wp\/v2\/product"}],"about":[{"href":"https:\/\/lotostoreco.com\/index.php\/wp-json\/wp\/v2\/types\/product"}],"replies":[{"embeddable":true,"href":"https:\/\/lotostoreco.com\/index.php\/wp-json\/wp\/v2\/comments?post=4395"}],"version-history":[{"count":2,"href":"https:\/\/lotostoreco.com\/index.php\/wp-json\/wp\/v2\/product\/4395\/revisions"}],"predecessor-version":[{"id":4412,"href":"https:\/\/lotostoreco.com\/index.php\/wp-json\/wp\/v2\/product\/4395\/revisions\/4412"}],"wp:featuredmedia":[{"embeddable":true,"href":"https:\/\/lotostoreco.com\/index.php\/wp-json\/wp\/v2\/media\/4398"}],"wp:attachment":[{"href":"https:\/\/lotostoreco.com\/index.php\/wp-json\/wp\/v2\/media?parent=4395"}],"wp:term":[{"taxonomy":"product_brand","embeddable":true,"href":"https:\/\/lotostoreco.com\/index.php\/wp-json\/wp\/v2\/product_brand?post=4395"},{"taxonomy":"product_cat","embeddable":true,"href":"https:\/\/lotostoreco.com\/index.php\/wp-json\/wp\/v2\/product_cat?post=4395"},{"taxonomy":"product_tag","embeddable":true,"href":"https:\/\/lotostoreco.com\/index.php\/wp-json\/wp\/v2\/product_tag?post=4395"}],"curies":[{"name":"wp","href":"https:\/\/api.w.org\/{rel}","templated":true}]}}