{"id":3858,"date":"2024-10-09T11:25:40","date_gmt":"2024-10-09T16:25:40","guid":{"rendered":"https:\/\/lotostoreco.com\/?post_type=product&#038;p=3858"},"modified":"2026-02-17T14:05:06","modified_gmt":"2026-02-17T19:05:06","slug":"kit-lactancia-materna-lonchera-bolsas-pila-termica-v-coool","status":"publish","type":"product","link":"https:\/\/lotostoreco.com\/index.php\/producto\/kit-lactancia-materna-lonchera-bolsas-pila-termica-v-coool\/","title":{"rendered":"Kit Lactancia Materna Lonchera, Bolsas, Pila Termica V-Coool"},"content":{"rendered":"<p>Descubre la tranquilidad y comodidad que mereces con nuestro Kit de Lactancia V-Coool.<\/p>\n<p>Este conjunto incluye:<\/p>\n<p>1 Lonchera Termica V-Coool: Mant\u00e9n la leche materna y tus alimentos frescos por m\u00e1s tiempo con este bolso lonchera t\u00e9rmica con materiales de excelente calidad.<\/p>\n<p>2 Cajas por 30 unidades cada una de Bolsas para almacenamiento de leche materna: Libres de toxinas y BPA, perfectas para guardar y transportar hasta 180 ml de leche materna.<\/p>\n<p>2 Pilas Refrigerantes: Modulares y reutilizables, ideales para mantener la temperatura adecuada de tus alimentos y leche materna.<\/p>\n<p>Este kit est\u00e1 dise\u00f1ado pensando en ti y en tu beb\u00e9, brind\u00e1ndote la confianza de saber que cada gota de leche est\u00e1 protegida y cuidada, sin importar d\u00f3nde est\u00e9s.<\/p>\n<p>\u00a1Haz de tu experiencia de lactancia un momento libre de preocupaciones y lleno de amor!<\/p>\n","protected":false},"excerpt":{"rendered":"<p>Kit de lactancia con <strong data-start=\"53\" data-end=\"111\">lonchera t\u00e9rmica <span class=\"hover:entity-accent entity-underline inline cursor-pointer align-baseline\"><span class=\"whitespace-normal\">V-Coool<\/span><\/span><\/strong>, <strong data-start=\"113\" data-end=\"186\">60 bolsas para almacenamiento de leche materna libres de BPA (180 ml)<\/strong> y <strong data-start=\"189\" data-end=\"228\">2 pilas refrigerantes reutilizables<\/strong>. Conserva la leche de tu beb\u00e9 fresca y segura por m\u00e1s tiempo, est\u00e9s donde est\u00e9s. Ideal para una lactancia pr\u00e1ctica, segura y sin preocupaciones.<\/p>\n","protected":false},"featured_media":4329,"comment_status":"open","ping_status":"closed","template":"","meta":{"_kadence_starter_templates_imported_post":false,"_kad_post_transparent":"default","_kad_post_title":"","_kad_post_layout":"default","_kad_post_sidebar_id":"","_kad_post_content_style":"default","_kad_post_vertical_padding":"default","_kad_post_feature":"","_kad_post_feature_position":"","_kad_post_header":false,"_kad_post_footer":false,"_kad_post_classname":"","_joinchat":[]},"product_brand":[],"product_cat":[47,111],"product_tag":[397,415,416,411,410,412,394,148,391,414,393,417,400,413,401,409],"class_list":{"0":"post-3858","1":"product","2":"type-product","3":"status-publish","4":"has-post-thumbnail","6":"product_cat-lactancia","7":"product_cat-toda-la-tienda","8":"product_tag-accesorios-de-lactancia","9":"product_tag-almacenamiento-de-leche-materna-fuera-de-casa","10":"product_tag-banco-de-leche-materna","11":"product_tag-bolsas-de-leche-materna-180-ml","12":"product_tag-bolsas-para-almacenamiento-de-leche-materna","13":"product_tag-bolsas-para-lactancia-libre-de-bpa","14":"product_tag-conservacion-de-leche-materna","15":"product_tag-cuidado-del-bebe","16":"product_tag-kit-de-lactancia-materna","17":"product_tag-lactancia-segura","18":"product_tag-lonchera-termica-para-leche-materna","19":"product_tag-maternidad-y-bebe","20":"product_tag-pilas-refrigerantes-reutilizables","21":"product_tag-productos-para-mamas-lactantes","22":"product_tag-transporte-de-leche-materna","23":"product_tag-v-coool","25":"first","26":"instock","27":"sale","28":"shipping-taxable","29":"purchasable","30":"product-type-variable","31":"entry","32":"content-bg","33":"loop-entry"},"yoast_head":"<!-- This site is optimized with the Yoast SEO plugin v27.4 - https:\/\/yoast.com\/product\/yoast-seo-wordpress\/ -->\n<title>Kit Lactancia Materna Lonchera, Bolsas, Pila Termica V-Coool - Loto Store<\/title>\n<meta name=\"description\" content=\"Kit de lactancia materna con lonchera t\u00e9rmica, bolsas de almacenamiento y pilas refrigerantes. Conserva la leche de tu beb\u00e9 de forma segura con V-Coool. Ideal para mam\u00e1s activas.\" \/>\n<meta name=\"robots\" content=\"index, follow, max-snippet:-1, max-image-preview:large, max-video-preview:-1\" \/>\n<link rel=\"canonical\" href=\"https:\/\/lotostoreco.com\/index.php\/producto\/kit-lactancia-materna-lonchera-bolsas-pila-termica-v-coool\/\" \/>\n<meta property=\"og:locale\" content=\"es_ES\" \/>\n<meta property=\"og:type\" content=\"article\" \/>\n<meta property=\"og:title\" content=\"Kit Lactancia Materna Lonchera, Bolsas, Pila Termica V-Coool - Loto Store\" \/>\n<meta property=\"og:description\" content=\"Kit de lactancia materna con lonchera t\u00e9rmica, bolsas de almacenamiento y pilas refrigerantes. Conserva la leche de tu beb\u00e9 de forma segura con V-Coool. Ideal para mam\u00e1s activas.\" \/>\n<meta property=\"og:url\" content=\"https:\/\/lotostoreco.com\/index.php\/producto\/kit-lactancia-materna-lonchera-bolsas-pila-termica-v-coool\/\" \/>\n<meta property=\"og:site_name\" content=\"Loto Store\" \/>\n<meta property=\"article:modified_time\" content=\"2026-02-17T19:05:06+00:00\" \/>\n<meta property=\"og:image\" content=\"https:\/\/lotostoreco.com\/wp-content\/uploads\/2025\/02\/1-2.png\" \/>\n\t<meta property=\"og:image:width\" content=\"1080\" \/>\n\t<meta property=\"og:image:height\" content=\"1080\" \/>\n\t<meta property=\"og:image:type\" content=\"image\/png\" \/>\n<meta name=\"twitter:card\" content=\"summary_large_image\" \/>\n<meta name=\"twitter:label1\" content=\"Tiempo de lectura\" \/>\n\t<meta name=\"twitter:data1\" content=\"1 minuto\" \/>\n<script type=\"application\/ld+json\" class=\"yoast-schema-graph\">{\"@context\":\"https:\\\/\\\/schema.org\",\"@graph\":[{\"@type\":\"WebPage\",\"@id\":\"https:\\\/\\\/lotostoreco.com\\\/index.php\\\/producto\\\/kit-lactancia-materna-lonchera-bolsas-pila-termica-v-coool\\\/\",\"url\":\"https:\\\/\\\/lotostoreco.com\\\/index.php\\\/producto\\\/kit-lactancia-materna-lonchera-bolsas-pila-termica-v-coool\\\/\",\"name\":\"Kit Lactancia Materna Lonchera, Bolsas, Pila Termica V-Coool - Loto Store\",\"isPartOf\":{\"@id\":\"https:\\\/\\\/lotostoreco.com\\\/#website\"},\"primaryImageOfPage\":{\"@id\":\"https:\\\/\\\/lotostoreco.com\\\/index.php\\\/producto\\\/kit-lactancia-materna-lonchera-bolsas-pila-termica-v-coool\\\/#primaryimage\"},\"image\":{\"@id\":\"https:\\\/\\\/lotostoreco.com\\\/index.php\\\/producto\\\/kit-lactancia-materna-lonchera-bolsas-pila-termica-v-coool\\\/#primaryimage\"},\"thumbnailUrl\":\"https:\\\/\\\/lotostoreco.com\\\/wp-content\\\/uploads\\\/2025\\\/02\\\/1-2.png\",\"datePublished\":\"2024-10-09T16:25:40+00:00\",\"dateModified\":\"2026-02-17T19:05:06+00:00\",\"description\":\"Kit de lactancia materna con lonchera t\u00e9rmica, bolsas de almacenamiento y pilas refrigerantes. Conserva la leche de tu beb\u00e9 de forma segura con V-Coool. Ideal para mam\u00e1s activas.\",\"breadcrumb\":{\"@id\":\"https:\\\/\\\/lotostoreco.com\\\/index.php\\\/producto\\\/kit-lactancia-materna-lonchera-bolsas-pila-termica-v-coool\\\/#breadcrumb\"},\"inLanguage\":\"es-CO\",\"potentialAction\":[{\"@type\":\"ReadAction\",\"target\":[\"https:\\\/\\\/lotostoreco.com\\\/index.php\\\/producto\\\/kit-lactancia-materna-lonchera-bolsas-pila-termica-v-coool\\\/\"]}]},{\"@type\":\"ImageObject\",\"inLanguage\":\"es-CO\",\"@id\":\"https:\\\/\\\/lotostoreco.com\\\/index.php\\\/producto\\\/kit-lactancia-materna-lonchera-bolsas-pila-termica-v-coool\\\/#primaryimage\",\"url\":\"https:\\\/\\\/lotostoreco.com\\\/wp-content\\\/uploads\\\/2025\\\/02\\\/1-2.png\",\"contentUrl\":\"https:\\\/\\\/lotostoreco.com\\\/wp-content\\\/uploads\\\/2025\\\/02\\\/1-2.png\",\"width\":1080,\"height\":1080},{\"@type\":\"BreadcrumbList\",\"@id\":\"https:\\\/\\\/lotostoreco.com\\\/index.php\\\/producto\\\/kit-lactancia-materna-lonchera-bolsas-pila-termica-v-coool\\\/#breadcrumb\",\"itemListElement\":[{\"@type\":\"ListItem\",\"position\":1,\"name\":\"Inicio\",\"item\":\"https:\\\/\\\/lotostoreco.com\\\/\"},{\"@type\":\"ListItem\",\"position\":2,\"name\":\"Tienda\",\"item\":\"https:\\\/\\\/lotostoreco.com\\\/index.php\\\/shop\\\/\"},{\"@type\":\"ListItem\",\"position\":3,\"name\":\"Kit Lactancia Materna Lonchera, Bolsas, Pila Termica V-Coool\"}]},{\"@type\":\"WebSite\",\"@id\":\"https:\\\/\\\/lotostoreco.com\\\/#website\",\"url\":\"https:\\\/\\\/lotostoreco.com\\\/\",\"name\":\"Loto Store\",\"description\":\"Todo lo que te gusta a un solo click\",\"publisher\":{\"@id\":\"https:\\\/\\\/lotostoreco.com\\\/#organization\"},\"potentialAction\":[{\"@type\":\"SearchAction\",\"target\":{\"@type\":\"EntryPoint\",\"urlTemplate\":\"https:\\\/\\\/lotostoreco.com\\\/?s={search_term_string}\"},\"query-input\":{\"@type\":\"PropertyValueSpecification\",\"valueRequired\":true,\"valueName\":\"search_term_string\"}}],\"inLanguage\":\"es-CO\"},{\"@type\":\"Organization\",\"@id\":\"https:\\\/\\\/lotostoreco.com\\\/#organization\",\"name\":\"Loto Store\",\"url\":\"https:\\\/\\\/lotostoreco.com\\\/\",\"logo\":{\"@type\":\"ImageObject\",\"inLanguage\":\"es-CO\",\"@id\":\"https:\\\/\\\/lotostoreco.com\\\/#\\\/schema\\\/logo\\\/image\\\/\",\"url\":\"https:\\\/\\\/lotostoreco.com\\\/wp-content\\\/uploads\\\/2023\\\/10\\\/Logo-sin-fondo.png\",\"contentUrl\":\"https:\\\/\\\/lotostoreco.com\\\/wp-content\\\/uploads\\\/2023\\\/10\\\/Logo-sin-fondo.png\",\"width\":500,\"height\":500,\"caption\":\"Loto Store\"},\"image\":{\"@id\":\"https:\\\/\\\/lotostoreco.com\\\/#\\\/schema\\\/logo\\\/image\\\/\"}}]}<\/script>\n<!-- \/ Yoast SEO plugin. -->","yoast_head_json":{"title":"Kit Lactancia Materna Lonchera, Bolsas, Pila Termica V-Coool - Loto Store","description":"Kit de lactancia materna con lonchera t\u00e9rmica, bolsas de almacenamiento y pilas refrigerantes. Conserva la leche de tu beb\u00e9 de forma segura con V-Coool. Ideal para mam\u00e1s activas.","robots":{"index":"index","follow":"follow","max-snippet":"max-snippet:-1","max-image-preview":"max-image-preview:large","max-video-preview":"max-video-preview:-1"},"canonical":"https:\/\/lotostoreco.com\/index.php\/producto\/kit-lactancia-materna-lonchera-bolsas-pila-termica-v-coool\/","og_locale":"es_ES","og_type":"article","og_title":"Kit Lactancia Materna Lonchera, Bolsas, Pila Termica V-Coool - Loto Store","og_description":"Kit de lactancia materna con lonchera t\u00e9rmica, bolsas de almacenamiento y pilas refrigerantes. Conserva la leche de tu beb\u00e9 de forma segura con V-Coool. Ideal para mam\u00e1s activas.","og_url":"https:\/\/lotostoreco.com\/index.php\/producto\/kit-lactancia-materna-lonchera-bolsas-pila-termica-v-coool\/","og_site_name":"Loto Store","article_modified_time":"2026-02-17T19:05:06+00:00","og_image":[{"width":1080,"height":1080,"url":"https:\/\/lotostoreco.com\/wp-content\/uploads\/2025\/02\/1-2.png","type":"image\/png"}],"twitter_card":"summary_large_image","twitter_misc":{"Tiempo de lectura":"1 minuto"},"schema":{"@context":"https:\/\/schema.org","@graph":[{"@type":"WebPage","@id":"https:\/\/lotostoreco.com\/index.php\/producto\/kit-lactancia-materna-lonchera-bolsas-pila-termica-v-coool\/","url":"https:\/\/lotostoreco.com\/index.php\/producto\/kit-lactancia-materna-lonchera-bolsas-pila-termica-v-coool\/","name":"Kit Lactancia Materna Lonchera, Bolsas, Pila Termica V-Coool - Loto Store","isPartOf":{"@id":"https:\/\/lotostoreco.com\/#website"},"primaryImageOfPage":{"@id":"https:\/\/lotostoreco.com\/index.php\/producto\/kit-lactancia-materna-lonchera-bolsas-pila-termica-v-coool\/#primaryimage"},"image":{"@id":"https:\/\/lotostoreco.com\/index.php\/producto\/kit-lactancia-materna-lonchera-bolsas-pila-termica-v-coool\/#primaryimage"},"thumbnailUrl":"https:\/\/lotostoreco.com\/wp-content\/uploads\/2025\/02\/1-2.png","datePublished":"2024-10-09T16:25:40+00:00","dateModified":"2026-02-17T19:05:06+00:00","description":"Kit de lactancia materna con lonchera t\u00e9rmica, bolsas de almacenamiento y pilas refrigerantes. Conserva la leche de tu beb\u00e9 de forma segura con V-Coool. Ideal para mam\u00e1s activas.","breadcrumb":{"@id":"https:\/\/lotostoreco.com\/index.php\/producto\/kit-lactancia-materna-lonchera-bolsas-pila-termica-v-coool\/#breadcrumb"},"inLanguage":"es-CO","potentialAction":[{"@type":"ReadAction","target":["https:\/\/lotostoreco.com\/index.php\/producto\/kit-lactancia-materna-lonchera-bolsas-pila-termica-v-coool\/"]}]},{"@type":"ImageObject","inLanguage":"es-CO","@id":"https:\/\/lotostoreco.com\/index.php\/producto\/kit-lactancia-materna-lonchera-bolsas-pila-termica-v-coool\/#primaryimage","url":"https:\/\/lotostoreco.com\/wp-content\/uploads\/2025\/02\/1-2.png","contentUrl":"https:\/\/lotostoreco.com\/wp-content\/uploads\/2025\/02\/1-2.png","width":1080,"height":1080},{"@type":"BreadcrumbList","@id":"https:\/\/lotostoreco.com\/index.php\/producto\/kit-lactancia-materna-lonchera-bolsas-pila-termica-v-coool\/#breadcrumb","itemListElement":[{"@type":"ListItem","position":1,"name":"Inicio","item":"https:\/\/lotostoreco.com\/"},{"@type":"ListItem","position":2,"name":"Tienda","item":"https:\/\/lotostoreco.com\/index.php\/shop\/"},{"@type":"ListItem","position":3,"name":"Kit Lactancia Materna Lonchera, Bolsas, Pila Termica V-Coool"}]},{"@type":"WebSite","@id":"https:\/\/lotostoreco.com\/#website","url":"https:\/\/lotostoreco.com\/","name":"Loto Store","description":"Todo lo que te gusta a un solo click","publisher":{"@id":"https:\/\/lotostoreco.com\/#organization"},"potentialAction":[{"@type":"SearchAction","target":{"@type":"EntryPoint","urlTemplate":"https:\/\/lotostoreco.com\/?s={search_term_string}"},"query-input":{"@type":"PropertyValueSpecification","valueRequired":true,"valueName":"search_term_string"}}],"inLanguage":"es-CO"},{"@type":"Organization","@id":"https:\/\/lotostoreco.com\/#organization","name":"Loto Store","url":"https:\/\/lotostoreco.com\/","logo":{"@type":"ImageObject","inLanguage":"es-CO","@id":"https:\/\/lotostoreco.com\/#\/schema\/logo\/image\/","url":"https:\/\/lotostoreco.com\/wp-content\/uploads\/2023\/10\/Logo-sin-fondo.png","contentUrl":"https:\/\/lotostoreco.com\/wp-content\/uploads\/2023\/10\/Logo-sin-fondo.png","width":500,"height":500,"caption":"Loto Store"},"image":{"@id":"https:\/\/lotostoreco.com\/#\/schema\/logo\/image\/"}}]}},"jetpack_sharing_enabled":true,"_links":{"self":[{"href":"https:\/\/lotostoreco.com\/index.php\/wp-json\/wp\/v2\/product\/3858","targetHints":{"allow":["GET"]}}],"collection":[{"href":"https:\/\/lotostoreco.com\/index.php\/wp-json\/wp\/v2\/product"}],"about":[{"href":"https:\/\/lotostoreco.com\/index.php\/wp-json\/wp\/v2\/types\/product"}],"replies":[{"embeddable":true,"href":"https:\/\/lotostoreco.com\/index.php\/wp-json\/wp\/v2\/comments?post=3858"}],"version-history":[{"count":3,"href":"https:\/\/lotostoreco.com\/index.php\/wp-json\/wp\/v2\/product\/3858\/revisions"}],"predecessor-version":[{"id":4630,"href":"https:\/\/lotostoreco.com\/index.php\/wp-json\/wp\/v2\/product\/3858\/revisions\/4630"}],"wp:featuredmedia":[{"embeddable":true,"href":"https:\/\/lotostoreco.com\/index.php\/wp-json\/wp\/v2\/media\/4329"}],"wp:attachment":[{"href":"https:\/\/lotostoreco.com\/index.php\/wp-json\/wp\/v2\/media?parent=3858"}],"wp:term":[{"taxonomy":"product_brand","embeddable":true,"href":"https:\/\/lotostoreco.com\/index.php\/wp-json\/wp\/v2\/product_brand?post=3858"},{"taxonomy":"product_cat","embeddable":true,"href":"https:\/\/lotostoreco.com\/index.php\/wp-json\/wp\/v2\/product_cat?post=3858"},{"taxonomy":"product_tag","embeddable":true,"href":"https:\/\/lotostoreco.com\/index.php\/wp-json\/wp\/v2\/product_tag?post=3858"}],"curies":[{"name":"wp","href":"https:\/\/api.w.org\/{rel}","templated":true}]}}