{"id":3836,"date":"2024-08-16T20:29:56","date_gmt":"2024-08-17T01:29:56","guid":{"rendered":"https:\/\/lotostoreco.com\/?post_type=product&#038;p=3836"},"modified":"2025-12-05T17:08:56","modified_gmt":"2025-12-05T22:08:56","slug":"luz-delantera-rockbros-para-bicicleta-1000-lumen","status":"publish","type":"product","link":"https:\/\/lotostoreco.com\/index.php\/producto\/luz-delantera-rockbros-para-bicicleta-1000-lumen\/","title":{"rendered":"Luz Delantera Rockbros para Bicicleta &#8211; 1000 Lumen con 5 Modos de Iluminaci\u00f3n"},"content":{"rendered":"<p class=\"selectable-text copyable-text x15bjb6t x1n2onr6\" dir=\"ltr\"><span class=\"selectable-text copyable-text\">\u00a1No te quedes a oscuras en tus paseos en bici! <\/span><\/p>\n<p class=\"selectable-text copyable-text x15bjb6t x1n2onr6\" dir=\"ltr\"><span class=\"selectable-text copyable-text\">Con nuestra luz delantera de alta calidad, hecha de aleaci\u00f3n de aluminio, tienes durabilidad y resistencia en un solo producto.<\/span><\/p>\n<p class=\"selectable-text copyable-text x15bjb6t x1n2onr6\" dir=\"ltr\"><span class=\"selectable-text copyable-text\">Ligera y f\u00e1cil de llevar, pesa solo 150 g y te ofrece un potente flujo de 1000 l\u00famenes, para que siempre veas el camino claro.<\/span><\/p>\n<p class=\"selectable-text copyable-text x15bjb6t x1n2onr6\" dir=\"ltr\"><span class=\"selectable-text copyable-text\">Cuenta con 5 modos de uso y una bater\u00eda de 4500 mAh que se carga por puerto tipo-C, asegurando horas de uso continuo. Adem\u00e1s, su control de temperatura y protecci\u00f3n de bajo voltaje te garantizan luz en cualquier condici\u00f3n. <\/span><\/p>\n<p class=\"selectable-text copyable-text x15bjb6t x1n2onr6\" dir=\"ltr\"><span class=\"selectable-text copyable-text\">Resistente al agua con IPX6, esta luz es tu compa\u00f1era ideal, incluso bajo la lluvia. \u00a1Hasta la puedes usar como linterna en casa!<\/span><\/p>\n","protected":false},"excerpt":{"rendered":"<p>Luz delantera recargable USB para bicicleta \u2014 1000 l\u00famenes, bater\u00eda de larga duraci\u00f3n y varios modos de iluminaci\u00f3n, ideal para paseos nocturnos seguros.<\/p>\n","protected":false},"featured_media":3837,"comment_status":"open","ping_status":"closed","template":"","meta":{"_kadence_starter_templates_imported_post":false,"_kad_post_transparent":"default","_kad_post_title":"","_kad_post_layout":"default","_kad_post_sidebar_id":"","_kad_post_content_style":"default","_kad_post_vertical_padding":"default","_kad_post_feature":"","_kad_post_feature_position":"","_kad_post_header":false,"_kad_post_footer":false,"_kad_post_classname":"","_joinchat":[]},"product_brand":[],"product_cat":[17,111],"product_tag":[322,325,324,319,320,185,321,318,323,326],"class_list":{"0":"post-3836","1":"product","2":"type-product","3":"status-publish","4":"has-post-thumbnail","6":"product_cat-deportes","7":"product_cat-toda-la-tienda","8":"product_tag-accesorios-bici","9":"product_tag-ciclismo-nocturno","10":"product_tag-faro-bicicleta-usb","11":"product_tag-linterna-bicicleta-recargable","12":"product_tag-luz-1000-lumenes","13":"product_tag-luz-bicicleta","14":"product_tag-luz-ciclismo-rockbros","15":"product_tag-luz-delantera-bicicleta","16":"product_tag-luz-led-bicicleta","17":"product_tag-luz-para-manillar","19":"first","20":"instock","21":"sale","22":"shipping-taxable","23":"purchasable","24":"product-type-simple","25":"entry","26":"content-bg","27":"loop-entry"},"yoast_head":"<!-- This site is optimized with the Yoast SEO plugin v27.4 - https:\/\/yoast.com\/product\/yoast-seo-wordpress\/ -->\n<title>luz-delantera-rockbros-para-bicicleta-1000-lumen<\/title>\n<meta name=\"description\" content=\"Luz delantera recargable USB para bicicleta \u2014 1000 l\u00famenes, bater\u00eda de larga duraci\u00f3n y varios modos de iluminaci\u00f3n, ideal para paseos nocturnos seguros.\" \/>\n<meta name=\"robots\" content=\"index, follow, max-snippet:-1, max-image-preview:large, max-video-preview:-1\" \/>\n<link rel=\"canonical\" href=\"https:\/\/lotostoreco.com\/index.php\/producto\/luz-delantera-rockbros-para-bicicleta-1000-lumen\/\" \/>\n<meta property=\"og:locale\" content=\"es_ES\" \/>\n<meta property=\"og:type\" content=\"article\" \/>\n<meta property=\"og:title\" content=\"luz-delantera-rockbros-para-bicicleta-1000-lumen\" \/>\n<meta property=\"og:description\" content=\"Luz delantera recargable USB para bicicleta \u2014 1000 l\u00famenes, bater\u00eda de larga duraci\u00f3n y varios modos de iluminaci\u00f3n, ideal para paseos nocturnos seguros.\" \/>\n<meta property=\"og:url\" content=\"https:\/\/lotostoreco.com\/index.php\/producto\/luz-delantera-rockbros-para-bicicleta-1000-lumen\/\" \/>\n<meta property=\"og:site_name\" content=\"Loto Store\" \/>\n<meta property=\"article:modified_time\" content=\"2025-12-05T22:08:56+00:00\" \/>\n<meta property=\"og:image\" content=\"https:\/\/lotostoreco.com\/wp-content\/uploads\/2024\/08\/1-1.png\" \/>\n\t<meta property=\"og:image:width\" content=\"1080\" \/>\n\t<meta property=\"og:image:height\" content=\"1080\" \/>\n\t<meta property=\"og:image:type\" content=\"image\/png\" \/>\n<meta name=\"twitter:card\" content=\"summary_large_image\" \/>\n<meta name=\"twitter:label1\" content=\"Tiempo de lectura\" \/>\n\t<meta name=\"twitter:data1\" content=\"1 minuto\" \/>\n<script type=\"application\/ld+json\" class=\"yoast-schema-graph\">{\"@context\":\"https:\\\/\\\/schema.org\",\"@graph\":[{\"@type\":\"WebPage\",\"@id\":\"https:\\\/\\\/lotostoreco.com\\\/index.php\\\/producto\\\/luz-delantera-rockbros-para-bicicleta-1000-lumen\\\/\",\"url\":\"https:\\\/\\\/lotostoreco.com\\\/index.php\\\/producto\\\/luz-delantera-rockbros-para-bicicleta-1000-lumen\\\/\",\"name\":\"luz-delantera-rockbros-para-bicicleta-1000-lumen\",\"isPartOf\":{\"@id\":\"https:\\\/\\\/lotostoreco.com\\\/#website\"},\"primaryImageOfPage\":{\"@id\":\"https:\\\/\\\/lotostoreco.com\\\/index.php\\\/producto\\\/luz-delantera-rockbros-para-bicicleta-1000-lumen\\\/#primaryimage\"},\"image\":{\"@id\":\"https:\\\/\\\/lotostoreco.com\\\/index.php\\\/producto\\\/luz-delantera-rockbros-para-bicicleta-1000-lumen\\\/#primaryimage\"},\"thumbnailUrl\":\"https:\\\/\\\/lotostoreco.com\\\/wp-content\\\/uploads\\\/2024\\\/08\\\/1-1.png\",\"datePublished\":\"2024-08-17T01:29:56+00:00\",\"dateModified\":\"2025-12-05T22:08:56+00:00\",\"description\":\"Luz delantera recargable USB para bicicleta \u2014 1000 l\u00famenes, bater\u00eda de larga duraci\u00f3n y varios modos de iluminaci\u00f3n, ideal para paseos nocturnos seguros.\",\"breadcrumb\":{\"@id\":\"https:\\\/\\\/lotostoreco.com\\\/index.php\\\/producto\\\/luz-delantera-rockbros-para-bicicleta-1000-lumen\\\/#breadcrumb\"},\"inLanguage\":\"es-CO\",\"potentialAction\":[{\"@type\":\"ReadAction\",\"target\":[\"https:\\\/\\\/lotostoreco.com\\\/index.php\\\/producto\\\/luz-delantera-rockbros-para-bicicleta-1000-lumen\\\/\"]}]},{\"@type\":\"ImageObject\",\"inLanguage\":\"es-CO\",\"@id\":\"https:\\\/\\\/lotostoreco.com\\\/index.php\\\/producto\\\/luz-delantera-rockbros-para-bicicleta-1000-lumen\\\/#primaryimage\",\"url\":\"https:\\\/\\\/lotostoreco.com\\\/wp-content\\\/uploads\\\/2024\\\/08\\\/1-1.png\",\"contentUrl\":\"https:\\\/\\\/lotostoreco.com\\\/wp-content\\\/uploads\\\/2024\\\/08\\\/1-1.png\",\"width\":1080,\"height\":1080},{\"@type\":\"BreadcrumbList\",\"@id\":\"https:\\\/\\\/lotostoreco.com\\\/index.php\\\/producto\\\/luz-delantera-rockbros-para-bicicleta-1000-lumen\\\/#breadcrumb\",\"itemListElement\":[{\"@type\":\"ListItem\",\"position\":1,\"name\":\"Inicio\",\"item\":\"https:\\\/\\\/lotostoreco.com\\\/\"},{\"@type\":\"ListItem\",\"position\":2,\"name\":\"Tienda\",\"item\":\"https:\\\/\\\/lotostoreco.com\\\/index.php\\\/shop\\\/\"},{\"@type\":\"ListItem\",\"position\":3,\"name\":\"Luz Delantera Rockbros para Bicicleta &#8211; 1000 Lumen con 5 Modos de Iluminaci\u00f3n\"}]},{\"@type\":\"WebSite\",\"@id\":\"https:\\\/\\\/lotostoreco.com\\\/#website\",\"url\":\"https:\\\/\\\/lotostoreco.com\\\/\",\"name\":\"Loto Store\",\"description\":\"Todo lo que te gusta a un solo click\",\"publisher\":{\"@id\":\"https:\\\/\\\/lotostoreco.com\\\/#organization\"},\"potentialAction\":[{\"@type\":\"SearchAction\",\"target\":{\"@type\":\"EntryPoint\",\"urlTemplate\":\"https:\\\/\\\/lotostoreco.com\\\/?s={search_term_string}\"},\"query-input\":{\"@type\":\"PropertyValueSpecification\",\"valueRequired\":true,\"valueName\":\"search_term_string\"}}],\"inLanguage\":\"es-CO\"},{\"@type\":\"Organization\",\"@id\":\"https:\\\/\\\/lotostoreco.com\\\/#organization\",\"name\":\"Loto Store\",\"url\":\"https:\\\/\\\/lotostoreco.com\\\/\",\"logo\":{\"@type\":\"ImageObject\",\"inLanguage\":\"es-CO\",\"@id\":\"https:\\\/\\\/lotostoreco.com\\\/#\\\/schema\\\/logo\\\/image\\\/\",\"url\":\"https:\\\/\\\/lotostoreco.com\\\/wp-content\\\/uploads\\\/2023\\\/10\\\/Logo-sin-fondo.png\",\"contentUrl\":\"https:\\\/\\\/lotostoreco.com\\\/wp-content\\\/uploads\\\/2023\\\/10\\\/Logo-sin-fondo.png\",\"width\":500,\"height\":500,\"caption\":\"Loto Store\"},\"image\":{\"@id\":\"https:\\\/\\\/lotostoreco.com\\\/#\\\/schema\\\/logo\\\/image\\\/\"}}]}<\/script>\n<!-- \/ Yoast SEO plugin. -->","yoast_head_json":{"title":"luz-delantera-rockbros-para-bicicleta-1000-lumen","description":"Luz delantera recargable USB para bicicleta \u2014 1000 l\u00famenes, bater\u00eda de larga duraci\u00f3n y varios modos de iluminaci\u00f3n, ideal para paseos nocturnos seguros.","robots":{"index":"index","follow":"follow","max-snippet":"max-snippet:-1","max-image-preview":"max-image-preview:large","max-video-preview":"max-video-preview:-1"},"canonical":"https:\/\/lotostoreco.com\/index.php\/producto\/luz-delantera-rockbros-para-bicicleta-1000-lumen\/","og_locale":"es_ES","og_type":"article","og_title":"luz-delantera-rockbros-para-bicicleta-1000-lumen","og_description":"Luz delantera recargable USB para bicicleta \u2014 1000 l\u00famenes, bater\u00eda de larga duraci\u00f3n y varios modos de iluminaci\u00f3n, ideal para paseos nocturnos seguros.","og_url":"https:\/\/lotostoreco.com\/index.php\/producto\/luz-delantera-rockbros-para-bicicleta-1000-lumen\/","og_site_name":"Loto Store","article_modified_time":"2025-12-05T22:08:56+00:00","og_image":[{"width":1080,"height":1080,"url":"https:\/\/lotostoreco.com\/wp-content\/uploads\/2024\/08\/1-1.png","type":"image\/png"}],"twitter_card":"summary_large_image","twitter_misc":{"Tiempo de lectura":"1 minuto"},"schema":{"@context":"https:\/\/schema.org","@graph":[{"@type":"WebPage","@id":"https:\/\/lotostoreco.com\/index.php\/producto\/luz-delantera-rockbros-para-bicicleta-1000-lumen\/","url":"https:\/\/lotostoreco.com\/index.php\/producto\/luz-delantera-rockbros-para-bicicleta-1000-lumen\/","name":"luz-delantera-rockbros-para-bicicleta-1000-lumen","isPartOf":{"@id":"https:\/\/lotostoreco.com\/#website"},"primaryImageOfPage":{"@id":"https:\/\/lotostoreco.com\/index.php\/producto\/luz-delantera-rockbros-para-bicicleta-1000-lumen\/#primaryimage"},"image":{"@id":"https:\/\/lotostoreco.com\/index.php\/producto\/luz-delantera-rockbros-para-bicicleta-1000-lumen\/#primaryimage"},"thumbnailUrl":"https:\/\/lotostoreco.com\/wp-content\/uploads\/2024\/08\/1-1.png","datePublished":"2024-08-17T01:29:56+00:00","dateModified":"2025-12-05T22:08:56+00:00","description":"Luz delantera recargable USB para bicicleta \u2014 1000 l\u00famenes, bater\u00eda de larga duraci\u00f3n y varios modos de iluminaci\u00f3n, ideal para paseos nocturnos seguros.","breadcrumb":{"@id":"https:\/\/lotostoreco.com\/index.php\/producto\/luz-delantera-rockbros-para-bicicleta-1000-lumen\/#breadcrumb"},"inLanguage":"es-CO","potentialAction":[{"@type":"ReadAction","target":["https:\/\/lotostoreco.com\/index.php\/producto\/luz-delantera-rockbros-para-bicicleta-1000-lumen\/"]}]},{"@type":"ImageObject","inLanguage":"es-CO","@id":"https:\/\/lotostoreco.com\/index.php\/producto\/luz-delantera-rockbros-para-bicicleta-1000-lumen\/#primaryimage","url":"https:\/\/lotostoreco.com\/wp-content\/uploads\/2024\/08\/1-1.png","contentUrl":"https:\/\/lotostoreco.com\/wp-content\/uploads\/2024\/08\/1-1.png","width":1080,"height":1080},{"@type":"BreadcrumbList","@id":"https:\/\/lotostoreco.com\/index.php\/producto\/luz-delantera-rockbros-para-bicicleta-1000-lumen\/#breadcrumb","itemListElement":[{"@type":"ListItem","position":1,"name":"Inicio","item":"https:\/\/lotostoreco.com\/"},{"@type":"ListItem","position":2,"name":"Tienda","item":"https:\/\/lotostoreco.com\/index.php\/shop\/"},{"@type":"ListItem","position":3,"name":"Luz Delantera Rockbros para Bicicleta &#8211; 1000 Lumen con 5 Modos de Iluminaci\u00f3n"}]},{"@type":"WebSite","@id":"https:\/\/lotostoreco.com\/#website","url":"https:\/\/lotostoreco.com\/","name":"Loto Store","description":"Todo lo que te gusta a un solo click","publisher":{"@id":"https:\/\/lotostoreco.com\/#organization"},"potentialAction":[{"@type":"SearchAction","target":{"@type":"EntryPoint","urlTemplate":"https:\/\/lotostoreco.com\/?s={search_term_string}"},"query-input":{"@type":"PropertyValueSpecification","valueRequired":true,"valueName":"search_term_string"}}],"inLanguage":"es-CO"},{"@type":"Organization","@id":"https:\/\/lotostoreco.com\/#organization","name":"Loto Store","url":"https:\/\/lotostoreco.com\/","logo":{"@type":"ImageObject","inLanguage":"es-CO","@id":"https:\/\/lotostoreco.com\/#\/schema\/logo\/image\/","url":"https:\/\/lotostoreco.com\/wp-content\/uploads\/2023\/10\/Logo-sin-fondo.png","contentUrl":"https:\/\/lotostoreco.com\/wp-content\/uploads\/2023\/10\/Logo-sin-fondo.png","width":500,"height":500,"caption":"Loto Store"},"image":{"@id":"https:\/\/lotostoreco.com\/#\/schema\/logo\/image\/"}}]}},"jetpack_sharing_enabled":true,"_links":{"self":[{"href":"https:\/\/lotostoreco.com\/index.php\/wp-json\/wp\/v2\/product\/3836","targetHints":{"allow":["GET"]}}],"collection":[{"href":"https:\/\/lotostoreco.com\/index.php\/wp-json\/wp\/v2\/product"}],"about":[{"href":"https:\/\/lotostoreco.com\/index.php\/wp-json\/wp\/v2\/types\/product"}],"replies":[{"embeddable":true,"href":"https:\/\/lotostoreco.com\/index.php\/wp-json\/wp\/v2\/comments?post=3836"}],"version-history":[{"count":2,"href":"https:\/\/lotostoreco.com\/index.php\/wp-json\/wp\/v2\/product\/3836\/revisions"}],"predecessor-version":[{"id":4520,"href":"https:\/\/lotostoreco.com\/index.php\/wp-json\/wp\/v2\/product\/3836\/revisions\/4520"}],"wp:featuredmedia":[{"embeddable":true,"href":"https:\/\/lotostoreco.com\/index.php\/wp-json\/wp\/v2\/media\/3837"}],"wp:attachment":[{"href":"https:\/\/lotostoreco.com\/index.php\/wp-json\/wp\/v2\/media?parent=3836"}],"wp:term":[{"taxonomy":"product_brand","embeddable":true,"href":"https:\/\/lotostoreco.com\/index.php\/wp-json\/wp\/v2\/product_brand?post=3836"},{"taxonomy":"product_cat","embeddable":true,"href":"https:\/\/lotostoreco.com\/index.php\/wp-json\/wp\/v2\/product_cat?post=3836"},{"taxonomy":"product_tag","embeddable":true,"href":"https:\/\/lotostoreco.com\/index.php\/wp-json\/wp\/v2\/product_tag?post=3836"}],"curies":[{"name":"wp","href":"https:\/\/api.w.org\/{rel}","templated":true}]}}