{"id":3810,"date":"2024-08-10T19:11:06","date_gmt":"2024-08-11T00:11:06","guid":{"rendered":"https:\/\/lotostoreco.com\/?post_type=product&#038;p=3810"},"modified":"2025-12-05T09:52:06","modified_gmt":"2025-12-05T14:52:06","slug":"kit-de-teclado-y-mouse-inalambrico","status":"publish","type":"product","link":"https:\/\/lotostoreco.com\/index.php\/producto\/kit-de-teclado-y-mouse-inalambrico\/","title":{"rendered":"Kit De Teclado y Mouse Inalambrico"},"content":{"rendered":"<p>Descubre la combinaci\u00f3n perfecta de estilo, comodidad y tecnolog\u00eda con nuestro kit de teclado y mouse inal\u00e1mbricos. Su dise\u00f1o vibrante y duradero en material ABS a\u00f1ade un toque \u00fanico a tu espacio de trabajo.<\/p>\n<p>Las teclas redondeadas ofrecen una experiencia de escritura distintiva, con un sonido agradable y una sensaci\u00f3n t\u00e1ctil que potencia tu productividad. Disfruta de una escritura silenciosa y fluida, y navega con precisi\u00f3n gracias al mouse con ajuste DPI y sensores altamente receptivos.<\/p>\n<p>El teclado funciona con una bater\u00eda AAA y el mouse con una bater\u00eda AA y se conectan por interfaz USB, brind\u00e1ndote la libertad inal\u00e1mbrica para mantener tu escritorio limpio y ordenado.<\/p>\n","protected":false},"excerpt":{"rendered":"<p>Descubre la combinaci\u00f3n perfecta de estilo, comodidad y tecnolog\u00eda con nuestro kit de teclado y mouse inal\u00e1mbricos. Su dise\u00f1o vibrante y duradero en material ABS a\u00f1ade un toque \u00fanico a tu espacio de trabajo. Las teclas redondeadas ofrecen una experiencia de escritura distintiva, con un sonido agradable y una sensaci\u00f3n t\u00e1ctil que potencia tu productividad&#8230;.<\/p>\n","protected":false},"featured_media":3811,"comment_status":"open","ping_status":"closed","template":"","meta":{"_kadence_starter_templates_imported_post":false,"_kad_post_transparent":"default","_kad_post_title":"","_kad_post_layout":"default","_kad_post_sidebar_id":"","_kad_post_content_style":"default","_kad_post_vertical_padding":"default","_kad_post_feature":"","_kad_post_feature_position":"","_kad_post_header":false,"_kad_post_footer":false,"_kad_post_classname":"","_joinchat":[]},"product_brand":[],"product_cat":[93,111],"product_tag":[],"class_list":{"0":"post-3810","1":"product","2":"type-product","3":"status-publish","4":"has-post-thumbnail","6":"product_cat-oficina-escolar","7":"product_cat-toda-la-tienda","9":"first","10":"instock","11":"sale","12":"shipping-taxable","13":"purchasable","14":"product-type-variable","15":"entry","16":"content-bg","17":"loop-entry"},"yoast_head":"<!-- This site is optimized with the Yoast SEO plugin v27.4 - https:\/\/yoast.com\/product\/yoast-seo-wordpress\/ -->\n<title>Kit De Teclado y Mouse Inalambrico - Loto Store<\/title>\n<meta name=\"robots\" content=\"index, follow, max-snippet:-1, max-image-preview:large, max-video-preview:-1\" \/>\n<link rel=\"canonical\" href=\"https:\/\/lotostoreco.com\/index.php\/producto\/kit-de-teclado-y-mouse-inalambrico\/\" \/>\n<meta property=\"og:locale\" content=\"es_ES\" \/>\n<meta property=\"og:type\" content=\"article\" \/>\n<meta property=\"og:title\" content=\"Kit De Teclado y Mouse Inalambrico - Loto Store\" \/>\n<meta property=\"og:description\" content=\"Descubre la combinaci\u00f3n perfecta de estilo, comodidad y tecnolog\u00eda con nuestro kit de teclado y mouse inal\u00e1mbricos. Su dise\u00f1o vibrante y duradero en material ABS a\u00f1ade un toque \u00fanico a tu espacio de trabajo. Las teclas redondeadas ofrecen una experiencia de escritura distintiva, con un sonido agradable y una sensaci\u00f3n t\u00e1ctil que potencia tu productividad....\" \/>\n<meta property=\"og:url\" content=\"https:\/\/lotostoreco.com\/index.php\/producto\/kit-de-teclado-y-mouse-inalambrico\/\" \/>\n<meta property=\"og:site_name\" content=\"Loto Store\" \/>\n<meta property=\"article:modified_time\" content=\"2025-12-05T14:52:06+00:00\" \/>\n<meta property=\"og:image\" content=\"https:\/\/lotostoreco.com\/wp-content\/uploads\/2024\/08\/1.jpg\" \/>\n\t<meta property=\"og:image:width\" content=\"1080\" \/>\n\t<meta property=\"og:image:height\" content=\"1080\" \/>\n\t<meta property=\"og:image:type\" content=\"image\/jpeg\" \/>\n<meta name=\"twitter:card\" content=\"summary_large_image\" \/>\n<meta name=\"twitter:label1\" content=\"Tiempo de lectura\" \/>\n\t<meta name=\"twitter:data1\" content=\"1 minuto\" \/>\n<script type=\"application\/ld+json\" class=\"yoast-schema-graph\">{\"@context\":\"https:\\\/\\\/schema.org\",\"@graph\":[{\"@type\":\"WebPage\",\"@id\":\"https:\\\/\\\/lotostoreco.com\\\/index.php\\\/producto\\\/kit-de-teclado-y-mouse-inalambrico\\\/\",\"url\":\"https:\\\/\\\/lotostoreco.com\\\/index.php\\\/producto\\\/kit-de-teclado-y-mouse-inalambrico\\\/\",\"name\":\"Kit De Teclado y Mouse Inalambrico - Loto Store\",\"isPartOf\":{\"@id\":\"https:\\\/\\\/lotostoreco.com\\\/#website\"},\"primaryImageOfPage\":{\"@id\":\"https:\\\/\\\/lotostoreco.com\\\/index.php\\\/producto\\\/kit-de-teclado-y-mouse-inalambrico\\\/#primaryimage\"},\"image\":{\"@id\":\"https:\\\/\\\/lotostoreco.com\\\/index.php\\\/producto\\\/kit-de-teclado-y-mouse-inalambrico\\\/#primaryimage\"},\"thumbnailUrl\":\"https:\\\/\\\/lotostoreco.com\\\/wp-content\\\/uploads\\\/2024\\\/08\\\/1.jpg\",\"datePublished\":\"2024-08-11T00:11:06+00:00\",\"dateModified\":\"2025-12-05T14:52:06+00:00\",\"breadcrumb\":{\"@id\":\"https:\\\/\\\/lotostoreco.com\\\/index.php\\\/producto\\\/kit-de-teclado-y-mouse-inalambrico\\\/#breadcrumb\"},\"inLanguage\":\"es-CO\",\"potentialAction\":[{\"@type\":\"ReadAction\",\"target\":[\"https:\\\/\\\/lotostoreco.com\\\/index.php\\\/producto\\\/kit-de-teclado-y-mouse-inalambrico\\\/\"]}]},{\"@type\":\"ImageObject\",\"inLanguage\":\"es-CO\",\"@id\":\"https:\\\/\\\/lotostoreco.com\\\/index.php\\\/producto\\\/kit-de-teclado-y-mouse-inalambrico\\\/#primaryimage\",\"url\":\"https:\\\/\\\/lotostoreco.com\\\/wp-content\\\/uploads\\\/2024\\\/08\\\/1.jpg\",\"contentUrl\":\"https:\\\/\\\/lotostoreco.com\\\/wp-content\\\/uploads\\\/2024\\\/08\\\/1.jpg\",\"width\":1080,\"height\":1080},{\"@type\":\"BreadcrumbList\",\"@id\":\"https:\\\/\\\/lotostoreco.com\\\/index.php\\\/producto\\\/kit-de-teclado-y-mouse-inalambrico\\\/#breadcrumb\",\"itemListElement\":[{\"@type\":\"ListItem\",\"position\":1,\"name\":\"Inicio\",\"item\":\"https:\\\/\\\/lotostoreco.com\\\/\"},{\"@type\":\"ListItem\",\"position\":2,\"name\":\"Tienda\",\"item\":\"https:\\\/\\\/lotostoreco.com\\\/index.php\\\/shop\\\/\"},{\"@type\":\"ListItem\",\"position\":3,\"name\":\"Kit De Teclado y Mouse Inalambrico\"}]},{\"@type\":\"WebSite\",\"@id\":\"https:\\\/\\\/lotostoreco.com\\\/#website\",\"url\":\"https:\\\/\\\/lotostoreco.com\\\/\",\"name\":\"Loto Store\",\"description\":\"Todo lo que te gusta a un solo click\",\"publisher\":{\"@id\":\"https:\\\/\\\/lotostoreco.com\\\/#organization\"},\"potentialAction\":[{\"@type\":\"SearchAction\",\"target\":{\"@type\":\"EntryPoint\",\"urlTemplate\":\"https:\\\/\\\/lotostoreco.com\\\/?s={search_term_string}\"},\"query-input\":{\"@type\":\"PropertyValueSpecification\",\"valueRequired\":true,\"valueName\":\"search_term_string\"}}],\"inLanguage\":\"es-CO\"},{\"@type\":\"Organization\",\"@id\":\"https:\\\/\\\/lotostoreco.com\\\/#organization\",\"name\":\"Loto Store\",\"url\":\"https:\\\/\\\/lotostoreco.com\\\/\",\"logo\":{\"@type\":\"ImageObject\",\"inLanguage\":\"es-CO\",\"@id\":\"https:\\\/\\\/lotostoreco.com\\\/#\\\/schema\\\/logo\\\/image\\\/\",\"url\":\"https:\\\/\\\/lotostoreco.com\\\/wp-content\\\/uploads\\\/2023\\\/10\\\/Logo-sin-fondo.png\",\"contentUrl\":\"https:\\\/\\\/lotostoreco.com\\\/wp-content\\\/uploads\\\/2023\\\/10\\\/Logo-sin-fondo.png\",\"width\":500,\"height\":500,\"caption\":\"Loto Store\"},\"image\":{\"@id\":\"https:\\\/\\\/lotostoreco.com\\\/#\\\/schema\\\/logo\\\/image\\\/\"}}]}<\/script>\n<!-- \/ Yoast SEO plugin. -->","yoast_head_json":{"title":"Kit De Teclado y Mouse Inalambrico - Loto Store","robots":{"index":"index","follow":"follow","max-snippet":"max-snippet:-1","max-image-preview":"max-image-preview:large","max-video-preview":"max-video-preview:-1"},"canonical":"https:\/\/lotostoreco.com\/index.php\/producto\/kit-de-teclado-y-mouse-inalambrico\/","og_locale":"es_ES","og_type":"article","og_title":"Kit De Teclado y Mouse Inalambrico - Loto Store","og_description":"Descubre la combinaci\u00f3n perfecta de estilo, comodidad y tecnolog\u00eda con nuestro kit de teclado y mouse inal\u00e1mbricos. Su dise\u00f1o vibrante y duradero en material ABS a\u00f1ade un toque \u00fanico a tu espacio de trabajo. Las teclas redondeadas ofrecen una experiencia de escritura distintiva, con un sonido agradable y una sensaci\u00f3n t\u00e1ctil que potencia tu productividad....","og_url":"https:\/\/lotostoreco.com\/index.php\/producto\/kit-de-teclado-y-mouse-inalambrico\/","og_site_name":"Loto Store","article_modified_time":"2025-12-05T14:52:06+00:00","og_image":[{"width":1080,"height":1080,"url":"https:\/\/lotostoreco.com\/wp-content\/uploads\/2024\/08\/1.jpg","type":"image\/jpeg"}],"twitter_card":"summary_large_image","twitter_misc":{"Tiempo de lectura":"1 minuto"},"schema":{"@context":"https:\/\/schema.org","@graph":[{"@type":"WebPage","@id":"https:\/\/lotostoreco.com\/index.php\/producto\/kit-de-teclado-y-mouse-inalambrico\/","url":"https:\/\/lotostoreco.com\/index.php\/producto\/kit-de-teclado-y-mouse-inalambrico\/","name":"Kit De Teclado y Mouse Inalambrico - Loto Store","isPartOf":{"@id":"https:\/\/lotostoreco.com\/#website"},"primaryImageOfPage":{"@id":"https:\/\/lotostoreco.com\/index.php\/producto\/kit-de-teclado-y-mouse-inalambrico\/#primaryimage"},"image":{"@id":"https:\/\/lotostoreco.com\/index.php\/producto\/kit-de-teclado-y-mouse-inalambrico\/#primaryimage"},"thumbnailUrl":"https:\/\/lotostoreco.com\/wp-content\/uploads\/2024\/08\/1.jpg","datePublished":"2024-08-11T00:11:06+00:00","dateModified":"2025-12-05T14:52:06+00:00","breadcrumb":{"@id":"https:\/\/lotostoreco.com\/index.php\/producto\/kit-de-teclado-y-mouse-inalambrico\/#breadcrumb"},"inLanguage":"es-CO","potentialAction":[{"@type":"ReadAction","target":["https:\/\/lotostoreco.com\/index.php\/producto\/kit-de-teclado-y-mouse-inalambrico\/"]}]},{"@type":"ImageObject","inLanguage":"es-CO","@id":"https:\/\/lotostoreco.com\/index.php\/producto\/kit-de-teclado-y-mouse-inalambrico\/#primaryimage","url":"https:\/\/lotostoreco.com\/wp-content\/uploads\/2024\/08\/1.jpg","contentUrl":"https:\/\/lotostoreco.com\/wp-content\/uploads\/2024\/08\/1.jpg","width":1080,"height":1080},{"@type":"BreadcrumbList","@id":"https:\/\/lotostoreco.com\/index.php\/producto\/kit-de-teclado-y-mouse-inalambrico\/#breadcrumb","itemListElement":[{"@type":"ListItem","position":1,"name":"Inicio","item":"https:\/\/lotostoreco.com\/"},{"@type":"ListItem","position":2,"name":"Tienda","item":"https:\/\/lotostoreco.com\/index.php\/shop\/"},{"@type":"ListItem","position":3,"name":"Kit De Teclado y Mouse Inalambrico"}]},{"@type":"WebSite","@id":"https:\/\/lotostoreco.com\/#website","url":"https:\/\/lotostoreco.com\/","name":"Loto Store","description":"Todo lo que te gusta a un solo click","publisher":{"@id":"https:\/\/lotostoreco.com\/#organization"},"potentialAction":[{"@type":"SearchAction","target":{"@type":"EntryPoint","urlTemplate":"https:\/\/lotostoreco.com\/?s={search_term_string}"},"query-input":{"@type":"PropertyValueSpecification","valueRequired":true,"valueName":"search_term_string"}}],"inLanguage":"es-CO"},{"@type":"Organization","@id":"https:\/\/lotostoreco.com\/#organization","name":"Loto Store","url":"https:\/\/lotostoreco.com\/","logo":{"@type":"ImageObject","inLanguage":"es-CO","@id":"https:\/\/lotostoreco.com\/#\/schema\/logo\/image\/","url":"https:\/\/lotostoreco.com\/wp-content\/uploads\/2023\/10\/Logo-sin-fondo.png","contentUrl":"https:\/\/lotostoreco.com\/wp-content\/uploads\/2023\/10\/Logo-sin-fondo.png","width":500,"height":500,"caption":"Loto Store"},"image":{"@id":"https:\/\/lotostoreco.com\/#\/schema\/logo\/image\/"}}]}},"jetpack_sharing_enabled":true,"_links":{"self":[{"href":"https:\/\/lotostoreco.com\/index.php\/wp-json\/wp\/v2\/product\/3810","targetHints":{"allow":["GET"]}}],"collection":[{"href":"https:\/\/lotostoreco.com\/index.php\/wp-json\/wp\/v2\/product"}],"about":[{"href":"https:\/\/lotostoreco.com\/index.php\/wp-json\/wp\/v2\/types\/product"}],"replies":[{"embeddable":true,"href":"https:\/\/lotostoreco.com\/index.php\/wp-json\/wp\/v2\/comments?post=3810"}],"version-history":[{"count":2,"href":"https:\/\/lotostoreco.com\/index.php\/wp-json\/wp\/v2\/product\/3810\/revisions"}],"predecessor-version":[{"id":3844,"href":"https:\/\/lotostoreco.com\/index.php\/wp-json\/wp\/v2\/product\/3810\/revisions\/3844"}],"wp:featuredmedia":[{"embeddable":true,"href":"https:\/\/lotostoreco.com\/index.php\/wp-json\/wp\/v2\/media\/3811"}],"wp:attachment":[{"href":"https:\/\/lotostoreco.com\/index.php\/wp-json\/wp\/v2\/media?parent=3810"}],"wp:term":[{"taxonomy":"product_brand","embeddable":true,"href":"https:\/\/lotostoreco.com\/index.php\/wp-json\/wp\/v2\/product_brand?post=3810"},{"taxonomy":"product_cat","embeddable":true,"href":"https:\/\/lotostoreco.com\/index.php\/wp-json\/wp\/v2\/product_cat?post=3810"},{"taxonomy":"product_tag","embeddable":true,"href":"https:\/\/lotostoreco.com\/index.php\/wp-json\/wp\/v2\/product_tag?post=3810"}],"curies":[{"name":"wp","href":"https:\/\/api.w.org\/{rel}","templated":true}]}}