{"id":3550,"date":"2024-07-09T10:00:40","date_gmt":"2024-07-09T15:00:40","guid":{"rendered":"https:\/\/lotostoreco.com\/?post_type=product&#038;p=3550"},"modified":"2026-02-12T10:09:23","modified_gmt":"2026-02-12T15:09:23","slug":"2-pilas-bolsas-refrigerantes-modulares-lactancia-alimentos","status":"publish","type":"product","link":"https:\/\/lotostoreco.com\/index.php\/producto\/2-pilas-bolsas-refrigerantes-modulares-lactancia-alimentos\/","title":{"rendered":"2 Pilas &#8211; Bolsas Refrigerantes Modulares Lactancia Alimentos"},"content":{"rendered":"<p>Dale a tu leche materna, bebidas y alimentos el cuidado que merece con la pila refrigerante marca V-Coool. Dise\u00f1ada para mantener la frescura y la calidad, esta pila es tu compa\u00f1era ideal para el d\u00eda a d\u00eda.<\/p>\n<p>Con compartimentos modulares y un dise\u00f1o compacto, la pila V-Coool no solo conserva la temperatura perfecta, sino que tambi\u00e9n hace que cada salida sea m\u00e1s sencilla y segura.<\/p>\n<p>&#8220;Conf\u00eda en V-Coool para mantener tu leche materna, alimentos y bebidas siempre frescos y listos para disfrutar.&#8221;<\/p>\n<p>Contenido:<br \/>\n2 Pilas Refrigerantes Modulares para Frascos y Botellas.<\/p>\n","protected":false},"excerpt":{"rendered":"<p>Mant\u00e9n la leche materna y los alimentos frescos por m\u00e1s tiempo con estas 2 pilas de bolsas refrigerantes modulares. Ideales para lactancia y conservaci\u00f3n de comida.<\/p>\n","protected":false},"featured_media":3551,"comment_status":"open","ping_status":"closed","template":"","meta":{"_kadence_starter_templates_imported_post":false,"_kad_post_transparent":"default","_kad_post_title":"","_kad_post_layout":"default","_kad_post_sidebar_id":"","_kad_post_content_style":"default","_kad_post_vertical_padding":"default","_kad_post_feature":"","_kad_post_feature_position":"","_kad_post_header":false,"_kad_post_footer":false,"_kad_post_classname":"","_joinchat":[]},"product_brand":[],"product_cat":[47,111],"product_tag":[178,180,179,181,177,183,140,182],"class_list":{"0":"post-3550","1":"product","2":"type-product","3":"status-publish","4":"has-post-thumbnail","6":"product_cat-lactancia","7":"product_cat-toda-la-tienda","8":"product_tag-almacenamientoleche","9":"product_tag-bebes","10":"product_tag-bolsasrefrigerantes","11":"product_tag-conservacionalimentos","12":"product_tag-lactancia","13":"product_tag-mamas","14":"product_tag-maternidad","15":"product_tag-practicidad","17":"first","18":"instock","19":"sale","20":"shipping-taxable","21":"purchasable","22":"product-type-simple","23":"entry","24":"content-bg","25":"loop-entry"},"yoast_head":"<!-- This site is optimized with the Yoast SEO plugin v27.4 - https:\/\/yoast.com\/product\/yoast-seo-wordpress\/ -->\n<title>2 Pilas - Bolsas Refrigerantes Modulares Lactancia Alimentos - Loto Store<\/title>\n<meta name=\"robots\" content=\"index, follow, max-snippet:-1, max-image-preview:large, max-video-preview:-1\" \/>\n<link rel=\"canonical\" href=\"https:\/\/lotostoreco.com\/index.php\/producto\/2-pilas-bolsas-refrigerantes-modulares-lactancia-alimentos\/\" \/>\n<meta property=\"og:locale\" content=\"es_ES\" \/>\n<meta property=\"og:type\" content=\"article\" \/>\n<meta property=\"og:title\" content=\"2 Pilas - Bolsas Refrigerantes Modulares Lactancia Alimentos - Loto Store\" \/>\n<meta property=\"og:description\" content=\"Mant\u00e9n la leche materna y los alimentos frescos por m\u00e1s tiempo con estas 2 pilas de bolsas refrigerantes modulares. Ideales para lactancia y conservaci\u00f3n de comida.\" \/>\n<meta property=\"og:url\" content=\"https:\/\/lotostoreco.com\/index.php\/producto\/2-pilas-bolsas-refrigerantes-modulares-lactancia-alimentos\/\" \/>\n<meta property=\"og:site_name\" content=\"Loto Store\" \/>\n<meta property=\"article:modified_time\" content=\"2026-02-12T15:09:23+00:00\" \/>\n<meta property=\"og:image\" content=\"https:\/\/lotostoreco.com\/wp-content\/uploads\/2024\/07\/1-4.png\" \/>\n\t<meta property=\"og:image:width\" content=\"1080\" \/>\n\t<meta property=\"og:image:height\" content=\"1080\" \/>\n\t<meta property=\"og:image:type\" content=\"image\/png\" \/>\n<meta name=\"twitter:card\" content=\"summary_large_image\" \/>\n<meta name=\"twitter:label1\" content=\"Tiempo de lectura\" \/>\n\t<meta name=\"twitter:data1\" content=\"1 minuto\" \/>\n<script type=\"application\/ld+json\" class=\"yoast-schema-graph\">{\"@context\":\"https:\\\/\\\/schema.org\",\"@graph\":[{\"@type\":\"WebPage\",\"@id\":\"https:\\\/\\\/lotostoreco.com\\\/index.php\\\/producto\\\/2-pilas-bolsas-refrigerantes-modulares-lactancia-alimentos\\\/\",\"url\":\"https:\\\/\\\/lotostoreco.com\\\/index.php\\\/producto\\\/2-pilas-bolsas-refrigerantes-modulares-lactancia-alimentos\\\/\",\"name\":\"2 Pilas - Bolsas Refrigerantes Modulares Lactancia Alimentos - Loto Store\",\"isPartOf\":{\"@id\":\"https:\\\/\\\/lotostoreco.com\\\/#website\"},\"primaryImageOfPage\":{\"@id\":\"https:\\\/\\\/lotostoreco.com\\\/index.php\\\/producto\\\/2-pilas-bolsas-refrigerantes-modulares-lactancia-alimentos\\\/#primaryimage\"},\"image\":{\"@id\":\"https:\\\/\\\/lotostoreco.com\\\/index.php\\\/producto\\\/2-pilas-bolsas-refrigerantes-modulares-lactancia-alimentos\\\/#primaryimage\"},\"thumbnailUrl\":\"https:\\\/\\\/lotostoreco.com\\\/wp-content\\\/uploads\\\/2024\\\/07\\\/1-4.png\",\"datePublished\":\"2024-07-09T15:00:40+00:00\",\"dateModified\":\"2026-02-12T15:09:23+00:00\",\"breadcrumb\":{\"@id\":\"https:\\\/\\\/lotostoreco.com\\\/index.php\\\/producto\\\/2-pilas-bolsas-refrigerantes-modulares-lactancia-alimentos\\\/#breadcrumb\"},\"inLanguage\":\"es-CO\",\"potentialAction\":[{\"@type\":\"ReadAction\",\"target\":[\"https:\\\/\\\/lotostoreco.com\\\/index.php\\\/producto\\\/2-pilas-bolsas-refrigerantes-modulares-lactancia-alimentos\\\/\"]}]},{\"@type\":\"ImageObject\",\"inLanguage\":\"es-CO\",\"@id\":\"https:\\\/\\\/lotostoreco.com\\\/index.php\\\/producto\\\/2-pilas-bolsas-refrigerantes-modulares-lactancia-alimentos\\\/#primaryimage\",\"url\":\"https:\\\/\\\/lotostoreco.com\\\/wp-content\\\/uploads\\\/2024\\\/07\\\/1-4.png\",\"contentUrl\":\"https:\\\/\\\/lotostoreco.com\\\/wp-content\\\/uploads\\\/2024\\\/07\\\/1-4.png\",\"width\":1080,\"height\":1080},{\"@type\":\"BreadcrumbList\",\"@id\":\"https:\\\/\\\/lotostoreco.com\\\/index.php\\\/producto\\\/2-pilas-bolsas-refrigerantes-modulares-lactancia-alimentos\\\/#breadcrumb\",\"itemListElement\":[{\"@type\":\"ListItem\",\"position\":1,\"name\":\"Inicio\",\"item\":\"https:\\\/\\\/lotostoreco.com\\\/\"},{\"@type\":\"ListItem\",\"position\":2,\"name\":\"Tienda\",\"item\":\"https:\\\/\\\/lotostoreco.com\\\/index.php\\\/shop\\\/\"},{\"@type\":\"ListItem\",\"position\":3,\"name\":\"2 Pilas &#8211; Bolsas Refrigerantes Modulares Lactancia Alimentos\"}]},{\"@type\":\"WebSite\",\"@id\":\"https:\\\/\\\/lotostoreco.com\\\/#website\",\"url\":\"https:\\\/\\\/lotostoreco.com\\\/\",\"name\":\"Loto Store\",\"description\":\"Todo lo que te gusta a un solo click\",\"publisher\":{\"@id\":\"https:\\\/\\\/lotostoreco.com\\\/#organization\"},\"potentialAction\":[{\"@type\":\"SearchAction\",\"target\":{\"@type\":\"EntryPoint\",\"urlTemplate\":\"https:\\\/\\\/lotostoreco.com\\\/?s={search_term_string}\"},\"query-input\":{\"@type\":\"PropertyValueSpecification\",\"valueRequired\":true,\"valueName\":\"search_term_string\"}}],\"inLanguage\":\"es-CO\"},{\"@type\":\"Organization\",\"@id\":\"https:\\\/\\\/lotostoreco.com\\\/#organization\",\"name\":\"Loto Store\",\"url\":\"https:\\\/\\\/lotostoreco.com\\\/\",\"logo\":{\"@type\":\"ImageObject\",\"inLanguage\":\"es-CO\",\"@id\":\"https:\\\/\\\/lotostoreco.com\\\/#\\\/schema\\\/logo\\\/image\\\/\",\"url\":\"https:\\\/\\\/lotostoreco.com\\\/wp-content\\\/uploads\\\/2023\\\/10\\\/Logo-sin-fondo.png\",\"contentUrl\":\"https:\\\/\\\/lotostoreco.com\\\/wp-content\\\/uploads\\\/2023\\\/10\\\/Logo-sin-fondo.png\",\"width\":500,\"height\":500,\"caption\":\"Loto Store\"},\"image\":{\"@id\":\"https:\\\/\\\/lotostoreco.com\\\/#\\\/schema\\\/logo\\\/image\\\/\"}}]}<\/script>\n<!-- \/ Yoast SEO plugin. -->","yoast_head_json":{"title":"2 Pilas - Bolsas Refrigerantes Modulares Lactancia Alimentos - Loto Store","robots":{"index":"index","follow":"follow","max-snippet":"max-snippet:-1","max-image-preview":"max-image-preview:large","max-video-preview":"max-video-preview:-1"},"canonical":"https:\/\/lotostoreco.com\/index.php\/producto\/2-pilas-bolsas-refrigerantes-modulares-lactancia-alimentos\/","og_locale":"es_ES","og_type":"article","og_title":"2 Pilas - Bolsas Refrigerantes Modulares Lactancia Alimentos - Loto Store","og_description":"Mant\u00e9n la leche materna y los alimentos frescos por m\u00e1s tiempo con estas 2 pilas de bolsas refrigerantes modulares. Ideales para lactancia y conservaci\u00f3n de comida.","og_url":"https:\/\/lotostoreco.com\/index.php\/producto\/2-pilas-bolsas-refrigerantes-modulares-lactancia-alimentos\/","og_site_name":"Loto Store","article_modified_time":"2026-02-12T15:09:23+00:00","og_image":[{"width":1080,"height":1080,"url":"https:\/\/lotostoreco.com\/wp-content\/uploads\/2024\/07\/1-4.png","type":"image\/png"}],"twitter_card":"summary_large_image","twitter_misc":{"Tiempo de lectura":"1 minuto"},"schema":{"@context":"https:\/\/schema.org","@graph":[{"@type":"WebPage","@id":"https:\/\/lotostoreco.com\/index.php\/producto\/2-pilas-bolsas-refrigerantes-modulares-lactancia-alimentos\/","url":"https:\/\/lotostoreco.com\/index.php\/producto\/2-pilas-bolsas-refrigerantes-modulares-lactancia-alimentos\/","name":"2 Pilas - Bolsas Refrigerantes Modulares Lactancia Alimentos - Loto Store","isPartOf":{"@id":"https:\/\/lotostoreco.com\/#website"},"primaryImageOfPage":{"@id":"https:\/\/lotostoreco.com\/index.php\/producto\/2-pilas-bolsas-refrigerantes-modulares-lactancia-alimentos\/#primaryimage"},"image":{"@id":"https:\/\/lotostoreco.com\/index.php\/producto\/2-pilas-bolsas-refrigerantes-modulares-lactancia-alimentos\/#primaryimage"},"thumbnailUrl":"https:\/\/lotostoreco.com\/wp-content\/uploads\/2024\/07\/1-4.png","datePublished":"2024-07-09T15:00:40+00:00","dateModified":"2026-02-12T15:09:23+00:00","breadcrumb":{"@id":"https:\/\/lotostoreco.com\/index.php\/producto\/2-pilas-bolsas-refrigerantes-modulares-lactancia-alimentos\/#breadcrumb"},"inLanguage":"es-CO","potentialAction":[{"@type":"ReadAction","target":["https:\/\/lotostoreco.com\/index.php\/producto\/2-pilas-bolsas-refrigerantes-modulares-lactancia-alimentos\/"]}]},{"@type":"ImageObject","inLanguage":"es-CO","@id":"https:\/\/lotostoreco.com\/index.php\/producto\/2-pilas-bolsas-refrigerantes-modulares-lactancia-alimentos\/#primaryimage","url":"https:\/\/lotostoreco.com\/wp-content\/uploads\/2024\/07\/1-4.png","contentUrl":"https:\/\/lotostoreco.com\/wp-content\/uploads\/2024\/07\/1-4.png","width":1080,"height":1080},{"@type":"BreadcrumbList","@id":"https:\/\/lotostoreco.com\/index.php\/producto\/2-pilas-bolsas-refrigerantes-modulares-lactancia-alimentos\/#breadcrumb","itemListElement":[{"@type":"ListItem","position":1,"name":"Inicio","item":"https:\/\/lotostoreco.com\/"},{"@type":"ListItem","position":2,"name":"Tienda","item":"https:\/\/lotostoreco.com\/index.php\/shop\/"},{"@type":"ListItem","position":3,"name":"2 Pilas &#8211; Bolsas Refrigerantes Modulares Lactancia Alimentos"}]},{"@type":"WebSite","@id":"https:\/\/lotostoreco.com\/#website","url":"https:\/\/lotostoreco.com\/","name":"Loto Store","description":"Todo lo que te gusta a un solo click","publisher":{"@id":"https:\/\/lotostoreco.com\/#organization"},"potentialAction":[{"@type":"SearchAction","target":{"@type":"EntryPoint","urlTemplate":"https:\/\/lotostoreco.com\/?s={search_term_string}"},"query-input":{"@type":"PropertyValueSpecification","valueRequired":true,"valueName":"search_term_string"}}],"inLanguage":"es-CO"},{"@type":"Organization","@id":"https:\/\/lotostoreco.com\/#organization","name":"Loto Store","url":"https:\/\/lotostoreco.com\/","logo":{"@type":"ImageObject","inLanguage":"es-CO","@id":"https:\/\/lotostoreco.com\/#\/schema\/logo\/image\/","url":"https:\/\/lotostoreco.com\/wp-content\/uploads\/2023\/10\/Logo-sin-fondo.png","contentUrl":"https:\/\/lotostoreco.com\/wp-content\/uploads\/2023\/10\/Logo-sin-fondo.png","width":500,"height":500,"caption":"Loto Store"},"image":{"@id":"https:\/\/lotostoreco.com\/#\/schema\/logo\/image\/"}}]}},"jetpack_sharing_enabled":true,"_links":{"self":[{"href":"https:\/\/lotostoreco.com\/index.php\/wp-json\/wp\/v2\/product\/3550","targetHints":{"allow":["GET"]}}],"collection":[{"href":"https:\/\/lotostoreco.com\/index.php\/wp-json\/wp\/v2\/product"}],"about":[{"href":"https:\/\/lotostoreco.com\/index.php\/wp-json\/wp\/v2\/types\/product"}],"replies":[{"embeddable":true,"href":"https:\/\/lotostoreco.com\/index.php\/wp-json\/wp\/v2\/comments?post=3550"}],"version-history":[{"count":3,"href":"https:\/\/lotostoreco.com\/index.php\/wp-json\/wp\/v2\/product\/3550\/revisions"}],"predecessor-version":[{"id":4276,"href":"https:\/\/lotostoreco.com\/index.php\/wp-json\/wp\/v2\/product\/3550\/revisions\/4276"}],"wp:featuredmedia":[{"embeddable":true,"href":"https:\/\/lotostoreco.com\/index.php\/wp-json\/wp\/v2\/media\/3551"}],"wp:attachment":[{"href":"https:\/\/lotostoreco.com\/index.php\/wp-json\/wp\/v2\/media?parent=3550"}],"wp:term":[{"taxonomy":"product_brand","embeddable":true,"href":"https:\/\/lotostoreco.com\/index.php\/wp-json\/wp\/v2\/product_brand?post=3550"},{"taxonomy":"product_cat","embeddable":true,"href":"https:\/\/lotostoreco.com\/index.php\/wp-json\/wp\/v2\/product_cat?post=3550"},{"taxonomy":"product_tag","embeddable":true,"href":"https:\/\/lotostoreco.com\/index.php\/wp-json\/wp\/v2\/product_tag?post=3550"}],"curies":[{"name":"wp","href":"https:\/\/api.w.org\/{rel}","templated":true}]}}