{"id":3491,"date":"2024-05-24T11:36:43","date_gmt":"2024-05-24T16:36:43","guid":{"rendered":"https:\/\/lotostoreco.com\/?post_type=product&#038;p=3491"},"modified":"2025-12-01T11:19:48","modified_gmt":"2025-12-01T16:19:48","slug":"gafas-rockbros-original-2-en-1-fotocromaticas-polarizada","status":"publish","type":"product","link":"https:\/\/lotostoreco.com\/index.php\/producto\/gafas-rockbros-original-2-en-1-fotocromaticas-polarizada\/","title":{"rendered":"Gafas Rockbros Original &#8211; 2 En 1 Fotocrom\u00e1ticas + Polarizada"},"content":{"rendered":"<p>Las gafas Rockbros SP246 son la combinaci\u00f3n perfecta de estilo y funcionalidad, con lentes intercambiables polarizados y fotocrom\u00e1ticos, estas gafas son ideales para tus rodadas.<\/p>\n<p>Su dise\u00f1o ergon\u00f3mico se adapta c\u00f3modamente a la forma de la cabeza y cuenta con gomas suaves para una perfecta adherencia sobre la nariz.<\/p>\n<p>Fabricadas con materiales de alta calidad como policarbonato y acetato, garantizan durabilidad y resistencia. Adem\u00e1s, su revestimiento con protecci\u00f3n UV 400 asegura una visi\u00f3n clara y protegida contra los rayos solares.<\/p>\n<p>Ofrecen una visibilidad excepcional en cualquier situaci\u00f3n!!<br \/>\nGracias a sus lentes fotocrom\u00e1ticos y polarizados, garantizan una visi\u00f3n n\u00edtida y sin deslumbramientos, adapt\u00e1ndose autom\u00e1ticamente a las condiciones de luz. Ya sea bajo el sol brillante o en entornos de baja luminosidad<\/p>\n<p>Proporcionan una claridad visual incomparable, permitiendo disfrutar al m\u00e1ximo de tus actividades al aire libre con total seguridad y comodidad.<\/p>\n<p>CONTENIDO:<br \/>\n1 Gafas Rockbros Originales (Incluye lente polarizado espejado y lente fotocromatico)<br \/>\n1 Estuche<br \/>\n1 Funda para gafas<br \/>\n1 Pa\u00f1o de limpieza<br \/>\n1 Marco para lentes formulado<\/p>\n","protected":false},"excerpt":{"rendered":"<p>Gafas deportivas Rockbros con lentes intercambiables: fotocrom\u00e1ticos y polarizados UV400 \u2014 claras en interiores o nublado, oscuras bajo el sol, ideales para ciclismo o actividades al aire libre.<\/p>\n","protected":false},"featured_media":3492,"comment_status":"open","ping_status":"closed","template":"","meta":{"_kadence_starter_templates_imported_post":false,"_kad_post_transparent":"default","_kad_post_title":"","_kad_post_layout":"default","_kad_post_sidebar_id":"","_kad_post_content_style":"default","_kad_post_vertical_padding":"default","_kad_post_feature":"","_kad_post_feature_position":"","_kad_post_header":false,"_kad_post_footer":false,"_kad_post_classname":"","_joinchat":[]},"product_brand":[],"product_cat":[17,111],"product_tag":[308,312,309,315,314,310,317,311,316,313],"class_list":{"0":"post-3491","1":"product","2":"type-product","3":"status-publish","4":"has-post-thumbnail","6":"product_cat-deportes","7":"product_cat-toda-la-tienda","8":"product_tag-gafas-ciclismo","9":"product_tag-gafas-deportivas","10":"product_tag-gafas-fotocromaticas","11":"product_tag-gafas-mtb","12":"product_tag-gafas-outdoor","13":"product_tag-gafas-polarizadas","14":"product_tag-gafas-proteccion-solar","15":"product_tag-gafas-rockbros","16":"product_tag-lentes-intercambiables","17":"product_tag-lentes-uv400","19":"first","20":"instock","21":"sale","22":"shipping-taxable","23":"purchasable","24":"product-type-simple","25":"entry","26":"content-bg","27":"loop-entry"},"yoast_head":"<!-- This site is optimized with the Yoast SEO plugin v27.4 - https:\/\/yoast.com\/product\/yoast-seo-wordpress\/ -->\n<title>Gafas Rockbros Original - 2 En 1 Fotocrom\u00e1ticas + Polarizada - Loto Store<\/title>\n<meta name=\"description\" content=\"Gafas deportivas Rockbros con lentes intercambiables: fotocrom\u00e1ticos y polarizados UV400, ideales para ciclismo o actividades al aire libre.\" \/>\n<meta name=\"robots\" content=\"index, follow, max-snippet:-1, max-image-preview:large, max-video-preview:-1\" \/>\n<link rel=\"canonical\" href=\"https:\/\/lotostoreco.com\/index.php\/producto\/gafas-rockbros-original-2-en-1-fotocromaticas-polarizada\/\" \/>\n<meta property=\"og:locale\" content=\"es_ES\" \/>\n<meta property=\"og:type\" content=\"article\" \/>\n<meta property=\"og:title\" content=\"Gafas Rockbros Original - 2 En 1 Fotocrom\u00e1ticas + Polarizada - Loto Store\" \/>\n<meta property=\"og:description\" content=\"Gafas deportivas Rockbros con lentes intercambiables: fotocrom\u00e1ticos y polarizados UV400, ideales para ciclismo o actividades al aire libre.\" \/>\n<meta property=\"og:url\" content=\"https:\/\/lotostoreco.com\/index.php\/producto\/gafas-rockbros-original-2-en-1-fotocromaticas-polarizada\/\" \/>\n<meta property=\"og:site_name\" content=\"Loto Store\" \/>\n<meta property=\"article:modified_time\" content=\"2025-12-01T16:19:48+00:00\" \/>\n<meta property=\"og:image\" content=\"https:\/\/lotostoreco.com\/wp-content\/uploads\/2024\/05\/1-2.jpg\" \/>\n\t<meta property=\"og:image:width\" content=\"940\" \/>\n\t<meta property=\"og:image:height\" content=\"788\" \/>\n\t<meta property=\"og:image:type\" content=\"image\/jpeg\" \/>\n<meta name=\"twitter:card\" content=\"summary_large_image\" \/>\n<meta name=\"twitter:label1\" content=\"Tiempo de lectura\" \/>\n\t<meta name=\"twitter:data1\" content=\"1 minuto\" \/>\n<script type=\"application\/ld+json\" class=\"yoast-schema-graph\">{\"@context\":\"https:\\\/\\\/schema.org\",\"@graph\":[{\"@type\":\"WebPage\",\"@id\":\"https:\\\/\\\/lotostoreco.com\\\/index.php\\\/producto\\\/gafas-rockbros-original-2-en-1-fotocromaticas-polarizada\\\/\",\"url\":\"https:\\\/\\\/lotostoreco.com\\\/index.php\\\/producto\\\/gafas-rockbros-original-2-en-1-fotocromaticas-polarizada\\\/\",\"name\":\"Gafas Rockbros Original - 2 En 1 Fotocrom\u00e1ticas + Polarizada - Loto Store\",\"isPartOf\":{\"@id\":\"https:\\\/\\\/lotostoreco.com\\\/#website\"},\"primaryImageOfPage\":{\"@id\":\"https:\\\/\\\/lotostoreco.com\\\/index.php\\\/producto\\\/gafas-rockbros-original-2-en-1-fotocromaticas-polarizada\\\/#primaryimage\"},\"image\":{\"@id\":\"https:\\\/\\\/lotostoreco.com\\\/index.php\\\/producto\\\/gafas-rockbros-original-2-en-1-fotocromaticas-polarizada\\\/#primaryimage\"},\"thumbnailUrl\":\"https:\\\/\\\/lotostoreco.com\\\/wp-content\\\/uploads\\\/2024\\\/05\\\/1-2.jpg\",\"datePublished\":\"2024-05-24T16:36:43+00:00\",\"dateModified\":\"2025-12-01T16:19:48+00:00\",\"description\":\"Gafas deportivas Rockbros con lentes intercambiables: fotocrom\u00e1ticos y polarizados UV400, ideales para ciclismo o actividades al aire libre.\",\"breadcrumb\":{\"@id\":\"https:\\\/\\\/lotostoreco.com\\\/index.php\\\/producto\\\/gafas-rockbros-original-2-en-1-fotocromaticas-polarizada\\\/#breadcrumb\"},\"inLanguage\":\"es-CO\",\"potentialAction\":[{\"@type\":\"ReadAction\",\"target\":[\"https:\\\/\\\/lotostoreco.com\\\/index.php\\\/producto\\\/gafas-rockbros-original-2-en-1-fotocromaticas-polarizada\\\/\"]}]},{\"@type\":\"ImageObject\",\"inLanguage\":\"es-CO\",\"@id\":\"https:\\\/\\\/lotostoreco.com\\\/index.php\\\/producto\\\/gafas-rockbros-original-2-en-1-fotocromaticas-polarizada\\\/#primaryimage\",\"url\":\"https:\\\/\\\/lotostoreco.com\\\/wp-content\\\/uploads\\\/2024\\\/05\\\/1-2.jpg\",\"contentUrl\":\"https:\\\/\\\/lotostoreco.com\\\/wp-content\\\/uploads\\\/2024\\\/05\\\/1-2.jpg\",\"width\":940,\"height\":788},{\"@type\":\"BreadcrumbList\",\"@id\":\"https:\\\/\\\/lotostoreco.com\\\/index.php\\\/producto\\\/gafas-rockbros-original-2-en-1-fotocromaticas-polarizada\\\/#breadcrumb\",\"itemListElement\":[{\"@type\":\"ListItem\",\"position\":1,\"name\":\"Inicio\",\"item\":\"https:\\\/\\\/lotostoreco.com\\\/\"},{\"@type\":\"ListItem\",\"position\":2,\"name\":\"Tienda\",\"item\":\"https:\\\/\\\/lotostoreco.com\\\/index.php\\\/shop\\\/\"},{\"@type\":\"ListItem\",\"position\":3,\"name\":\"Gafas Rockbros Original &#8211; 2 En 1 Fotocrom\u00e1ticas + Polarizada\"}]},{\"@type\":\"WebSite\",\"@id\":\"https:\\\/\\\/lotostoreco.com\\\/#website\",\"url\":\"https:\\\/\\\/lotostoreco.com\\\/\",\"name\":\"Loto Store\",\"description\":\"Todo lo que te gusta a un solo click\",\"publisher\":{\"@id\":\"https:\\\/\\\/lotostoreco.com\\\/#organization\"},\"potentialAction\":[{\"@type\":\"SearchAction\",\"target\":{\"@type\":\"EntryPoint\",\"urlTemplate\":\"https:\\\/\\\/lotostoreco.com\\\/?s={search_term_string}\"},\"query-input\":{\"@type\":\"PropertyValueSpecification\",\"valueRequired\":true,\"valueName\":\"search_term_string\"}}],\"inLanguage\":\"es-CO\"},{\"@type\":\"Organization\",\"@id\":\"https:\\\/\\\/lotostoreco.com\\\/#organization\",\"name\":\"Loto Store\",\"url\":\"https:\\\/\\\/lotostoreco.com\\\/\",\"logo\":{\"@type\":\"ImageObject\",\"inLanguage\":\"es-CO\",\"@id\":\"https:\\\/\\\/lotostoreco.com\\\/#\\\/schema\\\/logo\\\/image\\\/\",\"url\":\"https:\\\/\\\/lotostoreco.com\\\/wp-content\\\/uploads\\\/2023\\\/10\\\/Logo-sin-fondo.png\",\"contentUrl\":\"https:\\\/\\\/lotostoreco.com\\\/wp-content\\\/uploads\\\/2023\\\/10\\\/Logo-sin-fondo.png\",\"width\":500,\"height\":500,\"caption\":\"Loto Store\"},\"image\":{\"@id\":\"https:\\\/\\\/lotostoreco.com\\\/#\\\/schema\\\/logo\\\/image\\\/\"}}]}<\/script>\n<!-- \/ Yoast SEO plugin. -->","yoast_head_json":{"title":"Gafas Rockbros Original - 2 En 1 Fotocrom\u00e1ticas + Polarizada - Loto Store","description":"Gafas deportivas Rockbros con lentes intercambiables: fotocrom\u00e1ticos y polarizados UV400, ideales para ciclismo o actividades al aire libre.","robots":{"index":"index","follow":"follow","max-snippet":"max-snippet:-1","max-image-preview":"max-image-preview:large","max-video-preview":"max-video-preview:-1"},"canonical":"https:\/\/lotostoreco.com\/index.php\/producto\/gafas-rockbros-original-2-en-1-fotocromaticas-polarizada\/","og_locale":"es_ES","og_type":"article","og_title":"Gafas Rockbros Original - 2 En 1 Fotocrom\u00e1ticas + Polarizada - Loto Store","og_description":"Gafas deportivas Rockbros con lentes intercambiables: fotocrom\u00e1ticos y polarizados UV400, ideales para ciclismo o actividades al aire libre.","og_url":"https:\/\/lotostoreco.com\/index.php\/producto\/gafas-rockbros-original-2-en-1-fotocromaticas-polarizada\/","og_site_name":"Loto Store","article_modified_time":"2025-12-01T16:19:48+00:00","og_image":[{"width":940,"height":788,"url":"https:\/\/lotostoreco.com\/wp-content\/uploads\/2024\/05\/1-2.jpg","type":"image\/jpeg"}],"twitter_card":"summary_large_image","twitter_misc":{"Tiempo de lectura":"1 minuto"},"schema":{"@context":"https:\/\/schema.org","@graph":[{"@type":"WebPage","@id":"https:\/\/lotostoreco.com\/index.php\/producto\/gafas-rockbros-original-2-en-1-fotocromaticas-polarizada\/","url":"https:\/\/lotostoreco.com\/index.php\/producto\/gafas-rockbros-original-2-en-1-fotocromaticas-polarizada\/","name":"Gafas Rockbros Original - 2 En 1 Fotocrom\u00e1ticas + Polarizada - Loto Store","isPartOf":{"@id":"https:\/\/lotostoreco.com\/#website"},"primaryImageOfPage":{"@id":"https:\/\/lotostoreco.com\/index.php\/producto\/gafas-rockbros-original-2-en-1-fotocromaticas-polarizada\/#primaryimage"},"image":{"@id":"https:\/\/lotostoreco.com\/index.php\/producto\/gafas-rockbros-original-2-en-1-fotocromaticas-polarizada\/#primaryimage"},"thumbnailUrl":"https:\/\/lotostoreco.com\/wp-content\/uploads\/2024\/05\/1-2.jpg","datePublished":"2024-05-24T16:36:43+00:00","dateModified":"2025-12-01T16:19:48+00:00","description":"Gafas deportivas Rockbros con lentes intercambiables: fotocrom\u00e1ticos y polarizados UV400, ideales para ciclismo o actividades al aire libre.","breadcrumb":{"@id":"https:\/\/lotostoreco.com\/index.php\/producto\/gafas-rockbros-original-2-en-1-fotocromaticas-polarizada\/#breadcrumb"},"inLanguage":"es-CO","potentialAction":[{"@type":"ReadAction","target":["https:\/\/lotostoreco.com\/index.php\/producto\/gafas-rockbros-original-2-en-1-fotocromaticas-polarizada\/"]}]},{"@type":"ImageObject","inLanguage":"es-CO","@id":"https:\/\/lotostoreco.com\/index.php\/producto\/gafas-rockbros-original-2-en-1-fotocromaticas-polarizada\/#primaryimage","url":"https:\/\/lotostoreco.com\/wp-content\/uploads\/2024\/05\/1-2.jpg","contentUrl":"https:\/\/lotostoreco.com\/wp-content\/uploads\/2024\/05\/1-2.jpg","width":940,"height":788},{"@type":"BreadcrumbList","@id":"https:\/\/lotostoreco.com\/index.php\/producto\/gafas-rockbros-original-2-en-1-fotocromaticas-polarizada\/#breadcrumb","itemListElement":[{"@type":"ListItem","position":1,"name":"Inicio","item":"https:\/\/lotostoreco.com\/"},{"@type":"ListItem","position":2,"name":"Tienda","item":"https:\/\/lotostoreco.com\/index.php\/shop\/"},{"@type":"ListItem","position":3,"name":"Gafas Rockbros Original &#8211; 2 En 1 Fotocrom\u00e1ticas + Polarizada"}]},{"@type":"WebSite","@id":"https:\/\/lotostoreco.com\/#website","url":"https:\/\/lotostoreco.com\/","name":"Loto Store","description":"Todo lo que te gusta a un solo click","publisher":{"@id":"https:\/\/lotostoreco.com\/#organization"},"potentialAction":[{"@type":"SearchAction","target":{"@type":"EntryPoint","urlTemplate":"https:\/\/lotostoreco.com\/?s={search_term_string}"},"query-input":{"@type":"PropertyValueSpecification","valueRequired":true,"valueName":"search_term_string"}}],"inLanguage":"es-CO"},{"@type":"Organization","@id":"https:\/\/lotostoreco.com\/#organization","name":"Loto Store","url":"https:\/\/lotostoreco.com\/","logo":{"@type":"ImageObject","inLanguage":"es-CO","@id":"https:\/\/lotostoreco.com\/#\/schema\/logo\/image\/","url":"https:\/\/lotostoreco.com\/wp-content\/uploads\/2023\/10\/Logo-sin-fondo.png","contentUrl":"https:\/\/lotostoreco.com\/wp-content\/uploads\/2023\/10\/Logo-sin-fondo.png","width":500,"height":500,"caption":"Loto Store"},"image":{"@id":"https:\/\/lotostoreco.com\/#\/schema\/logo\/image\/"}}]}},"jetpack_sharing_enabled":true,"_links":{"self":[{"href":"https:\/\/lotostoreco.com\/index.php\/wp-json\/wp\/v2\/product\/3491","targetHints":{"allow":["GET"]}}],"collection":[{"href":"https:\/\/lotostoreco.com\/index.php\/wp-json\/wp\/v2\/product"}],"about":[{"href":"https:\/\/lotostoreco.com\/index.php\/wp-json\/wp\/v2\/types\/product"}],"replies":[{"embeddable":true,"href":"https:\/\/lotostoreco.com\/index.php\/wp-json\/wp\/v2\/comments?post=3491"}],"version-history":[{"count":2,"href":"https:\/\/lotostoreco.com\/index.php\/wp-json\/wp\/v2\/product\/3491\/revisions"}],"predecessor-version":[{"id":4519,"href":"https:\/\/lotostoreco.com\/index.php\/wp-json\/wp\/v2\/product\/3491\/revisions\/4519"}],"wp:featuredmedia":[{"embeddable":true,"href":"https:\/\/lotostoreco.com\/index.php\/wp-json\/wp\/v2\/media\/3492"}],"wp:attachment":[{"href":"https:\/\/lotostoreco.com\/index.php\/wp-json\/wp\/v2\/media?parent=3491"}],"wp:term":[{"taxonomy":"product_brand","embeddable":true,"href":"https:\/\/lotostoreco.com\/index.php\/wp-json\/wp\/v2\/product_brand?post=3491"},{"taxonomy":"product_cat","embeddable":true,"href":"https:\/\/lotostoreco.com\/index.php\/wp-json\/wp\/v2\/product_cat?post=3491"},{"taxonomy":"product_tag","embeddable":true,"href":"https:\/\/lotostoreco.com\/index.php\/wp-json\/wp\/v2\/product_tag?post=3491"}],"curies":[{"name":"wp","href":"https:\/\/api.w.org\/{rel}","templated":true}]}}