{"id":2397,"date":"2024-03-13T15:14:35","date_gmt":"2024-03-13T20:14:35","guid":{"rendered":"https:\/\/lotostoreco.com\/?post_type=product&#038;p=2397"},"modified":"2024-03-26T14:34:22","modified_gmt":"2024-03-26T19:34:22","slug":"estuche-cartuchera-organizador-diseno-3d-para-ninos-y-ninas","status":"publish","type":"product","link":"https:\/\/lotostoreco.com\/index.php\/producto\/estuche-cartuchera-organizador-diseno-3d-para-ninos-y-ninas\/","title":{"rendered":"Estuche Cartuchera Organizador, Dise\u00f1o 3d Para Ni\u00f1os Y Ni\u00f1as"},"content":{"rendered":"<p>Hermosos dise\u00f1os en 3D Unicornio, Cupcakes, Sirenita, Space, Avi\u00f3n.<\/p>\n<p>Cuenta con gran capacidad para guardar tus colores, l\u00e1pices, borradores, reglas, notas adhesivas, entre otros objetos escolares. Cuenta con un espacio aproximado para 60 l\u00e1pices, tambi\u00e9n cuenta con dos compartimientos para mejor organizaci\u00f3n.<\/p>\n<p>El paquete incluye: 1 estuche o cartuchera de l\u00e1pices vac\u00edo.<\/p>\n","protected":false},"excerpt":{"rendered":"<p>Hermosos dise\u00f1os en 3D Unicornio, Cupcakes, Sirenita, Space, Avi\u00f3n. Cuenta con gran capacidad para guardar tus colores, l\u00e1pices, borradores, reglas, notas adhesivas, entre otros objetos escolares. Cuenta con un espacio aproximado para 60 l\u00e1pices, tambi\u00e9n cuenta con dos compartimientos para mejor organizaci\u00f3n. El paquete incluye: 1 estuche o cartuchera de l\u00e1pices vac\u00edo.<\/p>\n","protected":false},"featured_media":2398,"comment_status":"open","ping_status":"closed","template":"","meta":{"_kadence_starter_templates_imported_post":false,"_kad_post_transparent":"default","_kad_post_title":"","_kad_post_layout":"default","_kad_post_sidebar_id":"","_kad_post_content_style":"default","_kad_post_vertical_padding":"default","_kad_post_feature":"","_kad_post_feature_position":"","_kad_post_header":false,"_kad_post_footer":false,"_kad_post_classname":"","_joinchat":[]},"product_brand":[],"product_cat":[93,111],"product_tag":[],"class_list":{"0":"post-2397","1":"product","2":"type-product","3":"status-publish","4":"has-post-thumbnail","6":"product_cat-oficina-escolar","7":"product_cat-toda-la-tienda","9":"first","10":"instock","11":"shipping-taxable","12":"purchasable","13":"product-type-simple","14":"entry","15":"content-bg","16":"loop-entry"},"yoast_head":"<!-- This site is optimized with the Yoast SEO plugin v27.4 - https:\/\/yoast.com\/product\/yoast-seo-wordpress\/ -->\n<title>Estuche Cartuchera Organizador, Dise\u00f1o 3d Para Ni\u00f1os Y Ni\u00f1as - Loto Store<\/title>\n<meta name=\"robots\" content=\"index, follow, max-snippet:-1, max-image-preview:large, max-video-preview:-1\" \/>\n<link rel=\"canonical\" href=\"https:\/\/lotostoreco.com\/index.php\/producto\/estuche-cartuchera-organizador-diseno-3d-para-ninos-y-ninas\/\" \/>\n<meta property=\"og:locale\" content=\"es_ES\" \/>\n<meta property=\"og:type\" content=\"article\" \/>\n<meta property=\"og:title\" content=\"Estuche Cartuchera Organizador, Dise\u00f1o 3d Para Ni\u00f1os Y Ni\u00f1as - Loto Store\" \/>\n<meta property=\"og:description\" content=\"Hermosos dise\u00f1os en 3D Unicornio, Cupcakes, Sirenita, Space, Avi\u00f3n. Cuenta con gran capacidad para guardar tus colores, l\u00e1pices, borradores, reglas, notas adhesivas, entre otros objetos escolares. Cuenta con un espacio aproximado para 60 l\u00e1pices, tambi\u00e9n cuenta con dos compartimientos para mejor organizaci\u00f3n. El paquete incluye: 1 estuche o cartuchera de l\u00e1pices vac\u00edo.\" \/>\n<meta property=\"og:url\" content=\"https:\/\/lotostoreco.com\/index.php\/producto\/estuche-cartuchera-organizador-diseno-3d-para-ninos-y-ninas\/\" \/>\n<meta property=\"og:site_name\" content=\"Loto Store\" \/>\n<meta property=\"article:modified_time\" content=\"2024-03-26T19:34:22+00:00\" \/>\n<meta property=\"og:image\" content=\"https:\/\/lotostoreco.com\/wp-content\/uploads\/2024\/03\/1-copia.png\" \/>\n\t<meta property=\"og:image:width\" content=\"940\" \/>\n\t<meta property=\"og:image:height\" content=\"788\" \/>\n\t<meta property=\"og:image:type\" content=\"image\/png\" \/>\n<meta name=\"twitter:card\" content=\"summary_large_image\" \/>\n<meta name=\"twitter:label1\" content=\"Tiempo de lectura\" \/>\n\t<meta name=\"twitter:data1\" content=\"1 minuto\" \/>\n<script type=\"application\/ld+json\" class=\"yoast-schema-graph\">{\"@context\":\"https:\\\/\\\/schema.org\",\"@graph\":[{\"@type\":\"WebPage\",\"@id\":\"https:\\\/\\\/lotostoreco.com\\\/index.php\\\/producto\\\/estuche-cartuchera-organizador-diseno-3d-para-ninos-y-ninas\\\/\",\"url\":\"https:\\\/\\\/lotostoreco.com\\\/index.php\\\/producto\\\/estuche-cartuchera-organizador-diseno-3d-para-ninos-y-ninas\\\/\",\"name\":\"Estuche Cartuchera Organizador, Dise\u00f1o 3d Para Ni\u00f1os Y Ni\u00f1as - Loto Store\",\"isPartOf\":{\"@id\":\"https:\\\/\\\/lotostoreco.com\\\/#website\"},\"primaryImageOfPage\":{\"@id\":\"https:\\\/\\\/lotostoreco.com\\\/index.php\\\/producto\\\/estuche-cartuchera-organizador-diseno-3d-para-ninos-y-ninas\\\/#primaryimage\"},\"image\":{\"@id\":\"https:\\\/\\\/lotostoreco.com\\\/index.php\\\/producto\\\/estuche-cartuchera-organizador-diseno-3d-para-ninos-y-ninas\\\/#primaryimage\"},\"thumbnailUrl\":\"https:\\\/\\\/lotostoreco.com\\\/wp-content\\\/uploads\\\/2024\\\/03\\\/1-copia.png\",\"datePublished\":\"2024-03-13T20:14:35+00:00\",\"dateModified\":\"2024-03-26T19:34:22+00:00\",\"breadcrumb\":{\"@id\":\"https:\\\/\\\/lotostoreco.com\\\/index.php\\\/producto\\\/estuche-cartuchera-organizador-diseno-3d-para-ninos-y-ninas\\\/#breadcrumb\"},\"inLanguage\":\"es-CO\",\"potentialAction\":[{\"@type\":\"ReadAction\",\"target\":[\"https:\\\/\\\/lotostoreco.com\\\/index.php\\\/producto\\\/estuche-cartuchera-organizador-diseno-3d-para-ninos-y-ninas\\\/\"]}]},{\"@type\":\"ImageObject\",\"inLanguage\":\"es-CO\",\"@id\":\"https:\\\/\\\/lotostoreco.com\\\/index.php\\\/producto\\\/estuche-cartuchera-organizador-diseno-3d-para-ninos-y-ninas\\\/#primaryimage\",\"url\":\"https:\\\/\\\/lotostoreco.com\\\/wp-content\\\/uploads\\\/2024\\\/03\\\/1-copia.png\",\"contentUrl\":\"https:\\\/\\\/lotostoreco.com\\\/wp-content\\\/uploads\\\/2024\\\/03\\\/1-copia.png\",\"width\":940,\"height\":788},{\"@type\":\"BreadcrumbList\",\"@id\":\"https:\\\/\\\/lotostoreco.com\\\/index.php\\\/producto\\\/estuche-cartuchera-organizador-diseno-3d-para-ninos-y-ninas\\\/#breadcrumb\",\"itemListElement\":[{\"@type\":\"ListItem\",\"position\":1,\"name\":\"Inicio\",\"item\":\"https:\\\/\\\/lotostoreco.com\\\/\"},{\"@type\":\"ListItem\",\"position\":2,\"name\":\"Tienda\",\"item\":\"https:\\\/\\\/lotostoreco.com\\\/index.php\\\/shop\\\/\"},{\"@type\":\"ListItem\",\"position\":3,\"name\":\"Estuche Cartuchera Organizador, Dise\u00f1o 3d Para Ni\u00f1os Y Ni\u00f1as\"}]},{\"@type\":\"WebSite\",\"@id\":\"https:\\\/\\\/lotostoreco.com\\\/#website\",\"url\":\"https:\\\/\\\/lotostoreco.com\\\/\",\"name\":\"Loto Store\",\"description\":\"Todo lo que te gusta a un solo click\",\"publisher\":{\"@id\":\"https:\\\/\\\/lotostoreco.com\\\/#organization\"},\"potentialAction\":[{\"@type\":\"SearchAction\",\"target\":{\"@type\":\"EntryPoint\",\"urlTemplate\":\"https:\\\/\\\/lotostoreco.com\\\/?s={search_term_string}\"},\"query-input\":{\"@type\":\"PropertyValueSpecification\",\"valueRequired\":true,\"valueName\":\"search_term_string\"}}],\"inLanguage\":\"es-CO\"},{\"@type\":\"Organization\",\"@id\":\"https:\\\/\\\/lotostoreco.com\\\/#organization\",\"name\":\"Loto Store\",\"url\":\"https:\\\/\\\/lotostoreco.com\\\/\",\"logo\":{\"@type\":\"ImageObject\",\"inLanguage\":\"es-CO\",\"@id\":\"https:\\\/\\\/lotostoreco.com\\\/#\\\/schema\\\/logo\\\/image\\\/\",\"url\":\"https:\\\/\\\/lotostoreco.com\\\/wp-content\\\/uploads\\\/2023\\\/10\\\/Logo-sin-fondo.png\",\"contentUrl\":\"https:\\\/\\\/lotostoreco.com\\\/wp-content\\\/uploads\\\/2023\\\/10\\\/Logo-sin-fondo.png\",\"width\":500,\"height\":500,\"caption\":\"Loto Store\"},\"image\":{\"@id\":\"https:\\\/\\\/lotostoreco.com\\\/#\\\/schema\\\/logo\\\/image\\\/\"}}]}<\/script>\n<!-- \/ Yoast SEO plugin. -->","yoast_head_json":{"title":"Estuche Cartuchera Organizador, Dise\u00f1o 3d Para Ni\u00f1os Y Ni\u00f1as - Loto Store","robots":{"index":"index","follow":"follow","max-snippet":"max-snippet:-1","max-image-preview":"max-image-preview:large","max-video-preview":"max-video-preview:-1"},"canonical":"https:\/\/lotostoreco.com\/index.php\/producto\/estuche-cartuchera-organizador-diseno-3d-para-ninos-y-ninas\/","og_locale":"es_ES","og_type":"article","og_title":"Estuche Cartuchera Organizador, Dise\u00f1o 3d Para Ni\u00f1os Y Ni\u00f1as - Loto Store","og_description":"Hermosos dise\u00f1os en 3D Unicornio, Cupcakes, Sirenita, Space, Avi\u00f3n. Cuenta con gran capacidad para guardar tus colores, l\u00e1pices, borradores, reglas, notas adhesivas, entre otros objetos escolares. Cuenta con un espacio aproximado para 60 l\u00e1pices, tambi\u00e9n cuenta con dos compartimientos para mejor organizaci\u00f3n. El paquete incluye: 1 estuche o cartuchera de l\u00e1pices vac\u00edo.","og_url":"https:\/\/lotostoreco.com\/index.php\/producto\/estuche-cartuchera-organizador-diseno-3d-para-ninos-y-ninas\/","og_site_name":"Loto Store","article_modified_time":"2024-03-26T19:34:22+00:00","og_image":[{"width":940,"height":788,"url":"https:\/\/lotostoreco.com\/wp-content\/uploads\/2024\/03\/1-copia.png","type":"image\/png"}],"twitter_card":"summary_large_image","twitter_misc":{"Tiempo de lectura":"1 minuto"},"schema":{"@context":"https:\/\/schema.org","@graph":[{"@type":"WebPage","@id":"https:\/\/lotostoreco.com\/index.php\/producto\/estuche-cartuchera-organizador-diseno-3d-para-ninos-y-ninas\/","url":"https:\/\/lotostoreco.com\/index.php\/producto\/estuche-cartuchera-organizador-diseno-3d-para-ninos-y-ninas\/","name":"Estuche Cartuchera Organizador, Dise\u00f1o 3d Para Ni\u00f1os Y Ni\u00f1as - Loto Store","isPartOf":{"@id":"https:\/\/lotostoreco.com\/#website"},"primaryImageOfPage":{"@id":"https:\/\/lotostoreco.com\/index.php\/producto\/estuche-cartuchera-organizador-diseno-3d-para-ninos-y-ninas\/#primaryimage"},"image":{"@id":"https:\/\/lotostoreco.com\/index.php\/producto\/estuche-cartuchera-organizador-diseno-3d-para-ninos-y-ninas\/#primaryimage"},"thumbnailUrl":"https:\/\/lotostoreco.com\/wp-content\/uploads\/2024\/03\/1-copia.png","datePublished":"2024-03-13T20:14:35+00:00","dateModified":"2024-03-26T19:34:22+00:00","breadcrumb":{"@id":"https:\/\/lotostoreco.com\/index.php\/producto\/estuche-cartuchera-organizador-diseno-3d-para-ninos-y-ninas\/#breadcrumb"},"inLanguage":"es-CO","potentialAction":[{"@type":"ReadAction","target":["https:\/\/lotostoreco.com\/index.php\/producto\/estuche-cartuchera-organizador-diseno-3d-para-ninos-y-ninas\/"]}]},{"@type":"ImageObject","inLanguage":"es-CO","@id":"https:\/\/lotostoreco.com\/index.php\/producto\/estuche-cartuchera-organizador-diseno-3d-para-ninos-y-ninas\/#primaryimage","url":"https:\/\/lotostoreco.com\/wp-content\/uploads\/2024\/03\/1-copia.png","contentUrl":"https:\/\/lotostoreco.com\/wp-content\/uploads\/2024\/03\/1-copia.png","width":940,"height":788},{"@type":"BreadcrumbList","@id":"https:\/\/lotostoreco.com\/index.php\/producto\/estuche-cartuchera-organizador-diseno-3d-para-ninos-y-ninas\/#breadcrumb","itemListElement":[{"@type":"ListItem","position":1,"name":"Inicio","item":"https:\/\/lotostoreco.com\/"},{"@type":"ListItem","position":2,"name":"Tienda","item":"https:\/\/lotostoreco.com\/index.php\/shop\/"},{"@type":"ListItem","position":3,"name":"Estuche Cartuchera Organizador, Dise\u00f1o 3d Para Ni\u00f1os Y Ni\u00f1as"}]},{"@type":"WebSite","@id":"https:\/\/lotostoreco.com\/#website","url":"https:\/\/lotostoreco.com\/","name":"Loto Store","description":"Todo lo que te gusta a un solo click","publisher":{"@id":"https:\/\/lotostoreco.com\/#organization"},"potentialAction":[{"@type":"SearchAction","target":{"@type":"EntryPoint","urlTemplate":"https:\/\/lotostoreco.com\/?s={search_term_string}"},"query-input":{"@type":"PropertyValueSpecification","valueRequired":true,"valueName":"search_term_string"}}],"inLanguage":"es-CO"},{"@type":"Organization","@id":"https:\/\/lotostoreco.com\/#organization","name":"Loto Store","url":"https:\/\/lotostoreco.com\/","logo":{"@type":"ImageObject","inLanguage":"es-CO","@id":"https:\/\/lotostoreco.com\/#\/schema\/logo\/image\/","url":"https:\/\/lotostoreco.com\/wp-content\/uploads\/2023\/10\/Logo-sin-fondo.png","contentUrl":"https:\/\/lotostoreco.com\/wp-content\/uploads\/2023\/10\/Logo-sin-fondo.png","width":500,"height":500,"caption":"Loto Store"},"image":{"@id":"https:\/\/lotostoreco.com\/#\/schema\/logo\/image\/"}}]}},"jetpack_sharing_enabled":true,"_links":{"self":[{"href":"https:\/\/lotostoreco.com\/index.php\/wp-json\/wp\/v2\/product\/2397","targetHints":{"allow":["GET"]}}],"collection":[{"href":"https:\/\/lotostoreco.com\/index.php\/wp-json\/wp\/v2\/product"}],"about":[{"href":"https:\/\/lotostoreco.com\/index.php\/wp-json\/wp\/v2\/types\/product"}],"replies":[{"embeddable":true,"href":"https:\/\/lotostoreco.com\/index.php\/wp-json\/wp\/v2\/comments?post=2397"}],"version-history":[{"count":1,"href":"https:\/\/lotostoreco.com\/index.php\/wp-json\/wp\/v2\/product\/2397\/revisions"}],"predecessor-version":[{"id":2416,"href":"https:\/\/lotostoreco.com\/index.php\/wp-json\/wp\/v2\/product\/2397\/revisions\/2416"}],"wp:featuredmedia":[{"embeddable":true,"href":"https:\/\/lotostoreco.com\/index.php\/wp-json\/wp\/v2\/media\/2398"}],"wp:attachment":[{"href":"https:\/\/lotostoreco.com\/index.php\/wp-json\/wp\/v2\/media?parent=2397"}],"wp:term":[{"taxonomy":"product_brand","embeddable":true,"href":"https:\/\/lotostoreco.com\/index.php\/wp-json\/wp\/v2\/product_brand?post=2397"},{"taxonomy":"product_cat","embeddable":true,"href":"https:\/\/lotostoreco.com\/index.php\/wp-json\/wp\/v2\/product_cat?post=2397"},{"taxonomy":"product_tag","embeddable":true,"href":"https:\/\/lotostoreco.com\/index.php\/wp-json\/wp\/v2\/product_tag?post=2397"}],"curies":[{"name":"wp","href":"https:\/\/api.w.org\/{rel}","templated":true}]}}