{"id":2356,"date":"2024-03-13T14:03:42","date_gmt":"2024-03-13T19:03:42","guid":{"rendered":"https:\/\/lotostoreco.com\/?post_type=product&#038;p=2356"},"modified":"2025-12-05T17:14:25","modified_gmt":"2025-12-05T22:14:25","slug":"organizador-kawaii-lapices-brochas-maquillaje-stickers","status":"publish","type":"product","link":"https:\/\/lotostoreco.com\/index.php\/producto\/organizador-kawaii-lapices-brochas-maquillaje-stickers\/","title":{"rendered":"Organizador Kawaii L\u00e1pices, Brochas Maquillaje + Stickers"},"content":{"rendered":"<p>Soporte para l\u00e1pices, boligrafos de escritorio, brochas de maquillaje. Organizador en forma de cerdo + Obsequio (Sticker Kawai).<\/p>\n<p>El soporte para bol\u00edgrafos tambi\u00e9n se puede utilizar para sostener controles remotos u otros objetos peque\u00f1os, muy pr\u00e1ctico.<\/p>\n<p>Este estuche est\u00e1 hecho de material ABS resistente y suave, que es respetuoso con el medio ambiente y duradero.<\/p>\n","protected":false},"excerpt":{"rendered":"<p>Soporte para l\u00e1pices, boligrafos de escritorio, brochas de maquillaje. Organizador en forma de cerdo + Obsequio (Sticker Kawai). El soporte para bol\u00edgrafos tambi\u00e9n se puede utilizar para sostener controles remotos u otros objetos peque\u00f1os, muy pr\u00e1ctico. Este estuche est\u00e1 hecho de material ABS resistente y suave, que es respetuoso con el medio ambiente y duradero.<\/p>\n","protected":false},"featured_media":2357,"comment_status":"open","ping_status":"closed","template":"","meta":{"_kadence_starter_templates_imported_post":false,"_kad_post_transparent":"default","_kad_post_title":"","_kad_post_layout":"default","_kad_post_sidebar_id":"","_kad_post_content_style":"default","_kad_post_vertical_padding":"default","_kad_post_feature":"","_kad_post_feature_position":"","_kad_post_header":false,"_kad_post_footer":false,"_kad_post_classname":"","_joinchat":[]},"product_brand":[],"product_cat":[93,111],"product_tag":[],"class_list":{"0":"post-2356","1":"product","2":"type-product","3":"status-publish","4":"has-post-thumbnail","6":"product_cat-oficina-escolar","7":"product_cat-toda-la-tienda","9":"first","10":"instock","11":"sale","12":"shipping-taxable","13":"purchasable","14":"product-type-variable","15":"entry","16":"content-bg","17":"loop-entry"},"yoast_head":"<!-- This site is optimized with the Yoast SEO plugin v27.4 - https:\/\/yoast.com\/product\/yoast-seo-wordpress\/ -->\n<title>Organizador Kawaii L\u00e1pices, Brochas Maquillaje + Stickers - Loto Store<\/title>\n<meta name=\"robots\" content=\"index, follow, max-snippet:-1, max-image-preview:large, max-video-preview:-1\" \/>\n<link rel=\"canonical\" href=\"https:\/\/lotostoreco.com\/index.php\/producto\/organizador-kawaii-lapices-brochas-maquillaje-stickers\/\" \/>\n<meta property=\"og:locale\" content=\"es_ES\" \/>\n<meta property=\"og:type\" content=\"article\" \/>\n<meta property=\"og:title\" content=\"Organizador Kawaii L\u00e1pices, Brochas Maquillaje + Stickers - Loto Store\" \/>\n<meta property=\"og:description\" content=\"Soporte para l\u00e1pices, boligrafos de escritorio, brochas de maquillaje. Organizador en forma de cerdo + Obsequio (Sticker Kawai). El soporte para bol\u00edgrafos tambi\u00e9n se puede utilizar para sostener controles remotos u otros objetos peque\u00f1os, muy pr\u00e1ctico. Este estuche est\u00e1 hecho de material ABS resistente y suave, que es respetuoso con el medio ambiente y duradero.\" \/>\n<meta property=\"og:url\" content=\"https:\/\/lotostoreco.com\/index.php\/producto\/organizador-kawaii-lapices-brochas-maquillaje-stickers\/\" \/>\n<meta property=\"og:site_name\" content=\"Loto Store\" \/>\n<meta property=\"article:modified_time\" content=\"2025-12-05T22:14:25+00:00\" \/>\n<meta property=\"og:image\" content=\"https:\/\/lotostoreco.com\/wp-content\/uploads\/2024\/03\/2-13.png\" \/>\n\t<meta property=\"og:image:width\" content=\"940\" \/>\n\t<meta property=\"og:image:height\" content=\"788\" \/>\n\t<meta property=\"og:image:type\" content=\"image\/png\" \/>\n<meta name=\"twitter:card\" content=\"summary_large_image\" \/>\n<meta name=\"twitter:label1\" content=\"Tiempo de lectura\" \/>\n\t<meta name=\"twitter:data1\" content=\"1 minuto\" \/>\n<script type=\"application\/ld+json\" class=\"yoast-schema-graph\">{\"@context\":\"https:\\\/\\\/schema.org\",\"@graph\":[{\"@type\":\"WebPage\",\"@id\":\"https:\\\/\\\/lotostoreco.com\\\/index.php\\\/producto\\\/organizador-kawaii-lapices-brochas-maquillaje-stickers\\\/\",\"url\":\"https:\\\/\\\/lotostoreco.com\\\/index.php\\\/producto\\\/organizador-kawaii-lapices-brochas-maquillaje-stickers\\\/\",\"name\":\"Organizador Kawaii L\u00e1pices, Brochas Maquillaje + Stickers - Loto Store\",\"isPartOf\":{\"@id\":\"https:\\\/\\\/lotostoreco.com\\\/#website\"},\"primaryImageOfPage\":{\"@id\":\"https:\\\/\\\/lotostoreco.com\\\/index.php\\\/producto\\\/organizador-kawaii-lapices-brochas-maquillaje-stickers\\\/#primaryimage\"},\"image\":{\"@id\":\"https:\\\/\\\/lotostoreco.com\\\/index.php\\\/producto\\\/organizador-kawaii-lapices-brochas-maquillaje-stickers\\\/#primaryimage\"},\"thumbnailUrl\":\"https:\\\/\\\/lotostoreco.com\\\/wp-content\\\/uploads\\\/2024\\\/03\\\/2-13.png\",\"datePublished\":\"2024-03-13T19:03:42+00:00\",\"dateModified\":\"2025-12-05T22:14:25+00:00\",\"breadcrumb\":{\"@id\":\"https:\\\/\\\/lotostoreco.com\\\/index.php\\\/producto\\\/organizador-kawaii-lapices-brochas-maquillaje-stickers\\\/#breadcrumb\"},\"inLanguage\":\"es-CO\",\"potentialAction\":[{\"@type\":\"ReadAction\",\"target\":[\"https:\\\/\\\/lotostoreco.com\\\/index.php\\\/producto\\\/organizador-kawaii-lapices-brochas-maquillaje-stickers\\\/\"]}]},{\"@type\":\"ImageObject\",\"inLanguage\":\"es-CO\",\"@id\":\"https:\\\/\\\/lotostoreco.com\\\/index.php\\\/producto\\\/organizador-kawaii-lapices-brochas-maquillaje-stickers\\\/#primaryimage\",\"url\":\"https:\\\/\\\/lotostoreco.com\\\/wp-content\\\/uploads\\\/2024\\\/03\\\/2-13.png\",\"contentUrl\":\"https:\\\/\\\/lotostoreco.com\\\/wp-content\\\/uploads\\\/2024\\\/03\\\/2-13.png\",\"width\":940,\"height\":788},{\"@type\":\"BreadcrumbList\",\"@id\":\"https:\\\/\\\/lotostoreco.com\\\/index.php\\\/producto\\\/organizador-kawaii-lapices-brochas-maquillaje-stickers\\\/#breadcrumb\",\"itemListElement\":[{\"@type\":\"ListItem\",\"position\":1,\"name\":\"Inicio\",\"item\":\"https:\\\/\\\/lotostoreco.com\\\/\"},{\"@type\":\"ListItem\",\"position\":2,\"name\":\"Tienda\",\"item\":\"https:\\\/\\\/lotostoreco.com\\\/index.php\\\/shop\\\/\"},{\"@type\":\"ListItem\",\"position\":3,\"name\":\"Organizador Kawaii L\u00e1pices, Brochas Maquillaje + Stickers\"}]},{\"@type\":\"WebSite\",\"@id\":\"https:\\\/\\\/lotostoreco.com\\\/#website\",\"url\":\"https:\\\/\\\/lotostoreco.com\\\/\",\"name\":\"Loto Store\",\"description\":\"Todo lo que te gusta a un solo click\",\"publisher\":{\"@id\":\"https:\\\/\\\/lotostoreco.com\\\/#organization\"},\"potentialAction\":[{\"@type\":\"SearchAction\",\"target\":{\"@type\":\"EntryPoint\",\"urlTemplate\":\"https:\\\/\\\/lotostoreco.com\\\/?s={search_term_string}\"},\"query-input\":{\"@type\":\"PropertyValueSpecification\",\"valueRequired\":true,\"valueName\":\"search_term_string\"}}],\"inLanguage\":\"es-CO\"},{\"@type\":\"Organization\",\"@id\":\"https:\\\/\\\/lotostoreco.com\\\/#organization\",\"name\":\"Loto Store\",\"url\":\"https:\\\/\\\/lotostoreco.com\\\/\",\"logo\":{\"@type\":\"ImageObject\",\"inLanguage\":\"es-CO\",\"@id\":\"https:\\\/\\\/lotostoreco.com\\\/#\\\/schema\\\/logo\\\/image\\\/\",\"url\":\"https:\\\/\\\/lotostoreco.com\\\/wp-content\\\/uploads\\\/2023\\\/10\\\/Logo-sin-fondo.png\",\"contentUrl\":\"https:\\\/\\\/lotostoreco.com\\\/wp-content\\\/uploads\\\/2023\\\/10\\\/Logo-sin-fondo.png\",\"width\":500,\"height\":500,\"caption\":\"Loto Store\"},\"image\":{\"@id\":\"https:\\\/\\\/lotostoreco.com\\\/#\\\/schema\\\/logo\\\/image\\\/\"}}]}<\/script>\n<!-- \/ Yoast SEO plugin. -->","yoast_head_json":{"title":"Organizador Kawaii L\u00e1pices, Brochas Maquillaje + Stickers - Loto Store","robots":{"index":"index","follow":"follow","max-snippet":"max-snippet:-1","max-image-preview":"max-image-preview:large","max-video-preview":"max-video-preview:-1"},"canonical":"https:\/\/lotostoreco.com\/index.php\/producto\/organizador-kawaii-lapices-brochas-maquillaje-stickers\/","og_locale":"es_ES","og_type":"article","og_title":"Organizador Kawaii L\u00e1pices, Brochas Maquillaje + Stickers - Loto Store","og_description":"Soporte para l\u00e1pices, boligrafos de escritorio, brochas de maquillaje. Organizador en forma de cerdo + Obsequio (Sticker Kawai). El soporte para bol\u00edgrafos tambi\u00e9n se puede utilizar para sostener controles remotos u otros objetos peque\u00f1os, muy pr\u00e1ctico. Este estuche est\u00e1 hecho de material ABS resistente y suave, que es respetuoso con el medio ambiente y duradero.","og_url":"https:\/\/lotostoreco.com\/index.php\/producto\/organizador-kawaii-lapices-brochas-maquillaje-stickers\/","og_site_name":"Loto Store","article_modified_time":"2025-12-05T22:14:25+00:00","og_image":[{"width":940,"height":788,"url":"https:\/\/lotostoreco.com\/wp-content\/uploads\/2024\/03\/2-13.png","type":"image\/png"}],"twitter_card":"summary_large_image","twitter_misc":{"Tiempo de lectura":"1 minuto"},"schema":{"@context":"https:\/\/schema.org","@graph":[{"@type":"WebPage","@id":"https:\/\/lotostoreco.com\/index.php\/producto\/organizador-kawaii-lapices-brochas-maquillaje-stickers\/","url":"https:\/\/lotostoreco.com\/index.php\/producto\/organizador-kawaii-lapices-brochas-maquillaje-stickers\/","name":"Organizador Kawaii L\u00e1pices, Brochas Maquillaje + Stickers - Loto Store","isPartOf":{"@id":"https:\/\/lotostoreco.com\/#website"},"primaryImageOfPage":{"@id":"https:\/\/lotostoreco.com\/index.php\/producto\/organizador-kawaii-lapices-brochas-maquillaje-stickers\/#primaryimage"},"image":{"@id":"https:\/\/lotostoreco.com\/index.php\/producto\/organizador-kawaii-lapices-brochas-maquillaje-stickers\/#primaryimage"},"thumbnailUrl":"https:\/\/lotostoreco.com\/wp-content\/uploads\/2024\/03\/2-13.png","datePublished":"2024-03-13T19:03:42+00:00","dateModified":"2025-12-05T22:14:25+00:00","breadcrumb":{"@id":"https:\/\/lotostoreco.com\/index.php\/producto\/organizador-kawaii-lapices-brochas-maquillaje-stickers\/#breadcrumb"},"inLanguage":"es-CO","potentialAction":[{"@type":"ReadAction","target":["https:\/\/lotostoreco.com\/index.php\/producto\/organizador-kawaii-lapices-brochas-maquillaje-stickers\/"]}]},{"@type":"ImageObject","inLanguage":"es-CO","@id":"https:\/\/lotostoreco.com\/index.php\/producto\/organizador-kawaii-lapices-brochas-maquillaje-stickers\/#primaryimage","url":"https:\/\/lotostoreco.com\/wp-content\/uploads\/2024\/03\/2-13.png","contentUrl":"https:\/\/lotostoreco.com\/wp-content\/uploads\/2024\/03\/2-13.png","width":940,"height":788},{"@type":"BreadcrumbList","@id":"https:\/\/lotostoreco.com\/index.php\/producto\/organizador-kawaii-lapices-brochas-maquillaje-stickers\/#breadcrumb","itemListElement":[{"@type":"ListItem","position":1,"name":"Inicio","item":"https:\/\/lotostoreco.com\/"},{"@type":"ListItem","position":2,"name":"Tienda","item":"https:\/\/lotostoreco.com\/index.php\/shop\/"},{"@type":"ListItem","position":3,"name":"Organizador Kawaii L\u00e1pices, Brochas Maquillaje + Stickers"}]},{"@type":"WebSite","@id":"https:\/\/lotostoreco.com\/#website","url":"https:\/\/lotostoreco.com\/","name":"Loto Store","description":"Todo lo que te gusta a un solo click","publisher":{"@id":"https:\/\/lotostoreco.com\/#organization"},"potentialAction":[{"@type":"SearchAction","target":{"@type":"EntryPoint","urlTemplate":"https:\/\/lotostoreco.com\/?s={search_term_string}"},"query-input":{"@type":"PropertyValueSpecification","valueRequired":true,"valueName":"search_term_string"}}],"inLanguage":"es-CO"},{"@type":"Organization","@id":"https:\/\/lotostoreco.com\/#organization","name":"Loto Store","url":"https:\/\/lotostoreco.com\/","logo":{"@type":"ImageObject","inLanguage":"es-CO","@id":"https:\/\/lotostoreco.com\/#\/schema\/logo\/image\/","url":"https:\/\/lotostoreco.com\/wp-content\/uploads\/2023\/10\/Logo-sin-fondo.png","contentUrl":"https:\/\/lotostoreco.com\/wp-content\/uploads\/2023\/10\/Logo-sin-fondo.png","width":500,"height":500,"caption":"Loto Store"},"image":{"@id":"https:\/\/lotostoreco.com\/#\/schema\/logo\/image\/"}}]}},"jetpack_sharing_enabled":true,"_links":{"self":[{"href":"https:\/\/lotostoreco.com\/index.php\/wp-json\/wp\/v2\/product\/2356","targetHints":{"allow":["GET"]}}],"collection":[{"href":"https:\/\/lotostoreco.com\/index.php\/wp-json\/wp\/v2\/product"}],"about":[{"href":"https:\/\/lotostoreco.com\/index.php\/wp-json\/wp\/v2\/types\/product"}],"replies":[{"embeddable":true,"href":"https:\/\/lotostoreco.com\/index.php\/wp-json\/wp\/v2\/comments?post=2356"}],"version-history":[{"count":1,"href":"https:\/\/lotostoreco.com\/index.php\/wp-json\/wp\/v2\/product\/2356\/revisions"}],"predecessor-version":[{"id":2365,"href":"https:\/\/lotostoreco.com\/index.php\/wp-json\/wp\/v2\/product\/2356\/revisions\/2365"}],"wp:featuredmedia":[{"embeddable":true,"href":"https:\/\/lotostoreco.com\/index.php\/wp-json\/wp\/v2\/media\/2357"}],"wp:attachment":[{"href":"https:\/\/lotostoreco.com\/index.php\/wp-json\/wp\/v2\/media?parent=2356"}],"wp:term":[{"taxonomy":"product_brand","embeddable":true,"href":"https:\/\/lotostoreco.com\/index.php\/wp-json\/wp\/v2\/product_brand?post=2356"},{"taxonomy":"product_cat","embeddable":true,"href":"https:\/\/lotostoreco.com\/index.php\/wp-json\/wp\/v2\/product_cat?post=2356"},{"taxonomy":"product_tag","embeddable":true,"href":"https:\/\/lotostoreco.com\/index.php\/wp-json\/wp\/v2\/product_tag?post=2356"}],"curies":[{"name":"wp","href":"https:\/\/api.w.org\/{rel}","templated":true}]}}