{"id":2253,"date":"2024-03-11T14:32:43","date_gmt":"2024-03-11T19:32:43","guid":{"rendered":"https:\/\/lotostoreco.com\/?post_type=product&#038;p=2253"},"modified":"2025-12-05T17:26:34","modified_gmt":"2025-12-05T22:26:34","slug":"silla-comedor-para-bebe-3-en-1-portatil-varias-alturas","status":"publish","type":"product","link":"https:\/\/lotostoreco.com\/index.php\/producto\/silla-comedor-para-bebe-3-en-1-portatil-varias-alturas\/","title":{"rendered":"Silla Comedor Para Bebe 3 En 1 Port\u00e1til Varias Alturas"},"content":{"rendered":"<p>Silla Alta Ajustable Para Beb\u00e9 3 En 1, Silla Plegable Para Alimentaci\u00f3n, Silla Coche.<\/p>\n<p>* Tuber\u00eda de acero inoxidable<br \/>\n* Multifuncional, altura ajustable para tres niveles (Funci\u00f3n silla Coche)<br \/>\n* Alto 85CM, Ancho 65CM, Profundo 65CM.<br \/>\n* Alto 60CM, Ancho 50CM, Profundo 48CM.<br \/>\n* Tipo Coche Ruedas.<br \/>\n* Bandeja con tres posiciones, desmontable y con soporte de Celular<br \/>\n* Espaldar ajustable<br \/>\n* Funda de cuero suave y f\u00e1cil de limpiar<br \/>\n* Cintur\u00f3n de Seguridad<br \/>\n* Instalaci\u00f3n sencilla<br \/>\n* F\u00e1cil de cargar<\/p>\n","protected":false},"excerpt":{"rendered":"<p>Silla Alta Ajustable Para Beb\u00e9 3 En 1, Silla Plegable Para Alimentaci\u00f3n, Silla Coche. * Tuber\u00eda de acero inoxidable * Multifuncional, altura ajustable para tres niveles (Funci\u00f3n silla Coche) * Alto 85CM, Ancho 65CM, Profundo 65CM. * Alto 60CM, Ancho 50CM, Profundo 48CM. * Tipo Coche Ruedas. * Bandeja con tres posiciones, desmontable y con&#8230;<\/p>\n","protected":false},"featured_media":4576,"comment_status":"open","ping_status":"closed","template":"","meta":{"_kadence_starter_templates_imported_post":false,"_kad_post_transparent":"default","_kad_post_title":"","_kad_post_layout":"default","_kad_post_sidebar_id":"","_kad_post_content_style":"default","_kad_post_vertical_padding":"default","_kad_post_feature":"","_kad_post_feature_position":"","_kad_post_header":false,"_kad_post_footer":false,"_kad_post_classname":"","_joinchat":[]},"product_brand":[],"product_cat":[28,111],"product_tag":[],"class_list":{"0":"post-2253","1":"product","2":"type-product","3":"status-publish","4":"has-post-thumbnail","6":"product_cat-bebes","7":"product_cat-toda-la-tienda","9":"first","10":"instock","11":"sale","12":"shipping-taxable","13":"purchasable","14":"product-type-variable","15":"entry","16":"content-bg","17":"loop-entry"},"yoast_head":"<!-- This site is optimized with the Yoast SEO plugin v27.4 - https:\/\/yoast.com\/product\/yoast-seo-wordpress\/ -->\n<title>Silla Comedor Para Bebe 3 En 1 Port\u00e1til Varias Alturas - Loto Store<\/title>\n<meta name=\"robots\" content=\"index, follow, max-snippet:-1, max-image-preview:large, max-video-preview:-1\" \/>\n<link rel=\"canonical\" href=\"https:\/\/lotostoreco.com\/index.php\/producto\/silla-comedor-para-bebe-3-en-1-portatil-varias-alturas\/\" \/>\n<meta property=\"og:locale\" content=\"es_ES\" \/>\n<meta property=\"og:type\" content=\"article\" \/>\n<meta property=\"og:title\" content=\"Silla Comedor Para Bebe 3 En 1 Port\u00e1til Varias Alturas - Loto Store\" \/>\n<meta property=\"og:description\" content=\"Silla Alta Ajustable Para Beb\u00e9 3 En 1, Silla Plegable Para Alimentaci\u00f3n, Silla Coche. * Tuber\u00eda de acero inoxidable * Multifuncional, altura ajustable para tres niveles (Funci\u00f3n silla Coche) * Alto 85CM, Ancho 65CM, Profundo 65CM. * Alto 60CM, Ancho 50CM, Profundo 48CM. * Tipo Coche Ruedas. * Bandeja con tres posiciones, desmontable y con...\" \/>\n<meta property=\"og:url\" content=\"https:\/\/lotostoreco.com\/index.php\/producto\/silla-comedor-para-bebe-3-en-1-portatil-varias-alturas\/\" \/>\n<meta property=\"og:site_name\" content=\"Loto Store\" \/>\n<meta property=\"article:modified_time\" content=\"2025-12-05T22:26:34+00:00\" \/>\n<meta property=\"og:image\" content=\"https:\/\/lotostoreco.com\/wp-content\/uploads\/2024\/03\/Captura-de-pantalla-2025-12-05-172033.png\" \/>\n\t<meta property=\"og:image:width\" content=\"676\" \/>\n\t<meta property=\"og:image:height\" content=\"635\" \/>\n\t<meta property=\"og:image:type\" content=\"image\/png\" \/>\n<meta name=\"twitter:card\" content=\"summary_large_image\" \/>\n<meta name=\"twitter:label1\" content=\"Tiempo de lectura\" \/>\n\t<meta name=\"twitter:data1\" content=\"1 minuto\" \/>\n<script type=\"application\/ld+json\" class=\"yoast-schema-graph\">{\"@context\":\"https:\\\/\\\/schema.org\",\"@graph\":[{\"@type\":\"WebPage\",\"@id\":\"https:\\\/\\\/lotostoreco.com\\\/index.php\\\/producto\\\/silla-comedor-para-bebe-3-en-1-portatil-varias-alturas\\\/\",\"url\":\"https:\\\/\\\/lotostoreco.com\\\/index.php\\\/producto\\\/silla-comedor-para-bebe-3-en-1-portatil-varias-alturas\\\/\",\"name\":\"Silla Comedor Para Bebe 3 En 1 Port\u00e1til Varias Alturas - Loto Store\",\"isPartOf\":{\"@id\":\"https:\\\/\\\/lotostoreco.com\\\/#website\"},\"primaryImageOfPage\":{\"@id\":\"https:\\\/\\\/lotostoreco.com\\\/index.php\\\/producto\\\/silla-comedor-para-bebe-3-en-1-portatil-varias-alturas\\\/#primaryimage\"},\"image\":{\"@id\":\"https:\\\/\\\/lotostoreco.com\\\/index.php\\\/producto\\\/silla-comedor-para-bebe-3-en-1-portatil-varias-alturas\\\/#primaryimage\"},\"thumbnailUrl\":\"https:\\\/\\\/lotostoreco.com\\\/wp-content\\\/uploads\\\/2024\\\/03\\\/Captura-de-pantalla-2025-12-05-172033.png\",\"datePublished\":\"2024-03-11T19:32:43+00:00\",\"dateModified\":\"2025-12-05T22:26:34+00:00\",\"breadcrumb\":{\"@id\":\"https:\\\/\\\/lotostoreco.com\\\/index.php\\\/producto\\\/silla-comedor-para-bebe-3-en-1-portatil-varias-alturas\\\/#breadcrumb\"},\"inLanguage\":\"es-CO\",\"potentialAction\":[{\"@type\":\"ReadAction\",\"target\":[\"https:\\\/\\\/lotostoreco.com\\\/index.php\\\/producto\\\/silla-comedor-para-bebe-3-en-1-portatil-varias-alturas\\\/\"]}]},{\"@type\":\"ImageObject\",\"inLanguage\":\"es-CO\",\"@id\":\"https:\\\/\\\/lotostoreco.com\\\/index.php\\\/producto\\\/silla-comedor-para-bebe-3-en-1-portatil-varias-alturas\\\/#primaryimage\",\"url\":\"https:\\\/\\\/lotostoreco.com\\\/wp-content\\\/uploads\\\/2024\\\/03\\\/Captura-de-pantalla-2025-12-05-172033.png\",\"contentUrl\":\"https:\\\/\\\/lotostoreco.com\\\/wp-content\\\/uploads\\\/2024\\\/03\\\/Captura-de-pantalla-2025-12-05-172033.png\",\"width\":676,\"height\":635},{\"@type\":\"BreadcrumbList\",\"@id\":\"https:\\\/\\\/lotostoreco.com\\\/index.php\\\/producto\\\/silla-comedor-para-bebe-3-en-1-portatil-varias-alturas\\\/#breadcrumb\",\"itemListElement\":[{\"@type\":\"ListItem\",\"position\":1,\"name\":\"Inicio\",\"item\":\"https:\\\/\\\/lotostoreco.com\\\/\"},{\"@type\":\"ListItem\",\"position\":2,\"name\":\"Tienda\",\"item\":\"https:\\\/\\\/lotostoreco.com\\\/index.php\\\/shop\\\/\"},{\"@type\":\"ListItem\",\"position\":3,\"name\":\"Silla Comedor Para Bebe 3 En 1 Port\u00e1til Varias Alturas\"}]},{\"@type\":\"WebSite\",\"@id\":\"https:\\\/\\\/lotostoreco.com\\\/#website\",\"url\":\"https:\\\/\\\/lotostoreco.com\\\/\",\"name\":\"Loto Store\",\"description\":\"Todo lo que te gusta a un solo click\",\"publisher\":{\"@id\":\"https:\\\/\\\/lotostoreco.com\\\/#organization\"},\"potentialAction\":[{\"@type\":\"SearchAction\",\"target\":{\"@type\":\"EntryPoint\",\"urlTemplate\":\"https:\\\/\\\/lotostoreco.com\\\/?s={search_term_string}\"},\"query-input\":{\"@type\":\"PropertyValueSpecification\",\"valueRequired\":true,\"valueName\":\"search_term_string\"}}],\"inLanguage\":\"es-CO\"},{\"@type\":\"Organization\",\"@id\":\"https:\\\/\\\/lotostoreco.com\\\/#organization\",\"name\":\"Loto Store\",\"url\":\"https:\\\/\\\/lotostoreco.com\\\/\",\"logo\":{\"@type\":\"ImageObject\",\"inLanguage\":\"es-CO\",\"@id\":\"https:\\\/\\\/lotostoreco.com\\\/#\\\/schema\\\/logo\\\/image\\\/\",\"url\":\"https:\\\/\\\/lotostoreco.com\\\/wp-content\\\/uploads\\\/2023\\\/10\\\/Logo-sin-fondo.png\",\"contentUrl\":\"https:\\\/\\\/lotostoreco.com\\\/wp-content\\\/uploads\\\/2023\\\/10\\\/Logo-sin-fondo.png\",\"width\":500,\"height\":500,\"caption\":\"Loto Store\"},\"image\":{\"@id\":\"https:\\\/\\\/lotostoreco.com\\\/#\\\/schema\\\/logo\\\/image\\\/\"}}]}<\/script>\n<!-- \/ Yoast SEO plugin. -->","yoast_head_json":{"title":"Silla Comedor Para Bebe 3 En 1 Port\u00e1til Varias Alturas - Loto Store","robots":{"index":"index","follow":"follow","max-snippet":"max-snippet:-1","max-image-preview":"max-image-preview:large","max-video-preview":"max-video-preview:-1"},"canonical":"https:\/\/lotostoreco.com\/index.php\/producto\/silla-comedor-para-bebe-3-en-1-portatil-varias-alturas\/","og_locale":"es_ES","og_type":"article","og_title":"Silla Comedor Para Bebe 3 En 1 Port\u00e1til Varias Alturas - Loto Store","og_description":"Silla Alta Ajustable Para Beb\u00e9 3 En 1, Silla Plegable Para Alimentaci\u00f3n, Silla Coche. * Tuber\u00eda de acero inoxidable * Multifuncional, altura ajustable para tres niveles (Funci\u00f3n silla Coche) * Alto 85CM, Ancho 65CM, Profundo 65CM. * Alto 60CM, Ancho 50CM, Profundo 48CM. * Tipo Coche Ruedas. * Bandeja con tres posiciones, desmontable y con...","og_url":"https:\/\/lotostoreco.com\/index.php\/producto\/silla-comedor-para-bebe-3-en-1-portatil-varias-alturas\/","og_site_name":"Loto Store","article_modified_time":"2025-12-05T22:26:34+00:00","og_image":[{"width":676,"height":635,"url":"https:\/\/lotostoreco.com\/wp-content\/uploads\/2024\/03\/Captura-de-pantalla-2025-12-05-172033.png","type":"image\/png"}],"twitter_card":"summary_large_image","twitter_misc":{"Tiempo de lectura":"1 minuto"},"schema":{"@context":"https:\/\/schema.org","@graph":[{"@type":"WebPage","@id":"https:\/\/lotostoreco.com\/index.php\/producto\/silla-comedor-para-bebe-3-en-1-portatil-varias-alturas\/","url":"https:\/\/lotostoreco.com\/index.php\/producto\/silla-comedor-para-bebe-3-en-1-portatil-varias-alturas\/","name":"Silla Comedor Para Bebe 3 En 1 Port\u00e1til Varias Alturas - Loto Store","isPartOf":{"@id":"https:\/\/lotostoreco.com\/#website"},"primaryImageOfPage":{"@id":"https:\/\/lotostoreco.com\/index.php\/producto\/silla-comedor-para-bebe-3-en-1-portatil-varias-alturas\/#primaryimage"},"image":{"@id":"https:\/\/lotostoreco.com\/index.php\/producto\/silla-comedor-para-bebe-3-en-1-portatil-varias-alturas\/#primaryimage"},"thumbnailUrl":"https:\/\/lotostoreco.com\/wp-content\/uploads\/2024\/03\/Captura-de-pantalla-2025-12-05-172033.png","datePublished":"2024-03-11T19:32:43+00:00","dateModified":"2025-12-05T22:26:34+00:00","breadcrumb":{"@id":"https:\/\/lotostoreco.com\/index.php\/producto\/silla-comedor-para-bebe-3-en-1-portatil-varias-alturas\/#breadcrumb"},"inLanguage":"es-CO","potentialAction":[{"@type":"ReadAction","target":["https:\/\/lotostoreco.com\/index.php\/producto\/silla-comedor-para-bebe-3-en-1-portatil-varias-alturas\/"]}]},{"@type":"ImageObject","inLanguage":"es-CO","@id":"https:\/\/lotostoreco.com\/index.php\/producto\/silla-comedor-para-bebe-3-en-1-portatil-varias-alturas\/#primaryimage","url":"https:\/\/lotostoreco.com\/wp-content\/uploads\/2024\/03\/Captura-de-pantalla-2025-12-05-172033.png","contentUrl":"https:\/\/lotostoreco.com\/wp-content\/uploads\/2024\/03\/Captura-de-pantalla-2025-12-05-172033.png","width":676,"height":635},{"@type":"BreadcrumbList","@id":"https:\/\/lotostoreco.com\/index.php\/producto\/silla-comedor-para-bebe-3-en-1-portatil-varias-alturas\/#breadcrumb","itemListElement":[{"@type":"ListItem","position":1,"name":"Inicio","item":"https:\/\/lotostoreco.com\/"},{"@type":"ListItem","position":2,"name":"Tienda","item":"https:\/\/lotostoreco.com\/index.php\/shop\/"},{"@type":"ListItem","position":3,"name":"Silla Comedor Para Bebe 3 En 1 Port\u00e1til Varias Alturas"}]},{"@type":"WebSite","@id":"https:\/\/lotostoreco.com\/#website","url":"https:\/\/lotostoreco.com\/","name":"Loto Store","description":"Todo lo que te gusta a un solo click","publisher":{"@id":"https:\/\/lotostoreco.com\/#organization"},"potentialAction":[{"@type":"SearchAction","target":{"@type":"EntryPoint","urlTemplate":"https:\/\/lotostoreco.com\/?s={search_term_string}"},"query-input":{"@type":"PropertyValueSpecification","valueRequired":true,"valueName":"search_term_string"}}],"inLanguage":"es-CO"},{"@type":"Organization","@id":"https:\/\/lotostoreco.com\/#organization","name":"Loto Store","url":"https:\/\/lotostoreco.com\/","logo":{"@type":"ImageObject","inLanguage":"es-CO","@id":"https:\/\/lotostoreco.com\/#\/schema\/logo\/image\/","url":"https:\/\/lotostoreco.com\/wp-content\/uploads\/2023\/10\/Logo-sin-fondo.png","contentUrl":"https:\/\/lotostoreco.com\/wp-content\/uploads\/2023\/10\/Logo-sin-fondo.png","width":500,"height":500,"caption":"Loto Store"},"image":{"@id":"https:\/\/lotostoreco.com\/#\/schema\/logo\/image\/"}}]}},"jetpack_sharing_enabled":true,"_links":{"self":[{"href":"https:\/\/lotostoreco.com\/index.php\/wp-json\/wp\/v2\/product\/2253","targetHints":{"allow":["GET"]}}],"collection":[{"href":"https:\/\/lotostoreco.com\/index.php\/wp-json\/wp\/v2\/product"}],"about":[{"href":"https:\/\/lotostoreco.com\/index.php\/wp-json\/wp\/v2\/types\/product"}],"replies":[{"embeddable":true,"href":"https:\/\/lotostoreco.com\/index.php\/wp-json\/wp\/v2\/comments?post=2253"}],"version-history":[{"count":1,"href":"https:\/\/lotostoreco.com\/index.php\/wp-json\/wp\/v2\/product\/2253\/revisions"}],"predecessor-version":[{"id":2263,"href":"https:\/\/lotostoreco.com\/index.php\/wp-json\/wp\/v2\/product\/2253\/revisions\/2263"}],"wp:featuredmedia":[{"embeddable":true,"href":"https:\/\/lotostoreco.com\/index.php\/wp-json\/wp\/v2\/media\/4576"}],"wp:attachment":[{"href":"https:\/\/lotostoreco.com\/index.php\/wp-json\/wp\/v2\/media?parent=2253"}],"wp:term":[{"taxonomy":"product_brand","embeddable":true,"href":"https:\/\/lotostoreco.com\/index.php\/wp-json\/wp\/v2\/product_brand?post=2253"},{"taxonomy":"product_cat","embeddable":true,"href":"https:\/\/lotostoreco.com\/index.php\/wp-json\/wp\/v2\/product_cat?post=2253"},{"taxonomy":"product_tag","embeddable":true,"href":"https:\/\/lotostoreco.com\/index.php\/wp-json\/wp\/v2\/product_tag?post=2253"}],"curies":[{"name":"wp","href":"https:\/\/api.w.org\/{rel}","templated":true}]}}