{"id":2009,"date":"2024-02-29T17:45:27","date_gmt":"2024-02-29T22:45:27","guid":{"rendered":"https:\/\/lotostoreco.com\/?post_type=product&#038;p=2009"},"modified":"2025-02-12T12:56:18","modified_gmt":"2025-02-12T17:56:18","slug":"portacomidas-3-niveles-lonchera-cubiertos-recipientes","status":"publish","type":"product","link":"https:\/\/lotostoreco.com\/index.php\/producto\/portacomidas-3-niveles-lonchera-cubiertos-recipientes\/","title":{"rendered":"Portacomidas 3 Niveles Lonchera Cubiertos Recipientes"},"content":{"rendered":"<p>Porta alimentos con 3 recipientes, apta para poner en el microondas y complementado con 2 pr\u00e1cticos cubiertos que se guardan en la cubierta que separa el primer del segundo nivel.<\/p>\n<p>Recomendado para alimentos s\u00f3lidos.<\/p>\n<p>Caracter\u00edsticas:<\/p>\n<p>Material: PP (libre de BPA)<br \/>\nCapacidad: 1500 ml<br \/>\nTama\u00f1o: Ancho 10,5 cm \/Largo 18 cm\/Alto 11 cm<br \/>\nN\u00famero de Compartimientos: 3<br \/>\nEstilo: Coreano Kawaii<br \/>\nForma: rectangular<\/p>\n","protected":false},"excerpt":{"rendered":"<p>Porta alimentos con 3 recipientes, apta para poner en el microondas y complementado con 2 pr\u00e1cticos cubiertos que se guardan en la cubierta que separa el primer del segundo nivel. Recomendado para alimentos s\u00f3lidos. Caracter\u00edsticas: Material: PP (libre de BPA) Capacidad: 1500 ml Tama\u00f1o: Ancho 10,5 cm \/Largo 18 cm\/Alto 11 cm N\u00famero de Compartimientos:&#8230;<\/p>\n","protected":false},"featured_media":2014,"comment_status":"open","ping_status":"closed","template":"","meta":{"_kadence_starter_templates_imported_post":false,"_kad_post_transparent":"default","_kad_post_title":"","_kad_post_layout":"default","_kad_post_sidebar_id":"","_kad_post_content_style":"default","_kad_post_vertical_padding":"default","_kad_post_feature":"","_kad_post_feature_position":"","_kad_post_header":false,"_kad_post_footer":false,"_kad_post_classname":"","_joinchat":[]},"product_brand":[],"product_cat":[66,93,111],"product_tag":[],"class_list":{"0":"post-2009","1":"product","2":"type-product","3":"status-publish","4":"has-post-thumbnail","6":"product_cat-botilitos-termos-y-loncheras","7":"product_cat-oficina-escolar","8":"product_cat-toda-la-tienda","10":"first","11":"instock","12":"sale","13":"shipping-taxable","14":"purchasable","15":"product-type-variable","16":"entry","17":"content-bg","18":"loop-entry"},"yoast_head":"<!-- This site is optimized with the Yoast SEO plugin v27.4 - https:\/\/yoast.com\/product\/yoast-seo-wordpress\/ -->\n<title>Portacomidas 3 Niveles Lonchera Cubiertos Recipientes - Loto Store<\/title>\n<meta name=\"robots\" content=\"index, follow, max-snippet:-1, max-image-preview:large, max-video-preview:-1\" \/>\n<link rel=\"canonical\" href=\"https:\/\/lotostoreco.com\/index.php\/producto\/portacomidas-3-niveles-lonchera-cubiertos-recipientes\/\" \/>\n<meta property=\"og:locale\" content=\"es_ES\" \/>\n<meta property=\"og:type\" content=\"article\" \/>\n<meta property=\"og:title\" content=\"Portacomidas 3 Niveles Lonchera Cubiertos Recipientes - Loto Store\" \/>\n<meta property=\"og:description\" content=\"Porta alimentos con 3 recipientes, apta para poner en el microondas y complementado con 2 pr\u00e1cticos cubiertos que se guardan en la cubierta que separa el primer del segundo nivel. Recomendado para alimentos s\u00f3lidos. Caracter\u00edsticas: Material: PP (libre de BPA) Capacidad: 1500 ml Tama\u00f1o: Ancho 10,5 cm \/Largo 18 cm\/Alto 11 cm N\u00famero de Compartimientos:...\" \/>\n<meta property=\"og:url\" content=\"https:\/\/lotostoreco.com\/index.php\/producto\/portacomidas-3-niveles-lonchera-cubiertos-recipientes\/\" \/>\n<meta property=\"og:site_name\" content=\"Loto Store\" \/>\n<meta property=\"article:modified_time\" content=\"2025-02-12T17:56:18+00:00\" \/>\n<meta property=\"og:image\" content=\"https:\/\/lotostoreco.com\/wp-content\/uploads\/2024\/02\/main-image-4.webp\" \/>\n\t<meta property=\"og:image:width\" content=\"800\" \/>\n\t<meta property=\"og:image:height\" content=\"800\" \/>\n\t<meta property=\"og:image:type\" content=\"image\/webp\" \/>\n<meta name=\"twitter:card\" content=\"summary_large_image\" \/>\n<meta name=\"twitter:label1\" content=\"Tiempo de lectura\" \/>\n\t<meta name=\"twitter:data1\" content=\"1 minuto\" \/>\n<script type=\"application\/ld+json\" class=\"yoast-schema-graph\">{\"@context\":\"https:\\\/\\\/schema.org\",\"@graph\":[{\"@type\":\"WebPage\",\"@id\":\"https:\\\/\\\/lotostoreco.com\\\/index.php\\\/producto\\\/portacomidas-3-niveles-lonchera-cubiertos-recipientes\\\/\",\"url\":\"https:\\\/\\\/lotostoreco.com\\\/index.php\\\/producto\\\/portacomidas-3-niveles-lonchera-cubiertos-recipientes\\\/\",\"name\":\"Portacomidas 3 Niveles Lonchera Cubiertos Recipientes - Loto Store\",\"isPartOf\":{\"@id\":\"https:\\\/\\\/lotostoreco.com\\\/#website\"},\"primaryImageOfPage\":{\"@id\":\"https:\\\/\\\/lotostoreco.com\\\/index.php\\\/producto\\\/portacomidas-3-niveles-lonchera-cubiertos-recipientes\\\/#primaryimage\"},\"image\":{\"@id\":\"https:\\\/\\\/lotostoreco.com\\\/index.php\\\/producto\\\/portacomidas-3-niveles-lonchera-cubiertos-recipientes\\\/#primaryimage\"},\"thumbnailUrl\":\"https:\\\/\\\/lotostoreco.com\\\/wp-content\\\/uploads\\\/2024\\\/02\\\/main-image-4.webp\",\"datePublished\":\"2024-02-29T22:45:27+00:00\",\"dateModified\":\"2025-02-12T17:56:18+00:00\",\"breadcrumb\":{\"@id\":\"https:\\\/\\\/lotostoreco.com\\\/index.php\\\/producto\\\/portacomidas-3-niveles-lonchera-cubiertos-recipientes\\\/#breadcrumb\"},\"inLanguage\":\"es-CO\",\"potentialAction\":[{\"@type\":\"ReadAction\",\"target\":[\"https:\\\/\\\/lotostoreco.com\\\/index.php\\\/producto\\\/portacomidas-3-niveles-lonchera-cubiertos-recipientes\\\/\"]}]},{\"@type\":\"ImageObject\",\"inLanguage\":\"es-CO\",\"@id\":\"https:\\\/\\\/lotostoreco.com\\\/index.php\\\/producto\\\/portacomidas-3-niveles-lonchera-cubiertos-recipientes\\\/#primaryimage\",\"url\":\"https:\\\/\\\/lotostoreco.com\\\/wp-content\\\/uploads\\\/2024\\\/02\\\/main-image-4.webp\",\"contentUrl\":\"https:\\\/\\\/lotostoreco.com\\\/wp-content\\\/uploads\\\/2024\\\/02\\\/main-image-4.webp\",\"width\":800,\"height\":800},{\"@type\":\"BreadcrumbList\",\"@id\":\"https:\\\/\\\/lotostoreco.com\\\/index.php\\\/producto\\\/portacomidas-3-niveles-lonchera-cubiertos-recipientes\\\/#breadcrumb\",\"itemListElement\":[{\"@type\":\"ListItem\",\"position\":1,\"name\":\"Inicio\",\"item\":\"https:\\\/\\\/lotostoreco.com\\\/\"},{\"@type\":\"ListItem\",\"position\":2,\"name\":\"Tienda\",\"item\":\"https:\\\/\\\/lotostoreco.com\\\/index.php\\\/shop\\\/\"},{\"@type\":\"ListItem\",\"position\":3,\"name\":\"Portacomidas 3 Niveles Lonchera Cubiertos Recipientes\"}]},{\"@type\":\"WebSite\",\"@id\":\"https:\\\/\\\/lotostoreco.com\\\/#website\",\"url\":\"https:\\\/\\\/lotostoreco.com\\\/\",\"name\":\"Loto Store\",\"description\":\"Todo lo que te gusta a un solo click\",\"publisher\":{\"@id\":\"https:\\\/\\\/lotostoreco.com\\\/#organization\"},\"potentialAction\":[{\"@type\":\"SearchAction\",\"target\":{\"@type\":\"EntryPoint\",\"urlTemplate\":\"https:\\\/\\\/lotostoreco.com\\\/?s={search_term_string}\"},\"query-input\":{\"@type\":\"PropertyValueSpecification\",\"valueRequired\":true,\"valueName\":\"search_term_string\"}}],\"inLanguage\":\"es-CO\"},{\"@type\":\"Organization\",\"@id\":\"https:\\\/\\\/lotostoreco.com\\\/#organization\",\"name\":\"Loto Store\",\"url\":\"https:\\\/\\\/lotostoreco.com\\\/\",\"logo\":{\"@type\":\"ImageObject\",\"inLanguage\":\"es-CO\",\"@id\":\"https:\\\/\\\/lotostoreco.com\\\/#\\\/schema\\\/logo\\\/image\\\/\",\"url\":\"https:\\\/\\\/lotostoreco.com\\\/wp-content\\\/uploads\\\/2023\\\/10\\\/Logo-sin-fondo.png\",\"contentUrl\":\"https:\\\/\\\/lotostoreco.com\\\/wp-content\\\/uploads\\\/2023\\\/10\\\/Logo-sin-fondo.png\",\"width\":500,\"height\":500,\"caption\":\"Loto Store\"},\"image\":{\"@id\":\"https:\\\/\\\/lotostoreco.com\\\/#\\\/schema\\\/logo\\\/image\\\/\"}}]}<\/script>\n<!-- \/ Yoast SEO plugin. -->","yoast_head_json":{"title":"Portacomidas 3 Niveles Lonchera Cubiertos Recipientes - Loto Store","robots":{"index":"index","follow":"follow","max-snippet":"max-snippet:-1","max-image-preview":"max-image-preview:large","max-video-preview":"max-video-preview:-1"},"canonical":"https:\/\/lotostoreco.com\/index.php\/producto\/portacomidas-3-niveles-lonchera-cubiertos-recipientes\/","og_locale":"es_ES","og_type":"article","og_title":"Portacomidas 3 Niveles Lonchera Cubiertos Recipientes - Loto Store","og_description":"Porta alimentos con 3 recipientes, apta para poner en el microondas y complementado con 2 pr\u00e1cticos cubiertos que se guardan en la cubierta que separa el primer del segundo nivel. Recomendado para alimentos s\u00f3lidos. Caracter\u00edsticas: Material: PP (libre de BPA) Capacidad: 1500 ml Tama\u00f1o: Ancho 10,5 cm \/Largo 18 cm\/Alto 11 cm N\u00famero de Compartimientos:...","og_url":"https:\/\/lotostoreco.com\/index.php\/producto\/portacomidas-3-niveles-lonchera-cubiertos-recipientes\/","og_site_name":"Loto Store","article_modified_time":"2025-02-12T17:56:18+00:00","og_image":[{"width":800,"height":800,"url":"https:\/\/lotostoreco.com\/wp-content\/uploads\/2024\/02\/main-image-4.webp","type":"image\/webp"}],"twitter_card":"summary_large_image","twitter_misc":{"Tiempo de lectura":"1 minuto"},"schema":{"@context":"https:\/\/schema.org","@graph":[{"@type":"WebPage","@id":"https:\/\/lotostoreco.com\/index.php\/producto\/portacomidas-3-niveles-lonchera-cubiertos-recipientes\/","url":"https:\/\/lotostoreco.com\/index.php\/producto\/portacomidas-3-niveles-lonchera-cubiertos-recipientes\/","name":"Portacomidas 3 Niveles Lonchera Cubiertos Recipientes - Loto Store","isPartOf":{"@id":"https:\/\/lotostoreco.com\/#website"},"primaryImageOfPage":{"@id":"https:\/\/lotostoreco.com\/index.php\/producto\/portacomidas-3-niveles-lonchera-cubiertos-recipientes\/#primaryimage"},"image":{"@id":"https:\/\/lotostoreco.com\/index.php\/producto\/portacomidas-3-niveles-lonchera-cubiertos-recipientes\/#primaryimage"},"thumbnailUrl":"https:\/\/lotostoreco.com\/wp-content\/uploads\/2024\/02\/main-image-4.webp","datePublished":"2024-02-29T22:45:27+00:00","dateModified":"2025-02-12T17:56:18+00:00","breadcrumb":{"@id":"https:\/\/lotostoreco.com\/index.php\/producto\/portacomidas-3-niveles-lonchera-cubiertos-recipientes\/#breadcrumb"},"inLanguage":"es-CO","potentialAction":[{"@type":"ReadAction","target":["https:\/\/lotostoreco.com\/index.php\/producto\/portacomidas-3-niveles-lonchera-cubiertos-recipientes\/"]}]},{"@type":"ImageObject","inLanguage":"es-CO","@id":"https:\/\/lotostoreco.com\/index.php\/producto\/portacomidas-3-niveles-lonchera-cubiertos-recipientes\/#primaryimage","url":"https:\/\/lotostoreco.com\/wp-content\/uploads\/2024\/02\/main-image-4.webp","contentUrl":"https:\/\/lotostoreco.com\/wp-content\/uploads\/2024\/02\/main-image-4.webp","width":800,"height":800},{"@type":"BreadcrumbList","@id":"https:\/\/lotostoreco.com\/index.php\/producto\/portacomidas-3-niveles-lonchera-cubiertos-recipientes\/#breadcrumb","itemListElement":[{"@type":"ListItem","position":1,"name":"Inicio","item":"https:\/\/lotostoreco.com\/"},{"@type":"ListItem","position":2,"name":"Tienda","item":"https:\/\/lotostoreco.com\/index.php\/shop\/"},{"@type":"ListItem","position":3,"name":"Portacomidas 3 Niveles Lonchera Cubiertos Recipientes"}]},{"@type":"WebSite","@id":"https:\/\/lotostoreco.com\/#website","url":"https:\/\/lotostoreco.com\/","name":"Loto Store","description":"Todo lo que te gusta a un solo click","publisher":{"@id":"https:\/\/lotostoreco.com\/#organization"},"potentialAction":[{"@type":"SearchAction","target":{"@type":"EntryPoint","urlTemplate":"https:\/\/lotostoreco.com\/?s={search_term_string}"},"query-input":{"@type":"PropertyValueSpecification","valueRequired":true,"valueName":"search_term_string"}}],"inLanguage":"es-CO"},{"@type":"Organization","@id":"https:\/\/lotostoreco.com\/#organization","name":"Loto Store","url":"https:\/\/lotostoreco.com\/","logo":{"@type":"ImageObject","inLanguage":"es-CO","@id":"https:\/\/lotostoreco.com\/#\/schema\/logo\/image\/","url":"https:\/\/lotostoreco.com\/wp-content\/uploads\/2023\/10\/Logo-sin-fondo.png","contentUrl":"https:\/\/lotostoreco.com\/wp-content\/uploads\/2023\/10\/Logo-sin-fondo.png","width":500,"height":500,"caption":"Loto Store"},"image":{"@id":"https:\/\/lotostoreco.com\/#\/schema\/logo\/image\/"}}]}},"jetpack_sharing_enabled":true,"_links":{"self":[{"href":"https:\/\/lotostoreco.com\/index.php\/wp-json\/wp\/v2\/product\/2009","targetHints":{"allow":["GET"]}}],"collection":[{"href":"https:\/\/lotostoreco.com\/index.php\/wp-json\/wp\/v2\/product"}],"about":[{"href":"https:\/\/lotostoreco.com\/index.php\/wp-json\/wp\/v2\/types\/product"}],"replies":[{"embeddable":true,"href":"https:\/\/lotostoreco.com\/index.php\/wp-json\/wp\/v2\/comments?post=2009"}],"version-history":[{"count":1,"href":"https:\/\/lotostoreco.com\/index.php\/wp-json\/wp\/v2\/product\/2009\/revisions"}],"predecessor-version":[{"id":2017,"href":"https:\/\/lotostoreco.com\/index.php\/wp-json\/wp\/v2\/product\/2009\/revisions\/2017"}],"wp:featuredmedia":[{"embeddable":true,"href":"https:\/\/lotostoreco.com\/index.php\/wp-json\/wp\/v2\/media\/2014"}],"wp:attachment":[{"href":"https:\/\/lotostoreco.com\/index.php\/wp-json\/wp\/v2\/media?parent=2009"}],"wp:term":[{"taxonomy":"product_brand","embeddable":true,"href":"https:\/\/lotostoreco.com\/index.php\/wp-json\/wp\/v2\/product_brand?post=2009"},{"taxonomy":"product_cat","embeddable":true,"href":"https:\/\/lotostoreco.com\/index.php\/wp-json\/wp\/v2\/product_cat?post=2009"},{"taxonomy":"product_tag","embeddable":true,"href":"https:\/\/lotostoreco.com\/index.php\/wp-json\/wp\/v2\/product_tag?post=2009"}],"curies":[{"name":"wp","href":"https:\/\/api.w.org\/{rel}","templated":true}]}}