{"id":1834,"date":"2023-11-20T18:10:09","date_gmt":"2023-11-20T23:10:09","guid":{"rendered":"https:\/\/lotostoreco.com\/?post_type=product&#038;p=1834"},"modified":"2025-11-27T08:59:36","modified_gmt":"2025-11-27T13:59:36","slug":"set-alimentacion-en-silicona-plato-con-tapa","status":"publish","type":"product","link":"https:\/\/lotostoreco.com\/index.php\/producto\/set-alimentacion-en-silicona-plato-con-tapa\/","title":{"rendered":"Set alimentaci\u00f3n en silicona, plato con tapa"},"content":{"rendered":"<p>Set alimentaci\u00f3n complementaria para beb\u00e9: babero de silicona ajustable de limpieza f\u00e1cil, plato con tapa, bowl de succi\u00f3n, vaso pitillo, cubiertos suaves<\/p>\n<p>CARACTERISTICAS<\/p>\n<p>&#8211; Libre de BPA<br \/>\n&#8211; Libre PVC<br \/>\n&#8211; F\u00e1cil lavado<br \/>\n&#8211; 100% seguro para \u00e9l bebe<br \/>\n&#8211; Alimentaci\u00f3n segura<\/p>\n<p>CONTENIDO<\/p>\n<p>1 Babero<br \/>\n1 Plato Hondo (bowl)<br \/>\n1 Plato con compartimientos<br \/>\n1 Tapa<br \/>\n1 Vaso Pitillo<br \/>\n1 Tenedor<br \/>\n1 Cuchara<\/p>\n","protected":false},"excerpt":{"rendered":"<p>Un kit de vajilla de <strong data-start=\"155\" data-end=\"179\">7 piezas en silicona<\/strong> pensado para acompa\u00f1ar cada comida del beb\u00e9: suave, segura, libre de BPA y con tapa para conservar mejor los alimentos. Apto para microondas y f\u00e1cil de lavar, ideal para los primeros pasos en la alimentaci\u00f3n. \ud83c\udf7d\ufe0f\ud83c\udf3f<\/p>\n","protected":false},"featured_media":4450,"comment_status":"open","ping_status":"closed","template":"","meta":{"_kadence_starter_templates_imported_post":false,"_kad_post_transparent":"default","_kad_post_title":"","_kad_post_layout":"default","_kad_post_sidebar_id":"","_kad_post_content_style":"default","_kad_post_vertical_padding":"default","_kad_post_feature":"","_kad_post_feature_position":"","_kad_post_header":false,"_kad_post_footer":false,"_kad_post_classname":"","_joinchat":[]},"product_brand":[],"product_cat":[28,111],"product_tag":[266,262,260,239,261,265,264,267,259,263],"class_list":{"0":"post-1834","1":"product","2":"type-product","3":"status-publish","4":"has-post-thumbnail","6":"product_cat-bebes","7":"product_cat-toda-la-tienda","8":"product_tag-alimentacion-temprana-bebe","9":"product_tag-bowl-silicona-bebe","10":"product_tag-kit-alimentacion-bebe","11":"product_tag-panalera-3-en-1","12":"product_tag-plato-silicona-bebe","13":"product_tag-set-comedor-bebe","14":"product_tag-utensilios-bebe","15":"product_tag-utensilios-comida-bebe","16":"product_tag-vajilla-bebe-silicona","17":"product_tag-vajilla-sin-bpa","19":"first","20":"instock","21":"sale","22":"shipping-taxable","23":"purchasable","24":"product-type-simple","25":"entry","26":"content-bg","27":"loop-entry"},"yoast_head":"<!-- This site is optimized with the Yoast SEO plugin v27.4 - https:\/\/yoast.com\/product\/yoast-seo-wordpress\/ -->\n<title>Set alimentaci\u00f3n en silicona, plato con tapa - Loto Store<\/title>\n<meta name=\"description\" content=\"Un kit de vajilla de 7 piezas en silicona pensado para acompa\u00f1ar cada comida del beb\u00e9: suave, segura y cn tapa para una mejor conservaci\u00f3n.\" \/>\n<meta name=\"robots\" content=\"index, follow, max-snippet:-1, max-image-preview:large, max-video-preview:-1\" \/>\n<link rel=\"canonical\" href=\"https:\/\/lotostoreco.com\/index.php\/producto\/set-alimentacion-en-silicona-plato-con-tapa\/\" \/>\n<meta property=\"og:locale\" content=\"es_ES\" \/>\n<meta property=\"og:type\" content=\"article\" \/>\n<meta property=\"og:title\" content=\"Set alimentaci\u00f3n en silicona, plato con tapa - Loto Store\" \/>\n<meta property=\"og:description\" content=\"Un kit de vajilla de 7 piezas en silicona pensado para acompa\u00f1ar cada comida del beb\u00e9: suave, segura y cn tapa para una mejor conservaci\u00f3n.\" \/>\n<meta property=\"og:url\" content=\"https:\/\/lotostoreco.com\/index.php\/producto\/set-alimentacion-en-silicona-plato-con-tapa\/\" \/>\n<meta property=\"og:site_name\" content=\"Loto Store\" \/>\n<meta property=\"article:modified_time\" content=\"2025-11-27T13:59:36+00:00\" \/>\n<meta property=\"og:image\" content=\"https:\/\/lotostoreco.com\/wp-content\/uploads\/2023\/11\/Captura-de-pantalla-2025-11-27-084831.png\" \/>\n\t<meta property=\"og:image:width\" content=\"625\" \/>\n\t<meta property=\"og:image:height\" content=\"623\" \/>\n\t<meta property=\"og:image:type\" content=\"image\/png\" \/>\n<meta name=\"twitter:card\" content=\"summary_large_image\" \/>\n<meta name=\"twitter:label1\" content=\"Tiempo de lectura\" \/>\n\t<meta name=\"twitter:data1\" content=\"1 minuto\" \/>\n<script type=\"application\/ld+json\" class=\"yoast-schema-graph\">{\"@context\":\"https:\\\/\\\/schema.org\",\"@graph\":[{\"@type\":\"WebPage\",\"@id\":\"https:\\\/\\\/lotostoreco.com\\\/index.php\\\/producto\\\/set-alimentacion-en-silicona-plato-con-tapa\\\/\",\"url\":\"https:\\\/\\\/lotostoreco.com\\\/index.php\\\/producto\\\/set-alimentacion-en-silicona-plato-con-tapa\\\/\",\"name\":\"Set alimentaci\u00f3n en silicona, plato con tapa - Loto Store\",\"isPartOf\":{\"@id\":\"https:\\\/\\\/lotostoreco.com\\\/#website\"},\"primaryImageOfPage\":{\"@id\":\"https:\\\/\\\/lotostoreco.com\\\/index.php\\\/producto\\\/set-alimentacion-en-silicona-plato-con-tapa\\\/#primaryimage\"},\"image\":{\"@id\":\"https:\\\/\\\/lotostoreco.com\\\/index.php\\\/producto\\\/set-alimentacion-en-silicona-plato-con-tapa\\\/#primaryimage\"},\"thumbnailUrl\":\"https:\\\/\\\/lotostoreco.com\\\/wp-content\\\/uploads\\\/2023\\\/11\\\/Captura-de-pantalla-2025-11-27-084831.png\",\"datePublished\":\"2023-11-20T23:10:09+00:00\",\"dateModified\":\"2025-11-27T13:59:36+00:00\",\"description\":\"Un kit de vajilla de 7 piezas en silicona pensado para acompa\u00f1ar cada comida del beb\u00e9: suave, segura y cn tapa para una mejor conservaci\u00f3n.\",\"breadcrumb\":{\"@id\":\"https:\\\/\\\/lotostoreco.com\\\/index.php\\\/producto\\\/set-alimentacion-en-silicona-plato-con-tapa\\\/#breadcrumb\"},\"inLanguage\":\"es-CO\",\"potentialAction\":[{\"@type\":\"ReadAction\",\"target\":[\"https:\\\/\\\/lotostoreco.com\\\/index.php\\\/producto\\\/set-alimentacion-en-silicona-plato-con-tapa\\\/\"]}]},{\"@type\":\"ImageObject\",\"inLanguage\":\"es-CO\",\"@id\":\"https:\\\/\\\/lotostoreco.com\\\/index.php\\\/producto\\\/set-alimentacion-en-silicona-plato-con-tapa\\\/#primaryimage\",\"url\":\"https:\\\/\\\/lotostoreco.com\\\/wp-content\\\/uploads\\\/2023\\\/11\\\/Captura-de-pantalla-2025-11-27-084831.png\",\"contentUrl\":\"https:\\\/\\\/lotostoreco.com\\\/wp-content\\\/uploads\\\/2023\\\/11\\\/Captura-de-pantalla-2025-11-27-084831.png\",\"width\":625,\"height\":623},{\"@type\":\"BreadcrumbList\",\"@id\":\"https:\\\/\\\/lotostoreco.com\\\/index.php\\\/producto\\\/set-alimentacion-en-silicona-plato-con-tapa\\\/#breadcrumb\",\"itemListElement\":[{\"@type\":\"ListItem\",\"position\":1,\"name\":\"Inicio\",\"item\":\"https:\\\/\\\/lotostoreco.com\\\/\"},{\"@type\":\"ListItem\",\"position\":2,\"name\":\"Tienda\",\"item\":\"https:\\\/\\\/lotostoreco.com\\\/index.php\\\/shop\\\/\"},{\"@type\":\"ListItem\",\"position\":3,\"name\":\"Set alimentaci\u00f3n en silicona, plato con tapa\"}]},{\"@type\":\"WebSite\",\"@id\":\"https:\\\/\\\/lotostoreco.com\\\/#website\",\"url\":\"https:\\\/\\\/lotostoreco.com\\\/\",\"name\":\"Loto Store\",\"description\":\"Todo lo que te gusta a un solo click\",\"publisher\":{\"@id\":\"https:\\\/\\\/lotostoreco.com\\\/#organization\"},\"potentialAction\":[{\"@type\":\"SearchAction\",\"target\":{\"@type\":\"EntryPoint\",\"urlTemplate\":\"https:\\\/\\\/lotostoreco.com\\\/?s={search_term_string}\"},\"query-input\":{\"@type\":\"PropertyValueSpecification\",\"valueRequired\":true,\"valueName\":\"search_term_string\"}}],\"inLanguage\":\"es-CO\"},{\"@type\":\"Organization\",\"@id\":\"https:\\\/\\\/lotostoreco.com\\\/#organization\",\"name\":\"Loto Store\",\"url\":\"https:\\\/\\\/lotostoreco.com\\\/\",\"logo\":{\"@type\":\"ImageObject\",\"inLanguage\":\"es-CO\",\"@id\":\"https:\\\/\\\/lotostoreco.com\\\/#\\\/schema\\\/logo\\\/image\\\/\",\"url\":\"https:\\\/\\\/lotostoreco.com\\\/wp-content\\\/uploads\\\/2023\\\/10\\\/Logo-sin-fondo.png\",\"contentUrl\":\"https:\\\/\\\/lotostoreco.com\\\/wp-content\\\/uploads\\\/2023\\\/10\\\/Logo-sin-fondo.png\",\"width\":500,\"height\":500,\"caption\":\"Loto Store\"},\"image\":{\"@id\":\"https:\\\/\\\/lotostoreco.com\\\/#\\\/schema\\\/logo\\\/image\\\/\"}}]}<\/script>\n<!-- \/ Yoast SEO plugin. -->","yoast_head_json":{"title":"Set alimentaci\u00f3n en silicona, plato con tapa - Loto Store","description":"Un kit de vajilla de 7 piezas en silicona pensado para acompa\u00f1ar cada comida del beb\u00e9: suave, segura y cn tapa para una mejor conservaci\u00f3n.","robots":{"index":"index","follow":"follow","max-snippet":"max-snippet:-1","max-image-preview":"max-image-preview:large","max-video-preview":"max-video-preview:-1"},"canonical":"https:\/\/lotostoreco.com\/index.php\/producto\/set-alimentacion-en-silicona-plato-con-tapa\/","og_locale":"es_ES","og_type":"article","og_title":"Set alimentaci\u00f3n en silicona, plato con tapa - Loto Store","og_description":"Un kit de vajilla de 7 piezas en silicona pensado para acompa\u00f1ar cada comida del beb\u00e9: suave, segura y cn tapa para una mejor conservaci\u00f3n.","og_url":"https:\/\/lotostoreco.com\/index.php\/producto\/set-alimentacion-en-silicona-plato-con-tapa\/","og_site_name":"Loto Store","article_modified_time":"2025-11-27T13:59:36+00:00","og_image":[{"width":625,"height":623,"url":"https:\/\/lotostoreco.com\/wp-content\/uploads\/2023\/11\/Captura-de-pantalla-2025-11-27-084831.png","type":"image\/png"}],"twitter_card":"summary_large_image","twitter_misc":{"Tiempo de lectura":"1 minuto"},"schema":{"@context":"https:\/\/schema.org","@graph":[{"@type":"WebPage","@id":"https:\/\/lotostoreco.com\/index.php\/producto\/set-alimentacion-en-silicona-plato-con-tapa\/","url":"https:\/\/lotostoreco.com\/index.php\/producto\/set-alimentacion-en-silicona-plato-con-tapa\/","name":"Set alimentaci\u00f3n en silicona, plato con tapa - Loto Store","isPartOf":{"@id":"https:\/\/lotostoreco.com\/#website"},"primaryImageOfPage":{"@id":"https:\/\/lotostoreco.com\/index.php\/producto\/set-alimentacion-en-silicona-plato-con-tapa\/#primaryimage"},"image":{"@id":"https:\/\/lotostoreco.com\/index.php\/producto\/set-alimentacion-en-silicona-plato-con-tapa\/#primaryimage"},"thumbnailUrl":"https:\/\/lotostoreco.com\/wp-content\/uploads\/2023\/11\/Captura-de-pantalla-2025-11-27-084831.png","datePublished":"2023-11-20T23:10:09+00:00","dateModified":"2025-11-27T13:59:36+00:00","description":"Un kit de vajilla de 7 piezas en silicona pensado para acompa\u00f1ar cada comida del beb\u00e9: suave, segura y cn tapa para una mejor conservaci\u00f3n.","breadcrumb":{"@id":"https:\/\/lotostoreco.com\/index.php\/producto\/set-alimentacion-en-silicona-plato-con-tapa\/#breadcrumb"},"inLanguage":"es-CO","potentialAction":[{"@type":"ReadAction","target":["https:\/\/lotostoreco.com\/index.php\/producto\/set-alimentacion-en-silicona-plato-con-tapa\/"]}]},{"@type":"ImageObject","inLanguage":"es-CO","@id":"https:\/\/lotostoreco.com\/index.php\/producto\/set-alimentacion-en-silicona-plato-con-tapa\/#primaryimage","url":"https:\/\/lotostoreco.com\/wp-content\/uploads\/2023\/11\/Captura-de-pantalla-2025-11-27-084831.png","contentUrl":"https:\/\/lotostoreco.com\/wp-content\/uploads\/2023\/11\/Captura-de-pantalla-2025-11-27-084831.png","width":625,"height":623},{"@type":"BreadcrumbList","@id":"https:\/\/lotostoreco.com\/index.php\/producto\/set-alimentacion-en-silicona-plato-con-tapa\/#breadcrumb","itemListElement":[{"@type":"ListItem","position":1,"name":"Inicio","item":"https:\/\/lotostoreco.com\/"},{"@type":"ListItem","position":2,"name":"Tienda","item":"https:\/\/lotostoreco.com\/index.php\/shop\/"},{"@type":"ListItem","position":3,"name":"Set alimentaci\u00f3n en silicona, plato con tapa"}]},{"@type":"WebSite","@id":"https:\/\/lotostoreco.com\/#website","url":"https:\/\/lotostoreco.com\/","name":"Loto Store","description":"Todo lo que te gusta a un solo click","publisher":{"@id":"https:\/\/lotostoreco.com\/#organization"},"potentialAction":[{"@type":"SearchAction","target":{"@type":"EntryPoint","urlTemplate":"https:\/\/lotostoreco.com\/?s={search_term_string}"},"query-input":{"@type":"PropertyValueSpecification","valueRequired":true,"valueName":"search_term_string"}}],"inLanguage":"es-CO"},{"@type":"Organization","@id":"https:\/\/lotostoreco.com\/#organization","name":"Loto Store","url":"https:\/\/lotostoreco.com\/","logo":{"@type":"ImageObject","inLanguage":"es-CO","@id":"https:\/\/lotostoreco.com\/#\/schema\/logo\/image\/","url":"https:\/\/lotostoreco.com\/wp-content\/uploads\/2023\/10\/Logo-sin-fondo.png","contentUrl":"https:\/\/lotostoreco.com\/wp-content\/uploads\/2023\/10\/Logo-sin-fondo.png","width":500,"height":500,"caption":"Loto Store"},"image":{"@id":"https:\/\/lotostoreco.com\/#\/schema\/logo\/image\/"}}]}},"jetpack_sharing_enabled":true,"_links":{"self":[{"href":"https:\/\/lotostoreco.com\/index.php\/wp-json\/wp\/v2\/product\/1834","targetHints":{"allow":["GET"]}}],"collection":[{"href":"https:\/\/lotostoreco.com\/index.php\/wp-json\/wp\/v2\/product"}],"about":[{"href":"https:\/\/lotostoreco.com\/index.php\/wp-json\/wp\/v2\/types\/product"}],"replies":[{"embeddable":true,"href":"https:\/\/lotostoreco.com\/index.php\/wp-json\/wp\/v2\/comments?post=1834"}],"version-history":[{"count":3,"href":"https:\/\/lotostoreco.com\/index.php\/wp-json\/wp\/v2\/product\/1834\/revisions"}],"predecessor-version":[{"id":4452,"href":"https:\/\/lotostoreco.com\/index.php\/wp-json\/wp\/v2\/product\/1834\/revisions\/4452"}],"wp:featuredmedia":[{"embeddable":true,"href":"https:\/\/lotostoreco.com\/index.php\/wp-json\/wp\/v2\/media\/4450"}],"wp:attachment":[{"href":"https:\/\/lotostoreco.com\/index.php\/wp-json\/wp\/v2\/media?parent=1834"}],"wp:term":[{"taxonomy":"product_brand","embeddable":true,"href":"https:\/\/lotostoreco.com\/index.php\/wp-json\/wp\/v2\/product_brand?post=1834"},{"taxonomy":"product_cat","embeddable":true,"href":"https:\/\/lotostoreco.com\/index.php\/wp-json\/wp\/v2\/product_cat?post=1834"},{"taxonomy":"product_tag","embeddable":true,"href":"https:\/\/lotostoreco.com\/index.php\/wp-json\/wp\/v2\/product_tag?post=1834"}],"curies":[{"name":"wp","href":"https:\/\/api.w.org\/{rel}","templated":true}]}}